{"id":1059,"date":"2023-05-16T22:29:25","date_gmt":"2023-05-16T22:29:25","guid":{"rendered":"https:\/\/pilatesport.is\/index.php\/port-pilates-times-2\/"},"modified":"2024-10-15T10:10:25","modified_gmt":"2024-10-15T10:10:25","slug":"port-pilates-times-2","status":"publish","type":"page","link":"https:\/\/pilatesport.is\/en\/port-pilates-times-2\/","title":{"rendered":"Port Pilates Times"},"content":{"rendered":"<p>[et_pb_section fb_built=&#8221;1&#8243; admin_label=&#8221;Classes&#8221; _builder_version=&#8221;4.20.4&#8243; _module_preset=&#8221;default&#8221; background_color=&#8221;#e0dad5&#8243; da_disable_devices=&#8221;off|off|off&#8221; locked=&#8221;off&#8221; collapsed=&#8221;on&#8221; global_colors_info=&#8221;{}&#8221; da_is_popup=&#8221;off&#8221; da_exit_intent=&#8221;off&#8221; da_has_close=&#8221;on&#8221; da_alt_close=&#8221;off&#8221; da_dark_close=&#8221;off&#8221; da_not_modal=&#8221;on&#8221; da_is_singular=&#8221;off&#8221; da_with_loader=&#8221;off&#8221; da_has_shadow=&#8221;on&#8221;][et_pb_row column_structure=&#8221;1_2,1_2&#8243; _builder_version=&#8221;4.20.4&#8243; _module_preset=&#8221;default&#8221; custom_margin=&#8221;40px||||false|false&#8221; custom_padding=&#8221;3px|||||&#8221; global_colors_info=&#8221;{}&#8221;][et_pb_column type=&#8221;1_2&#8243; _builder_version=&#8221;4.20.4&#8243; _module_preset=&#8221;default&#8221; global_colors_info=&#8221;{}&#8221;][et_pb_blurb title=&#8221;Basic and Advanced Courses in Pilates &#8221; image=&#8221;https:\/\/pilatesport.is\/wp-content\/uploads\/2023\/08\/T2A2618-scaled.jpg&#8221; _builder_version=&#8221;4.20.4&#8243; _module_preset=&#8221;default&#8221; header_level=&#8221;h1&#8243; header_text_color=&#8221;#E09900&#8243; border_radii=&#8221;on|0px|0px|0px|0px&#8221; border_color_all=&#8221;RGBA(255,255,255,0)&#8221; border_color_top=&#8221;#E09900&#8243; global_colors_info=&#8221;{}&#8221;]<\/p>\n<div><strong><\/strong><\/div>\n<div><strong><\/strong><\/div>\n<div><strong><\/strong><\/div>\n<div>\n<div>\n<div>\n<p><strong>Upcoming Courses:<\/strong><\/p>\n<\/div>\n<div>\n<div>\n<div><\/div>\n<\/div>\n<\/div>\n<\/div>\n<div>\n<p><a href=\"https:\/\/www.abler.io\/shop\/pilatesport\/1\"><strong>BUY HERE<\/strong><\/a><\/p>\n<\/div>\n<p><strong> <\/strong><\/p>\n<\/div>\n<div>\n<div>\n<p><strong><a href=\"mailto:%20info@pilatesport.is\">For detailed information about our next Courses please send us a line:\u00a0<\/a><\/strong><\/p>\n<\/div>\n<p><strong><a href=\"mailto:%20info@pilatesport.is\"><span style=\"font-size: 14px;\"> <\/span><\/a><\/strong><\/p>\n<div>\n<div>\n<div>\n<p><span style=\"font-size: 14px;\">The basic course is taught 2 times a week for 4 weeks and is intended as preparation for the practitioner to attend other group classes in the timetable at Pilates Port.<\/span><\/p>\n<\/div>\n<\/div>\n<\/div>\n<\/div>\n<p><span>Work is done on mattresses and Wall\/Tower units, specially equipped pilates equipment.<\/span><\/p>\n<p><span>All basic exercises in the Pilates system will be reviewed as well as the underlying philosophy. Emphasis is placed on mid strength, stretching and proper posture.<\/span><\/p>\n<p><span>Pilates exercises contribute systematically to strengthening the body&#8217;s deep muscles, connecting muscle groups, and strengthening and increasing spine flexibility.<\/p>\n<p><strong><span style=\"font-size: 14px;\">Please contact\u00a0 us for further information ab out the Courses: <br \/><\/span><a href=\"mailto:%20info@pilatesport.is\" style=\"font-size: 14px;\">info@pilatesport.is<\/a><span style=\"font-size: 14px;\">\u00a0<\/span><\/strong><\/span><\/p>\n<p><span><strong><span style=\"font-size: 14px;\"> Sveinbj\u00f6rg gsm: 697-7140, Sirr\u00fd gsm 848-8723 and J\u00f3i 822-9089.<\/span><\/strong><br \/><\/span><\/p>\n<p>\u00a0<span style=\"font-size: 14px;\">\u00a0<\/span><\/p>\n<p><span> <\/span><\/p>\n<p><a href=\"https:\/\/www.sportabler.com\/shop\/pilatesport\"><\/a><\/p>\n<p>[\/et_pb_blurb][\/et_pb_column][et_pb_column type=&#8221;1_2&#8243; _builder_version=&#8221;4.20.4&#8243; _module_preset=&#8221;default&#8221; global_colors_info=&#8221;{}&#8221;][et_pb_blurb title=&#8221;Private lessons in Pilates  &#8221; image=&#8221;https:\/\/pilatesport.is\/wp-content\/uploads\/2023\/08\/T2A2576-scaled.jpg&#8221; _builder_version=&#8221;4.20.4&#8243; _module_preset=&#8221;default&#8221; header_level=&#8221;h1&#8243; header_text_color=&#8221;#E09900&#8243; custom_margin=&#8221;||3px|||&#8221; border_radii=&#8221;off||||&#8221; border_color_all=&#8221;RGBA(255,255,255,0)&#8221; border_color_top=&#8221;#E09900&#8243; global_colors_info=&#8221;{}&#8221;]<\/p>\n<div>\n<p><strong><br \/>10-hour card <\/strong><em>(valid for 6 months)<br \/><\/em><\/p>\n<p><strong>5-hour card <\/strong><em>(valid for 3 months)<\/em><\/p>\n<p><span>Individual classes are tailor-made to each practitioner&#8217;s needs and abilities. Note that each 10 swap card is valid for 6 months. Please contact <a href=\"mailto:%20info@pilatesport.is\">info@pilatesport.is<\/a> to schedule an appointment with the teacher.<\/span><\/p>\n<p>&nbsp;<\/p>\n<p><span style=\"font-size: x-large;\"><\/span><\/p>\n<div><\/div>\n<\/div>\n<div>\n<p><b><\/b><\/p>\n<\/div>\n<div><\/div>\n<p>[\/et_pb_blurb][et_pb_blurb title=&#8221;Duo Classes in Pilates&#8221; image=&#8221;https:\/\/pilatesport.is\/wp-content\/uploads\/2023\/08\/T2A3051-scaled.jpg&#8221; _builder_version=&#8221;4.20.4&#8243; _module_preset=&#8221;default&#8221; header_level=&#8221;h1&#8243; header_text_color=&#8221;#E09900&#8243; custom_padding=&#8221;||0px|||&#8221; border_radii=&#8221;off||||&#8221; border_color_all=&#8221;RGBA(255,255,255,0)&#8221; border_color_top=&#8221;#E09900&#8243; global_colors_info=&#8221;{}&#8221;]<\/p>\n<div>\n<p>In a duo class there are two practitioners simultaneously and the classes are tailor-made to the needs and abilities of the practitioners.<\/p>\n<p><strong>10-hour card <\/strong><em>(valid for 6 months)<\/em><br \/><a href=\"https:\/\/www.sportabler.com\/shop\/pilatesport\/1\/product\/Q2x1YlNlcnZpY2U6MTkxOTM=\"><strong><\/strong><\/a><strong>5-hour card <\/strong><em>(valid for 3 months)<\/em><br \/><a href=\"https:\/\/www.sportabler.com\/shop\/pilatesport\/1\/product\/Q2x1YlNlcnZpY2U6MTkxOTM=\"><strong><\/strong><\/a><\/p>\n<p><strong><span style=\"font-size: 14px;\">Please contact <\/span><a href=\"mailto:%20info@pilatesport.is\" style=\"font-size: 14px;\">us at info@pilatesport.is<\/a><span style=\"font-size: 14px;\"> to fix time with the teacher. Sveinbj\u00f6rg gsm: 697-7140, Sirr\u00fd gsm 848-8723 and J\u00f3i 822-9089.<\/span><\/strong><\/p>\n<div><\/div>\n<\/div>\n<div>\n<p><b><\/b><\/p>\n<\/div>\n<div><\/div>\n<p>[\/et_pb_blurb][\/et_pb_column][\/et_pb_row][\/et_pb_section]<\/p>\n","protected":false},"excerpt":{"rendered":"<p>Upcoming Courses: BUY HERE For detailed information about our next Courses please send us a line:\u00a0 The basic course is taught 2 times a week for 4 weeks and is intended as preparation for the practitioner to attend other group classes in the timetable at Pilates Port. Work is done on mattresses and Wall\/Tower units, [&hellip;]<\/p>\n","protected":false},"author":1,"featured_media":0,"parent":0,"menu_order":0,"comment_status":"closed","ping_status":"closed","template":"","meta":{"_et_pb_use_builder":"on","_et_pb_old_content":"","_et_gb_content_width":"","footnotes":""},"class_list":["post-1059","page","type-page","status-publish","hentry"],"_links":{"self":[{"href":"https:\/\/pilatesport.is\/en\/wp-json\/wp\/v2\/pages\/1059","targetHints":{"allow":["GET"]}}],"collection":[{"href":"https:\/\/pilatesport.is\/en\/wp-json\/wp\/v2\/pages"}],"about":[{"href":"https:\/\/pilatesport.is\/en\/wp-json\/wp\/v2\/types\/page"}],"author":[{"embeddable":true,"href":"https:\/\/pilatesport.is\/en\/wp-json\/wp\/v2\/users\/1"}],"replies":[{"embeddable":true,"href":"https:\/\/pilatesport.is\/en\/wp-json\/wp\/v2\/comments?post=1059"}],"version-history":[{"count":16,"href":"https:\/\/pilatesport.is\/en\/wp-json\/wp\/v2\/pages\/1059\/revisions"}],"predecessor-version":[{"id":2546,"href":"https:\/\/pilatesport.is\/en\/wp-json\/wp\/v2\/pages\/1059\/revisions\/2546"}],"wp:attachment":[{"href":"https:\/\/pilatesport.is\/en\/wp-json\/wp\/v2\/media?parent=1059"}],"curies":[{"name":"wp","href":"https:\/\/api.w.org\/{rel}","templated":true}]}}