{"id":1095,"date":"2023-04-11T17:43:56","date_gmt":"2023-04-11T17:43:56","guid":{"rendered":"https:\/\/pilatesport.is\/?page_id=1095"},"modified":"2024-10-15T09:57:06","modified_gmt":"2024-10-15T09:57:06","slug":"home","status":"publish","type":"page","link":"https:\/\/pilatesport.is\/en\/","title":{"rendered":"Home"},"content":{"rendered":"<p>[et_pb_section fb_built=&#8221;1&#8243; fullwidth=&#8221;on&#8221; _builder_version=&#8221;4.20.4&#8243; _module_preset=&#8221;default&#8221; background_image=&#8221;https:\/\/pilatesport.is\/wp-content\/uploads\/2023\/06\/IMG_1819.jpg&#8221; da_disable_devices=&#8221;off|off|off&#8221; global_colors_info=&#8221;{}&#8221; da_is_popup=&#8221;off&#8221; da_exit_intent=&#8221;off&#8221; da_has_close=&#8221;on&#8221; da_alt_close=&#8221;off&#8221; da_dark_close=&#8221;off&#8221; da_not_modal=&#8221;on&#8221; da_is_singular=&#8221;off&#8221; da_with_loader=&#8221;off&#8221; da_has_shadow=&#8221;on&#8221;][et_pb_fullwidth_slider _builder_version=&#8221;4.22.2&#8243; _dynamic_attributes=&#8221;link_option_url&#8221; _module_preset=&#8221;default&#8221; background_image=&#8221;https:\/\/pilatesport.is\/wp-content\/uploads\/2024\/05\/DSC05040.jpg&#8221; link_option_url=&#8221;@ET-DC@eyJkeW5hbWljIjp0cnVlLCJjb250ZW50IjoicG9zdF9saW5rX3VybF9wYWdlIiwic2V0dGluZ3MiOnsicG9zdF9pZCI6IjE1MyJ9fQ==@&#8221; global_colors_info=&#8221;{}&#8221;][et_pb_slide heading=&#8221;A new beginners and advanced courses in Pilates &#8221; button_text=&#8221;Register&#8221; button_link=&#8221;@ET-DC@eyJkeW5hbWljIjp0cnVlLCJjb250ZW50IjoicG9zdF9saW5rX3VybF9wYWdlIiwic2V0dGluZ3MiOnsicG9zdF9pZCI6IjE1MyJ9fQ==@&#8221; use_bg_overlay=&#8221;off&#8221; use_text_overlay=&#8221;on&#8221; _builder_version=&#8221;4.22.2&#8243; _dynamic_attributes=&#8221;button_link&#8221; _module_preset=&#8221;default&#8221; global_colors_info=&#8221;{}&#8221; sticky_transition=&#8221;on&#8221;][\/et_pb_slide][\/et_pb_fullwidth_slider][\/et_pb_section][et_pb_section fb_built=&#8221;1&#8243; _builder_version=&#8221;4.20.4&#8243; _module_preset=&#8221;default&#8221; background_color=&#8221;#eeeae3&#8243; da_disable_devices=&#8221;off|off|off&#8221; global_colors_info=&#8221;{}&#8221; da_is_popup=&#8221;off&#8221; da_exit_intent=&#8221;off&#8221; da_has_close=&#8221;on&#8221; da_alt_close=&#8221;off&#8221; da_dark_close=&#8221;off&#8221; da_not_modal=&#8221;on&#8221; da_is_singular=&#8221;off&#8221; da_with_loader=&#8221;off&#8221; da_has_shadow=&#8221;on&#8221;][et_pb_row column_structure=&#8221;3_5,2_5&#8243; _builder_version=&#8221;4.20.4&#8243; _module_preset=&#8221;default&#8221; global_colors_info=&#8221;{}&#8221;][et_pb_column type=&#8221;3_5&#8243; _builder_version=&#8221;4.20.4&#8243; _module_preset=&#8221;default&#8221; global_colors_info=&#8221;{}&#8221;][et_pb_image src=&#8221;https:\/\/pilatesport.is\/wp-content\/uploads\/2023\/08\/T2A3152-scaled.jpg&#8221; title_text=&#8221;Header image of the home page for Pilates Port&#8221; _builder_version=&#8221;4.20.4&#8243; _module_preset=&#8221;default&#8221; global_colors_info=&#8221;{}&#8221;][\/et_pb_image][\/et_pb_column][et_pb_column type=&#8221;2_5&#8243; _builder_version=&#8221;4.20.4&#8243; _module_preset=&#8221;default&#8221; global_colors_info=&#8221;{}&#8221;][et_pb_text _builder_version=&#8221;4.20.4&#8243; _module_preset=&#8221;default&#8221; inline_fonts=&#8221;Poppins&#8221; global_colors_info=&#8221;{}&#8221;]<\/p>\n<h3>Welcome to Pilates Port<\/h3>\n<p class=\"p1\">Pilates Port is a boutique Pilates studio in the heart of Reykjav\u00edk where we offer Pilates practice for everyone in a beautiful and warm environment. We focus on increasing mental well-being and provide a personal and professional service where each person is met on their terms. At Pilates Port, we offer classes for beginners and advanced players to suit everyone. The classes are taught by certified Pilates teachers, where exercises occur on mats and in specially designed Pilates equipment. The studio is at Skipholt 23, at the gate behind the so-called M\u00e1lmsteypuh\u00fas. There are good changing rooms for men and women with showers, towels and products from S\u00f3ley Organics.<\/p>\n<p class=\"p1\">We warmly welcome everyone to our beautiful Pilates Port studio.<\/p>\n<p class=\"p1\"><em>Greetings to J\u00f3i, Sveinbj\u00f6rg and Sirr\u00fd<br \/>\n<\/em><\/p>\n<p>[\/et_pb_text][\/et_pb_column][\/et_pb_row][\/et_pb_section][et_pb_section fb_built=&#8221;1&#8243; _builder_version=&#8221;4.20.4&#8243; _module_preset=&#8221;default&#8221; custom_padding=&#8221;||0px|||&#8221; da_disable_devices=&#8221;off|off|off&#8221; global_colors_info=&#8221;{}&#8221; da_is_popup=&#8221;off&#8221; da_exit_intent=&#8221;off&#8221; da_has_close=&#8221;on&#8221; da_alt_close=&#8221;off&#8221; da_dark_close=&#8221;off&#8221; da_not_modal=&#8221;on&#8221; da_is_singular=&#8221;off&#8221; da_with_loader=&#8221;off&#8221; da_has_shadow=&#8221;on&#8221;][et_pb_row _builder_version=&#8221;4.20.4&#8243; _module_preset=&#8221;default&#8221; global_colors_info=&#8221;{}&#8221;][et_pb_column type=&#8221;4_4&#8243; _builder_version=&#8221;4.20.4&#8243; _module_preset=&#8221;default&#8221; global_colors_info=&#8221;{}&#8221;][et_pb_text _builder_version=&#8221;4.20.4&#8243; _module_preset=&#8221;default&#8221; global_colors_info=&#8221;{}&#8221;]<\/p>\n<p><span style=\"font-size: x-large;\">A selection of courses and group classes for everyone &#8211; beginners and advanced<br \/><\/span><\/p>\n<p>&nbsp;<\/p>\n<p>[\/et_pb_text][\/et_pb_column][\/et_pb_row][\/et_pb_section][et_pb_section fb_built=&#8221;1&#8243; _builder_version=&#8221;4.20.4&#8243; _module_preset=&#8221;default&#8221; min_height=&#8221;902.4px&#8221; custom_padding=&#8221;||0px|||&#8221; da_disable_devices=&#8221;off|off|off&#8221; global_colors_info=&#8221;{}&#8221; da_is_popup=&#8221;off&#8221; da_exit_intent=&#8221;off&#8221; da_has_close=&#8221;on&#8221; da_alt_close=&#8221;off&#8221; da_dark_close=&#8221;off&#8221; da_not_modal=&#8221;on&#8221; da_is_singular=&#8221;off&#8221; da_with_loader=&#8221;off&#8221; da_has_shadow=&#8221;on&#8221;][et_pb_row column_structure=&#8221;1_3,1_3,1_3&#8243; _builder_version=&#8221;4.20.4&#8243; _module_preset=&#8221;default&#8221; min_height=&#8221;652.4px&#8221; custom_margin=&#8221;-36px|auto||auto||&#8221; custom_padding=&#8221;0px||0px|||&#8221; link_option_url=&#8221;https:\/\/www.sportabler.com\/shop\/pilatesport&#8221; global_colors_info=&#8221;{}&#8221;][et_pb_column type=&#8221;1_3&#8243; _builder_version=&#8221;4.20.4&#8243; _module_preset=&#8221;default&#8221; link_option_url=&#8221;https:\/\/www.sportabler.com\/shop\/pilatesport&#8221; global_colors_info=&#8221;{}&#8221;][et_pb_image src=&#8221;https:\/\/pilatesport.is\/wp-content\/uploads\/2023\/08\/T2A2333-scaled.jpg&#8221; title_text=&#8221;_T2A2333&#8243; _builder_version=&#8221;4.20.4&#8243; _module_preset=&#8221;default&#8221; custom_padding=&#8221;||0px|||&#8221; global_colors_info=&#8221;{}&#8221;][\/et_pb_image][et_pb_cta title=&#8221;BASIC COURSE&#8221; button_url=&#8221;https:\/\/www.sportabler.com\/shop\/pilatesport\/&#8221; button_text=&#8221;REGISTER&#8221; _builder_version=&#8221;4.20.4&#8243; _module_preset=&#8221;default&#8221; custom_margin=&#8221;-40px|||||&#8221; link_option_url=&#8221;https:\/\/www.sportabler.com\/shop\/pilatesport\/&#8221; global_colors_info=&#8221;{}&#8221;]<\/p>\n<p>All basic exercises in the Pilates system will be covered, as well as the philosophy behind it. The course is taught 2 times a week for 3 weeks.<\/p>\n<p><a href=\"https:\/\/pilatesport.is\/en\/index.php\/port-pilates-times-2\/\">Read more<\/a><\/p>\n<p>[\/et_pb_cta][\/et_pb_column][et_pb_column type=&#8221;1_3&#8243; _builder_version=&#8221;4.20.4&#8243; _module_preset=&#8221;default&#8221; global_colors_info=&#8221;{}&#8221;][et_pb_image src=&#8221;https:\/\/pilatesport.is\/wp-content\/uploads\/2023\/08\/T2A2683-scaled.jpg&#8221; title_text=&#8221;_T2A2683&#8243; _builder_version=&#8221;4.20.4&#8243; _module_preset=&#8221;default&#8221; min_height=&#8221;298.2px&#8221; global_colors_info=&#8221;{}&#8221;][\/et_pb_image][et_pb_cta title=&#8221;GROUP HOURS&#8221; button_url=&#8221;https:\/\/www.sportabler.com\/shop\/pilatesport\/&#8221; button_text=&#8221;REGISTER&#8221; _builder_version=&#8221;4.22.2&#8243; _module_preset=&#8221;default&#8221; custom_margin=&#8221;-40px||33px|||&#8221; link_option_url=&#8221;https:\/\/www.sportabler.com\/shop\/pilatesport\/&#8221; global_colors_info=&#8221;{}&#8221;]<\/p>\n<p>Mattress classes and wall units Pilates equipment. A choice between a core class focusing on basic exercises and a flow class where you go to advanced exercises.<\/p>\n<p><a href=\"https:\/\/pilatesport.is\/en\/index.php\/port-pilates-times-2\/\">Read more<\/a><\/p>\n<p>[\/et_pb_cta][\/et_pb_column][et_pb_column type=&#8221;1_3&#8243; _builder_version=&#8221;4.20.4&#8243; _module_preset=&#8221;default&#8221; global_colors_info=&#8221;{}&#8221;][et_pb_image src=&#8221;https:\/\/pilatesport.is\/wp-content\/uploads\/2023\/08\/T2A2940-scaled.jpg&#8221; title_text=&#8221;_T2A2940&#8243; _builder_version=&#8221;4.20.4&#8243; _module_preset=&#8221;default&#8221; global_colors_info=&#8221;{}&#8221;][\/et_pb_image][et_pb_cta title=&#8221;PRIVATE\/DUO LESSONS&#8221; button_url=&#8221;https:\/\/www.sportabler.com\/shop\/pilatesport\/&#8221; button_text=&#8221;REGISTER&#8221; _builder_version=&#8221;4.20.4&#8243; _module_preset=&#8221;default&#8221; custom_margin=&#8221;-40px||33px|||&#8221; link_option_url=&#8221;https:\/\/www.sportabler.com\/shop\/pilatesport\/&#8221; global_colors_info=&#8221;{}&#8221;]<\/p>\n<p>Private lessons are tailored to the needs and abilities of each practitioner. In a duo class, there are two practitioners at the same time, and the classes are tailored to the needs and skills of the practitioners.<\/p>\n<p><a href=\"https:\/\/www.sportabler.com\/shop\/pilatesport\/\">Read more<\/a><\/p>\n<p>[\/et_pb_cta][\/et_pb_column][\/et_pb_row][et_pb_row _builder_version=&#8221;4.20.4&#8243; _module_preset=&#8221;default&#8221; global_colors_info=&#8221;{}&#8221;][et_pb_column type=&#8221;4_4&#8243; _builder_version=&#8221;4.20.4&#8243; _module_preset=&#8221;default&#8221; global_colors_info=&#8221;{}&#8221;][et_pb_testimonial author=&#8221;Joseph Pilates&#8221; quote_icon=&#8221;off&#8221; _builder_version=&#8221;4.20.4&#8243; _module_preset=&#8221;default&#8221; body_font=&#8221;Poppins|600|||||||&#8221; body_text_color=&#8221;#E09900&#8243; body_font_size=&#8221;32px&#8221; author_text_align=&#8221;center&#8221; use_background_color=&#8221;off&#8221; text_orientation=&#8221;center&#8221; custom_padding=&#8221;|0px|0px|3px||&#8221; custom_css_main_element=&#8221;max-width: 620px;||margin-left: auto;||margin-right: auto;&#8221; border_color_all_portrait=&#8221;#E09900&#8243; global_colors_info=&#8221;{}&#8221;]<\/p>\n<p class=\"p1\" style=\"text-align: center;\"><span style=\"color: #e09900; font-size: large;\"><i>You will feel better in ten sessions, look better in twenty sessions, and have a completely new body in thirty sessions.<\/i><\/span><\/p>\n<p>[\/et_pb_testimonial][\/et_pb_column][\/et_pb_row][\/et_pb_section][et_pb_section fb_built=&#8221;1&#8243; _builder_version=&#8221;4.20.4&#8243; _module_preset=&#8221;default&#8221; background_color=&#8221;#eeeae3&#8243; min_height=&#8221;630px&#8221; custom_margin=&#8221;||-19px|||&#8221; custom_padding=&#8221;||0px|||&#8221; da_disable_devices=&#8221;off|off|off&#8221; global_colors_info=&#8221;{}&#8221; da_is_popup=&#8221;off&#8221; da_exit_intent=&#8221;off&#8221; da_has_close=&#8221;on&#8221; da_alt_close=&#8221;off&#8221; da_dark_close=&#8221;off&#8221; da_not_modal=&#8221;on&#8221; da_is_singular=&#8221;off&#8221; da_with_loader=&#8221;off&#8221; da_has_shadow=&#8221;on&#8221;][et_pb_row column_structure=&#8221;1_2,1_2&#8243; _builder_version=&#8221;4.20.4&#8243; _module_preset=&#8221;default&#8221; global_colors_info=&#8221;{}&#8221;][et_pb_column type=&#8221;1_2&#8243; _builder_version=&#8221;4.20.4&#8243; _module_preset=&#8221;default&#8221; global_colors_info=&#8221;{}&#8221;][et_pb_text _builder_version=&#8221;4.20.4&#8243; _module_preset=&#8221;default&#8221; inline_fonts=&#8221;Poppins&#8221; global_colors_info=&#8221;{}&#8221;]<\/p>\n<h3 class=\"p1\">Benefits of Pilates<\/h3>\n<p class=\"p1\">When Pilates is practiced purposefully, practitioners experience increased energy, concentration and overall well-being of body and soul.<\/p>\n<p class=\"p1\">Benefits of Pilates:<\/p>\n<ul>\n<li class=\"p2\">Strengthens the deep muscles of the body<\/li>\n<li class=\"p2\">Increases strength, flexibility and balance<\/li>\n<li class=\"p2\">Improves posture<\/li>\n<li class=\"p2\">Better feeling in the back, shoulders, hips and joints<\/li>\n<li class=\"p2\">Improves mental health<\/li>\n<li class=\"p2\">Improves concentration<\/li>\n<li class=\"p2\">Increased flexibility in the spine<\/li>\n<\/ul>\n<p>Pilates Port is equipped with quality and specially designed pilates equipment. Pilates Port is also an agent of the equipment manufacturer <a href=\"https:\/\/pilatesscandinavia.com\/\">Pilates Scandinavia<\/a>, in Iceland. Further information and purchase of equipment is available at <a href=\"mailto:info@pilatesport.is\">info@pilatesport.is<\/a>.<\/p>\n<p>[\/et_pb_text][\/et_pb_column][et_pb_column type=&#8221;1_2&#8243; _builder_version=&#8221;4.20.4&#8243; _module_preset=&#8221;default&#8221; global_colors_info=&#8221;{}&#8221;][et_pb_image src=&#8221;https:\/\/pilatesport.is\/wp-content\/uploads\/2023\/08\/T2A2740-scaled.jpg&#8221; title_text=&#8221;_T2A2740&#8243; _builder_version=&#8221;4.20.4&#8243; _module_preset=&#8221;default&#8221; global_colors_info=&#8221;{}&#8221;][\/et_pb_image][\/et_pb_column][\/et_pb_row][et_pb_row _builder_version=&#8221;4.20.4&#8243; _module_preset=&#8221;default&#8221; global_colors_info=&#8221;{}&#8221;][et_pb_column type=&#8221;4_4&#8243; _builder_version=&#8221;4.20.4&#8243; _module_preset=&#8221;default&#8221; global_colors_info=&#8221;{}&#8221;][et_pb_gallery gallery_ids=&#8221;533,532,531,530,271,320,237,252&#8243; orientation=&#8221;portrait&#8221; show_title_and_caption=&#8221;off&#8221; _builder_version=&#8221;4.20.4&#8243; _module_preset=&#8221;default&#8221; global_colors_info=&#8221;{}&#8221;][\/et_pb_gallery][\/et_pb_column][\/et_pb_row][\/et_pb_section]<\/p>\n","protected":false},"excerpt":{"rendered":"<p>Welcome to Pilates Port Pilates Port is a boutique Pilates studio in the heart of Reykjav\u00edk where we offer Pilates practice for everyone in a beautiful and warm environment. We focus on increasing mental well-being and provide a personal and professional service where each person is met on their terms. At Pilates Port, we offer [&hellip;]<\/p>\n","protected":false},"author":1,"featured_media":0,"parent":0,"menu_order":0,"comment_status":"closed","ping_status":"closed","template":"","meta":{"_et_pb_use_builder":"on","_et_pb_old_content":"","_et_gb_content_width":"","footnotes":""},"class_list":["post-1095","page","type-page","status-publish","hentry"],"_links":{"self":[{"href":"https:\/\/pilatesport.is\/en\/wp-json\/wp\/v2\/pages\/1095","targetHints":{"allow":["GET"]}}],"collection":[{"href":"https:\/\/pilatesport.is\/en\/wp-json\/wp\/v2\/pages"}],"about":[{"href":"https:\/\/pilatesport.is\/en\/wp-json\/wp\/v2\/types\/page"}],"author":[{"embeddable":true,"href":"https:\/\/pilatesport.is\/en\/wp-json\/wp\/v2\/users\/1"}],"replies":[{"embeddable":true,"href":"https:\/\/pilatesport.is\/en\/wp-json\/wp\/v2\/comments?post=1095"}],"version-history":[{"count":17,"href":"https:\/\/pilatesport.is\/en\/wp-json\/wp\/v2\/pages\/1095\/revisions"}],"predecessor-version":[{"id":2536,"href":"https:\/\/pilatesport.is\/en\/wp-json\/wp\/v2\/pages\/1095\/revisions\/2536"}],"wp:attachment":[{"href":"https:\/\/pilatesport.is\/en\/wp-json\/wp\/v2\/media?parent=1095"}],"curies":[{"name":"wp","href":"https:\/\/api.w.org\/{rel}","templated":true}]}}