{"id":1098,"date":"2023-05-12T11:04:07","date_gmt":"2023-05-12T11:04:07","guid":{"rendered":"https:\/\/pilatesport.is\/?page_id=1098"},"modified":"2023-09-29T23:09:32","modified_gmt":"2023-09-29T23:09:32","slug":"joseph-pilates","status":"publish","type":"page","link":"https:\/\/pilatesport.is\/en\/joseph-pilates\/","title":{"rendered":"Joseph Pilates"},"content":{"rendered":"<p>[et_pb_section fb_built=&#8221;1&#8243; _builder_version=&#8221;4.22.2&#8243; _module_preset=&#8221;default&#8221; hover_enabled=&#8221;0&#8243; global_colors_info=&#8221;{}&#8221; custom_padding=&#8221;50px||||false|false&#8221; sticky_enabled=&#8221;0&#8243;][et_pb_row column_structure=&#8221;1_2,1_2&#8243; _builder_version=&#8221;4.20.4&#8243; _module_preset=&#8221;default&#8221; global_colors_info=&#8221;{}&#8221;][et_pb_column type=&#8221;1_2&#8243; _builder_version=&#8221;4.20.4&#8243; _module_preset=&#8221;default&#8221; global_colors_info=&#8221;{}&#8221;][et_pb_text _builder_version=&#8221;4.20.4&#8243; _module_preset=&#8221;default&#8221; global_colors_info=&#8221;{}&#8221;]<\/p>\n<p class=\"p1\"><span style=\"font-size: x-large;\">Joseph Pilates<\/span><\/p>\n<p class=\"p1\">Joseph Pilates (1883-1967) was a genius in his field and far ahead of his time. He was born in Germany in 1883 and was very sick as a child, so he devoted his life to fitness. During the First World War, he was interned with other German citizens in a camp near Lancaster, where he began to teach people his physical exercises. Then, the actual and proper Pilates exercises took their current form. After the war, he moved to the United States, and during that trip, he met Klara, his future wife. They founded their studio and guided students there until the 1960s.<\/p>\n<p class=\"p1\">Joseph Pilates&#8217; exercise system, originally called &#8220;Contrology,&#8221; quickly attracted attention and interest in the performing arts. From their point of view, &#8220;Contrology&#8221; was the perfect holistic coordination for body, mind and spirit. Pilates practiced only his own system and lived a long and healthy life but died in 1967 at 87. Today, the Pilates system is practiced worldwide by performing arts, sports, and other people who care about their health. Undoubtedly, his fitness system can work wonders when performed correctly by certified Pilates instructors.<\/p>\n<p>[\/et_pb_text][\/et_pb_column][et_pb_column type=&#8221;1_2&#8243; _builder_version=&#8221;4.20.4&#8243; _module_preset=&#8221;default&#8221; global_colors_info=&#8221;{}&#8221;][et_pb_image src=&#8221;https:\/\/pilatesport.is\/wp-content\/uploads\/2023\/06\/Joseph-Pilates.jpg&#8221; title_text=&#8221;Joseph-Pilates&#8221; _builder_version=&#8221;4.20.4&#8243; _module_preset=&#8221;default&#8221; custom_margin=&#8221;||27px|||&#8221; global_colors_info=&#8221;{}&#8221;][\/et_pb_image][et_pb_testimonial author=&#8221;Joseph  Pilates&#8221; quote_icon_color=&#8221;#E09900&#8243; _builder_version=&#8221;4.22.2&#8243; _module_preset=&#8221;default&#8221; body_font=&#8221;Poppins||||||||&#8221; body_text_color=&#8221;#E09900&#8243; author_font=&#8221;|600|||||||&#8221; company_font=&#8221;Poppins||||||||&#8221; company_text_color=&#8221;#E09900&#8243; use_background_color=&#8221;off&#8221; text_orientation=&#8221;center&#8221; hover_enabled=&#8221;0&#8243; border_color_all_portrait=&#8221;RGBA(255,255,255,0)&#8221; global_colors_info=&#8221;{}&#8221; custom_css_testimonial_author=&#8221;margin-top: 0px&#8221; sticky_enabled=&#8221;0&#8243; custom_padding=&#8221;||||false|false&#8221; custom_css_main_element=&#8221;margin-top: 50px;&#8221;]<\/p>\n<h2 class=\"et_pb_slide_title et-fb-editable-element et-fb-editable-element__editing\" style=\"text-align: center;\" contenteditable=\"true\" data-shortcode-id=\"1.0.0.0.0-1685816089204\" data-quickaccess-id=\"header\">You are only as young as your spine is flexible.<\/h2>\n<p>[\/et_pb_testimonial][\/et_pb_column][\/et_pb_row][et_pb_row column_structure=&#8221;1_3,1_3,1_3&#8243; _builder_version=&#8221;4.20.4&#8243; _module_preset=&#8221;default&#8221; global_colors_info=&#8221;{}&#8221;][et_pb_column type=&#8221;1_3&#8243; _builder_version=&#8221;4.20.4&#8243; _module_preset=&#8221;default&#8221; global_colors_info=&#8221;{}&#8221;][et_pb_image src=&#8221;https:\/\/pilatesport.is\/wp-content\/uploads\/2023\/06\/IMG_1853-scaled.jpg&#8221; title_text=&#8221;IMG_1853&#8243; _builder_version=&#8221;4.20.4&#8243; _module_preset=&#8221;default&#8221; global_colors_info=&#8221;{}&#8221;][\/et_pb_image][\/et_pb_column][et_pb_column type=&#8221;1_3&#8243; _builder_version=&#8221;4.20.4&#8243; _module_preset=&#8221;default&#8221; global_colors_info=&#8221;{}&#8221;][et_pb_image src=&#8221;https:\/\/pilatesport.is\/wp-content\/uploads\/2023\/06\/IMG_1774-scaled.jpg&#8221; title_text=&#8221;IMG_1774&#8243; _builder_version=&#8221;4.20.4&#8243; _module_preset=&#8221;default&#8221; global_colors_info=&#8221;{}&#8221;][\/et_pb_image][\/et_pb_column][et_pb_column type=&#8221;1_3&#8243; _builder_version=&#8221;4.20.4&#8243; _module_preset=&#8221;default&#8221; global_colors_info=&#8221;{}&#8221;][et_pb_image src=&#8221;https:\/\/pilatesport.is\/wp-content\/uploads\/2023\/06\/IMG_1865-scaled.jpg&#8221; title_text=&#8221;IMG_1865&#8243; _builder_version=&#8221;4.20.4&#8243; _module_preset=&#8221;default&#8221; global_colors_info=&#8221;{}&#8221;][\/et_pb_image][\/et_pb_column][\/et_pb_row][\/et_pb_section][et_pb_section fb_built=&#8221;1&#8243; admin_label=&#8221;Testimonials&#8221; _builder_version=&#8221;4.20.4&#8243; _module_preset=&#8221;default&#8221; background_color=&#8221;#C4BEA4&#8243; locked=&#8221;off&#8221; collapsed=&#8221;on&#8221; global_colors_info=&#8221;{}&#8221;][et_pb_row _builder_version=&#8221;4.20.4&#8243; _module_preset=&#8221;default&#8221; width=&#8221;100%&#8221; global_colors_info=&#8221;{}&#8221;][et_pb_column type=&#8221;4_4&#8243; _builder_version=&#8221;4.20.4&#8243; _module_preset=&#8221;default&#8221; global_colors_info=&#8221;{}&#8221;][et_pb_slider arrows_custom_color=&#8221;#EDEBEC&#8221; dot_nav_custom_color=&#8221;#EDEBEC&#8221; _builder_version=&#8221;4.20.4&#8243; _module_preset=&#8221;default&#8221; header_font=&#8221;Poppins|500|||||||&#8221; header_text_color=&#8221;#FFFFFF&#8221; header_font_size=&#8221;30px&#8221; header_line_height=&#8221;1.7em&#8221; body_font=&#8221;Open Sans|500|||||||&#8221; body_text_color=&#8221;#EDEBEC&#8221; body_font_size=&#8221;16px&#8221; background_color=&#8221;RGBA(255,255,255,0)&#8221; custom_padding=&#8221;0px||50px||false|false&#8221; header_font_size_tablet=&#8221;3vw&#8221; header_font_size_phone=&#8221;4vw&#8221; header_font_size_last_edited=&#8221;on|tablet&#8221; text_shadow_style=&#8221;preset1&#8243; text_shadow_color=&#8221;RGBA(255,255,255,0)&#8221; locked=&#8221;off&#8221; global_colors_info=&#8221;{}&#8221;][et_pb_slide heading=&#8221;Pilates is complete coordination of body, mind and spirit.&#8221; button_text=&#8221;Joseph Pilates&#8221; _builder_version=&#8221;4.20.4&#8243; _module_preset=&#8221;default&#8221; locked=&#8221;off&#8221; global_colors_info=&#8221;{}&#8221; sticky_transition=&#8221;on&#8221;][\/et_pb_slide][et_pb_slide heading=&#8221;Ef hryggurinn \u00feinn er \u00f3sveigjanlega st\u00edfur vi\u00f0 30 ertu gamall; Ef \u00fea\u00f0 er alveg sveigjanlegt vi\u00f0 60 \u00e1ra ertu ungur.&#8221; button_text=&#8221;Joseph Pilates&#8221; _builder_version=&#8221;4.20.4&#8243; _module_preset=&#8221;default&#8221; locked=&#8221;off&#8221; global_colors_info=&#8221;{}&#8221; sticky_transition=&#8221;on&#8221;][\/et_pb_slide][\/et_pb_slider][\/et_pb_column][\/et_pb_row][\/et_pb_section]<\/p>\n","protected":false},"excerpt":{"rendered":"<p>Joseph Pilates Joseph Pilates (1883-1967) was a genius in his field and far ahead of his time. He was born in Germany in 1883 and was very sick as a child, so he devoted his life to fitness. During the First World War, he was interned with other German citizens in a camp near Lancaster, [&hellip;]<\/p>\n","protected":false},"author":1,"featured_media":0,"parent":0,"menu_order":0,"comment_status":"closed","ping_status":"closed","template":"","meta":{"_et_pb_use_builder":"on","_et_pb_old_content":"","_et_gb_content_width":"","footnotes":""},"class_list":["post-1098","page","type-page","status-publish","hentry"],"_links":{"self":[{"href":"https:\/\/pilatesport.is\/en\/wp-json\/wp\/v2\/pages\/1098","targetHints":{"allow":["GET"]}}],"collection":[{"href":"https:\/\/pilatesport.is\/en\/wp-json\/wp\/v2\/pages"}],"about":[{"href":"https:\/\/pilatesport.is\/en\/wp-json\/wp\/v2\/types\/page"}],"author":[{"embeddable":true,"href":"https:\/\/pilatesport.is\/en\/wp-json\/wp\/v2\/users\/1"}],"replies":[{"embeddable":true,"href":"https:\/\/pilatesport.is\/en\/wp-json\/wp\/v2\/comments?post=1098"}],"version-history":[{"count":3,"href":"https:\/\/pilatesport.is\/en\/wp-json\/wp\/v2\/pages\/1098\/revisions"}],"predecessor-version":[{"id":1144,"href":"https:\/\/pilatesport.is\/en\/wp-json\/wp\/v2\/pages\/1098\/revisions\/1144"}],"wp:attachment":[{"href":"https:\/\/pilatesport.is\/en\/wp-json\/wp\/v2\/media?parent=1098"}],"curies":[{"name":"wp","href":"https:\/\/api.w.org\/{rel}","templated":true}]}}