{"id":1104,"date":"2023-05-12T10:54:05","date_gmt":"2023-05-12T10:54:05","guid":{"rendered":"https:\/\/pilatesport.is\/?page_id=1104"},"modified":"2023-09-29T23:09:32","modified_gmt":"2023-09-29T23:09:32","slug":"about-us","status":"publish","type":"page","link":"https:\/\/pilatesport.is\/en\/about-us\/","title":{"rendered":"About us"},"content":{"rendered":"<p>[et_pb_section fb_built=&#8221;1&#8243; admin_label=&#8221;Header&#8221; _builder_version=&#8221;4.20.4&#8243; _module_preset=&#8221;default&#8221; background_color=&#8221;#d4c2af&#8221; custom_padding=&#8221;0px||0px|||&#8221; collapsed=&#8221;on&#8221; global_colors_info=&#8221;{}&#8221;][et_pb_row column_structure=&#8221;3_5,2_5&#8243; _builder_version=&#8221;4.22.2&#8243; _module_preset=&#8221;default&#8221; custom_padding=&#8221;50px||28px||false|false&#8221; global_colors_info=&#8221;{}&#8221;][et_pb_column type=&#8221;3_5&#8243; _builder_version=&#8221;4.20.4&#8243; _module_preset=&#8221;default&#8221; global_colors_info=&#8221;{}&#8221;][et_pb_gallery gallery_ids=&#8221;741,530,531,532,533&#8243; fullwidth=&#8221;on&#8221; _builder_version=&#8221;4.20.4&#8243; _module_preset=&#8221;default&#8221; global_colors_info=&#8221;{}&#8221;][\/et_pb_gallery][\/et_pb_column][et_pb_column type=&#8221;2_5&#8243; _builder_version=&#8221;4.20.4&#8243; _module_preset=&#8221;default&#8221; global_colors_info=&#8221;{}&#8221;][et_pb_text _builder_version=&#8221;4.20.4&#8243; _module_preset=&#8221;default&#8221; inline_fonts=&#8221;Poppins&#8221; global_colors_info=&#8221;{}&#8221;]<\/p>\n<h1><span style=\"font-family: Poppins; font-weight: normal; font-size: xx-large;\">About Pilates Port<\/span><\/h1>\n<p><span style=\"font-weight: 400;\">Pilates Port is a boutique Pilates studio in the heart of Reykjav\u00edk where we offer Pilates practice for everyone in a beautiful and warm environment. We focus on increasing the mental well-being of our practitioners. Therefore, we provide a personal and professional service where everyone is met on their terms and immediately feels part of our Pilates community. At Pilates Port, we offer classes for beginners and advanced players to suit everyone. The classes are taught by certified Pilates teachers, where exercises occur on mats and in specially designed Pilates equipment.<\/span><\/p>\n<p>Please get in touch with<span style=\"color: #ffffff;\"> <a href=\"mailto:info@pilatesport.is\" style=\"color: #ffffff;\">info@pilatesport.is<\/a><\/span> to schedule private and duo lessons with a teacher.<\/p>\n<p>&nbsp;<\/p>\n<h3>In Pilates Port:<\/h3>\n<ul>\n<li style=\"font-weight: 400;\" aria-level=\"1\">will we arrive on time<\/li>\n<li style=\"font-weight: 400;\" aria-level=\"1\">we leave the phones on silent<\/li>\n<li style=\"font-weight: 400;\" aria-level=\"1\">we are in light sportswear<\/li>\n<li style=\"font-weight: 400;\" aria-level=\"1\">we are wearing clean socks<\/li>\n<\/ul>\n<p>[\/et_pb_text][\/et_pb_column][\/et_pb_row][\/et_pb_section][et_pb_section fb_built=&#8221;1&#8243; admin_label=&#8221;Video&#8221; _builder_version=&#8221;4.22.2&#8243; _module_preset=&#8221;default&#8221; background_color=&#8221;#EDEDED&#8221; custom_padding=&#8221;50px||4px||false|false&#8221; collapsed=&#8221;on&#8221; global_colors_info=&#8221;{}&#8221;][et_pb_row column_structure=&#8221;1_2,1_2&#8243; _builder_version=&#8221;4.22.2&#8243; _module_preset=&#8221;default&#8221; global_colors_info=&#8221;{}&#8221;][et_pb_column type=&#8221;1_2&#8243; _builder_version=&#8221;4.17.4&#8243; _module_preset=&#8221;default&#8221; global_colors_info=&#8221;{}&#8221;][et_pb_text _builder_version=&#8221;4.20.4&#8243; _module_preset=&#8221;b327cbe4-b1d5-4b66-ad37-40c8f2f061ba&#8221; text_font=&#8221;Poppins|500|||||||&#8221; header_2_font=&#8221;Cinzel||||||||&#8221; header_2_text_color=&#8221;#000000&#8243; header_2_font_size=&#8221;48px&#8221; header_2_line_height=&#8221;1.2em&#8221; header_2_font_size_tablet=&#8221;32px&#8221; header_2_font_size_phone=&#8221;20px&#8221; header_2_font_size_last_edited=&#8221;on|desktop&#8221; global_colors_info=&#8221;{}&#8221; custom_margin=&#8221;||7px|||&#8221;]<\/p>\n<h1>Sveinbj\u00f6rg \u00de\u00f3rhallsd\u00f3ttir<\/h1>\n<p>[\/et_pb_text][et_pb_text _builder_version=&#8221;4.20.4&#8243; _module_preset=&#8221;default&#8221; custom_padding=&#8221;||0px|||&#8221; global_colors_info=&#8221;{}&#8221;]<\/p>\n<p class=\"p9\">Sveinbj\u00f6rg is a trained dancer from Alvin Ailey A.D.C in New York (1995) and has a master&#8217;s degree in choreography from Fontys University in the Netherlands (2008). She has worked as a dancer in the city&#8217;s theaters and abroad for the past 28 years. Along with art, she has always taught and worked, among other things, at the Iceland Academy of the Arts as a professor and head of the dance program in the years 2011-2021. Sveinbj\u00f6rg first met Pilates during his student years in New York and was immediately fascinated by the system and has been practicing the technique ever since. She then made it a point to take a teacher&#8217;s license in Romanas Pilates from The Hague in the Netherlands (2022) under the guidance of master teacher Marjorie Oron. Sveinbj\u00f6rg also has a teaching license in Hatha Yoga from Ubud, Bali.<\/p>\n<p><a href=\"www.sveinbjorg.com\">Sveinbj\u00f6rg <\/a>is a certified Pilates teacher from Romana&#8217;s Pilates International.<\/p>\n<p>More here:<a style=\"font-size: 16px;\" href=\"https:\/\/www.romanapilatesinternational.com\/\"> Romana\u2019s Pilates<\/a><\/p>\n<p><strong>To book a private or duo session with Sveinbj\u00f6rg, please send an email at<\/strong><br \/><strong><a href=\"mailto:info@pilatesport.is\">info@pilatesport.is<\/a> or contact us at 697-7140.<\/strong><\/p>\n<p>[\/et_pb_text][\/et_pb_column][et_pb_column type=&#8221;1_2&#8243; _builder_version=&#8221;4.17.4&#8243; _module_preset=&#8221;default&#8221; global_colors_info=&#8221;{}&#8221;][et_pb_image src=&#8221;https:\/\/pilatesport.is\/wp-content\/uploads\/2023\/06\/IMG_1918.jpg&#8221; title_text=&#8221;IMG_1918&#8243; _builder_version=&#8221;4.20.4&#8243; _module_preset=&#8221;default&#8221; global_colors_info=&#8221;{}&#8221;][\/et_pb_image][\/et_pb_column][\/et_pb_row][\/et_pb_section][et_pb_section fb_built=&#8221;1&#8243; admin_label=&#8221;Video&#8221; _builder_version=&#8221;4.20.4&#8243; _module_preset=&#8221;default&#8221; background_color=&#8221;#EDEDED&#8221; collapsed=&#8221;on&#8221; global_colors_info=&#8221;{}&#8221; custom_padding=&#8221;48px|||||&#8221;][et_pb_row column_structure=&#8221;1_2,1_2&#8243; _builder_version=&#8221;4.17.4&#8243; _module_preset=&#8221;default&#8221; global_colors_info=&#8221;{}&#8221;][et_pb_column type=&#8221;1_2&#8243; _builder_version=&#8221;4.17.4&#8243; _module_preset=&#8221;default&#8221; global_colors_info=&#8221;{}&#8221;][et_pb_image src=&#8221;https:\/\/pilatesport.is\/wp-content\/uploads\/2023\/06\/IMG_1925.jpg&#8221; title_text=&#8221;IMG_1925&#8243; _builder_version=&#8221;4.20.4&#8243; _module_preset=&#8221;default&#8221; global_colors_info=&#8221;{}&#8221;][\/et_pb_image][\/et_pb_column][et_pb_column type=&#8221;1_2&#8243; _builder_version=&#8221;4.17.4&#8243; _module_preset=&#8221;default&#8221; global_colors_info=&#8221;{}&#8221;][et_pb_text _builder_version=&#8221;4.20.4&#8243; _module_preset=&#8221;b327cbe4-b1d5-4b66-ad37-40c8f2f061ba&#8221; header_2_font=&#8221;Cinzel||||||||&#8221; header_2_text_color=&#8221;#000000&#8243; header_2_font_size=&#8221;48px&#8221; header_2_line_height=&#8221;1.2em&#8221; header_2_font_size_tablet=&#8221;32px&#8221; header_2_font_size_phone=&#8221;20px&#8221; header_2_font_size_last_edited=&#8221;on|desktop&#8221; global_colors_info=&#8221;{}&#8221;]<\/p>\n<h1>Sigr\u00ed\u00f0ur Sigurj\u00f3nsd\u00f3ttir (Sirr\u00fd)<\/h1>\n<p>[\/et_pb_text][et_pb_text _builder_version=&#8221;4.20.4&#8243; _module_preset=&#8221;default&#8221; global_colors_info=&#8221;{}&#8221;]<\/p>\n<p class=\"p1\">Sirr\u00fd has always been very interested in everything related to health and people, as she is known for being curious about nature. She practiced gymnastics as a child and took a Diploma in modern dance from the Icelandic School of Art and Dance in 2004. Psychology became her passion, and she has a B.Sc. from the University of Iceland and an M.Sc. from Stockholm University. He has worked both at Stockholm University and Reykjav\u00edk University as a researcher and teacher in psychology. During her dance studies, she got to know Pilates and was fascinated by this exercise. She struggled with back problems due to the misalignment of her hip for many years, and after discovering Pilates, she could barely feel her back. She made her dream come true to become a Pilates teacher and took a teacher&#8217;s license in Romana&#8217;s Pilates from The Hague in the Netherlands (2022) under the guidance of master teacher Marjorie Oron.<\/p>\n<p class=\"p1\">Sirr\u00fd is a certified Pilates teacher from Romana&#8217;s Pilates International.<br \/>More here:<a style=\"font-size: 16px;\" href=\"https:\/\/www.romanapilatesinternational.com\/\">\u00a0Romana\u2019s Pilates<\/a><\/p>\n<p class=\"p1\"><strong>To book a private or duo session with Sirr\u00fd, please send a mail at <\/strong><br \/><strong><a href=\"mailto:info@pilatesport.is\">info@pilatesport.is<\/a> or contact us at 848-8723.<\/strong><\/p>\n<p>[\/et_pb_text][\/et_pb_column][\/et_pb_row][\/et_pb_section][et_pb_section fb_built=&#8221;1&#8243; admin_label=&#8221;Video&#8221; _builder_version=&#8221;4.20.4&#8243; _module_preset=&#8221;default&#8221; background_color=&#8221;#EDEDED&#8221; collapsed=&#8221;on&#8221; global_colors_info=&#8221;{}&#8221;][et_pb_row column_structure=&#8221;1_2,1_2&#8243; _builder_version=&#8221;4.17.4&#8243; _module_preset=&#8221;default&#8221; global_colors_info=&#8221;{}&#8221;][et_pb_column type=&#8221;1_2&#8243; _builder_version=&#8221;4.17.4&#8243; _module_preset=&#8221;default&#8221; global_colors_info=&#8221;{}&#8221;][et_pb_text _builder_version=&#8221;4.20.4&#8243; _module_preset=&#8221;b327cbe4-b1d5-4b66-ad37-40c8f2f061ba&#8221; text_font=&#8221;Poppins|500|||||||&#8221; header_2_font=&#8221;Cinzel||||||||&#8221; header_2_text_color=&#8221;#000000&#8243; header_2_font_size=&#8221;48px&#8221; header_2_line_height=&#8221;1.2em&#8221; header_2_font_size_tablet=&#8221;32px&#8221; header_2_font_size_phone=&#8221;20px&#8221; header_2_font_size_last_edited=&#8221;on|desktop&#8221; global_colors_info=&#8221;{}&#8221;]<\/p>\n<h1>J\u00f3hann Freyr Bj\u00f6rgvinsson<\/h1>\n<p>[\/et_pb_text][et_pb_text _builder_version=&#8221;4.20.4&#8243; _module_preset=&#8221;default&#8221; global_colors_info=&#8221;{}&#8221;]<\/p>\n<p class=\"p9\">J\u00f3hann Freyr Bj\u00f6rgvinsson graduated as a Pilates teacher in 2002 in Atlanta, Georgia, where he received training and guidance from the renowned Romana Kryzanowska. He has worked worldwide as a Pilates teacher, e.g. in the United States, Great Britain and Spain. J\u00f3hann has danced his whole life, but he studied ballet from 11 at the National Theater School and eventually graduated as a professional dancer from the Royal Swedish Ballet School in 1993. He worked as a dancer for several years with the Icelandic Dance Company and danced with Ballet Austin in Texas, Great Britain and Sweden. J\u00f3hann got to know the Pilates system after years of injuries, and there, he found an exercise technique that took a holistic approach to strengthening and stretching the body. Eventually, he achieved total physical health by taking a Pilates course in the United States. Today, J\u00f3hann also works as a painter.<\/p>\n<p class=\"p9\"><strong>To book a private or duo session with J\u00f3hanni, please send a mail at \u00a0<\/strong><br \/><strong><a href=\"mailto:joipilates@gmail.com\">joipilates@gmail.com<\/a> <a href=\"mailto:info@pilatesport.is\">info@pilatesport.is<\/a> or contact us at 822-9089.<\/strong><\/p>\n<p>[\/et_pb_text][\/et_pb_column][et_pb_column type=&#8221;1_2&#8243; _builder_version=&#8221;4.17.4&#8243; _module_preset=&#8221;default&#8221; global_colors_info=&#8221;{}&#8221;][et_pb_image src=&#8221;https:\/\/pilatesport.is\/wp-content\/uploads\/2023\/08\/T2A3113-scaled.jpg&#8221; title_text=&#8221;_T2A3113&#8243; _builder_version=&#8221;4.20.4&#8243; _module_preset=&#8221;default&#8221; global_colors_info=&#8221;{}&#8221;][\/et_pb_image][\/et_pb_column][\/et_pb_row][\/et_pb_section]<\/p>\n","protected":false},"excerpt":{"rendered":"<p>About Pilates Port Pilates Port is a boutique Pilates studio in the heart of Reykjav\u00edk where we offer Pilates practice for everyone in a beautiful and warm environment. We focus on increasing the mental well-being of our practitioners. Therefore, we provide a personal and professional service where everyone is met on their terms and immediately [&hellip;]<\/p>\n","protected":false},"author":1,"featured_media":0,"parent":0,"menu_order":0,"comment_status":"closed","ping_status":"closed","template":"","meta":{"_et_pb_use_builder":"on","_et_pb_old_content":"","_et_gb_content_width":"","footnotes":""},"class_list":["post-1104","page","type-page","status-publish","hentry"],"_links":{"self":[{"href":"https:\/\/pilatesport.is\/en\/wp-json\/wp\/v2\/pages\/1104","targetHints":{"allow":["GET"]}}],"collection":[{"href":"https:\/\/pilatesport.is\/en\/wp-json\/wp\/v2\/pages"}],"about":[{"href":"https:\/\/pilatesport.is\/en\/wp-json\/wp\/v2\/types\/page"}],"author":[{"embeddable":true,"href":"https:\/\/pilatesport.is\/en\/wp-json\/wp\/v2\/users\/1"}],"replies":[{"embeddable":true,"href":"https:\/\/pilatesport.is\/en\/wp-json\/wp\/v2\/comments?post=1104"}],"version-history":[{"count":4,"href":"https:\/\/pilatesport.is\/en\/wp-json\/wp\/v2\/pages\/1104\/revisions"}],"predecessor-version":[{"id":1140,"href":"https:\/\/pilatesport.is\/en\/wp-json\/wp\/v2\/pages\/1104\/revisions\/1140"}],"wp:attachment":[{"href":"https:\/\/pilatesport.is\/en\/wp-json\/wp\/v2\/media?parent=1104"}],"curies":[{"name":"wp","href":"https:\/\/api.w.org\/{rel}","templated":true}]}}