{"id":110,"date":"2023-05-12T11:04:07","date_gmt":"2023-05-12T11:04:07","guid":{"rendered":"https:\/\/pilatesport.is\/?page_id=110"},"modified":"2023-09-29T23:27:41","modified_gmt":"2023-09-29T23:27:41","slug":"110-2","status":"publish","type":"page","link":"https:\/\/pilatesport.is\/is\/110-2\/","title":{"rendered":"Joseph Pilates"},"content":{"rendered":"<p>[et_pb_section fb_built=&#8220;1&#8243; _builder_version=&#8220;4.22.2&#8243; _module_preset=&#8220;default&#8220; custom_padding=&#8220;50px||50px||false|false&#8220; global_colors_info=&#8220;{}&#8220;][et_pb_row column_structure=&#8220;1_2,1_2&#8243; _builder_version=&#8220;4.22.2&#8243; _module_preset=&#8220;default&#8220; custom_padding=&#8220;0px||0px||false|false&#8220; global_colors_info=&#8220;{}&#8220;][et_pb_column type=&#8220;1_2&#8243; _builder_version=&#8220;4.20.4&#8243; _module_preset=&#8220;default&#8220; global_colors_info=&#8220;{}&#8220;][et_pb_text _builder_version=&#8220;4.20.4&#8243; _module_preset=&#8220;default&#8220; global_colors_info=&#8220;{}&#8220;]<\/p>\n<p class=\"p1\"><span style=\"font-size: x-large;\">Joseph Pilates<\/span><\/p>\n<p class=\"p1\">Joseph Pilates(1883-1967) var snillingur \u00e1 s\u00ednu svi\u00f0i og langt \u00e1 undan sinni samt\u00ed\u00f0. Hann f\u00e6ddist \u00ed \u00fe\u00fdskalandi \u00e1ri\u00f0 1883 og var miki\u00f0 veikur sem barn og er \u00fea\u00f0 megin\u00e1st\u00e6\u00f0an fyrir a\u00f0 hann helga\u00f0i l\u00edf sitt l\u00edkamsr\u00e6kt. \u00dea\u00f0 var svo \u00ed fyrri heimsstyrj\u00f6ldinni sem hann var\u00f0 innlyksa \u00e1samt \u00f6\u00f0rum \u00fe\u00fdskum r\u00edkisborgurum \u00ed b\u00fa\u00f0um n\u00e1l\u00e6gt Lancaster \u00fear sem hann f\u00f3r a\u00f0 kenna f\u00f3lki l\u00edkams\u00e6fingar s\u00ednar.\u00a0 \u00dea\u00f0 var \u00fe\u00e1 sem hinar eiginlegu og s\u00f6nnu Pilates \u00e6fingar t\u00f3ku \u00e1 sig n\u00faverandi mynd. Eftir str\u00ed\u00f0 flutti hann til Bandar\u00edkjanna og \u00e1 \u00fev\u00ed fer\u00f0alagi kynntist hann Kl\u00f6ru,ver\u00f0andi eiginkonu sinni. \u00deau stofnu\u00f0u eigi\u00f0 studio og lei\u00f0beindu nemendum \u00fear fram yfir 1960.\u00a0<\/p>\n<p class=\"p1\">\u00c6fingakerfi Joseph Pilates kalla\u00f0i hann upphaflega \u201cContrology\u201d, vakti flj\u00f3tlega athygli og \u00e1huga innan svi\u00f0slista. Fr\u00e1 \u00feeirra sj\u00f3narmi\u00f0i, var \u201cContrology\u201d fullkomin heildr\u00e6n samh\u00e6fing fyrir l\u00edkama, hug og anda. Pilates stunda\u00f0i sj\u00e1lfur eing\u00f6ngu sitt eigi\u00f0 kerfi og lif\u00f0i l\u00f6ngu og heilbrig\u00f0u l\u00edfi en d\u00f3 1967, 87 \u00e1ra gamall. \u00cd dag er Pilates kerfi\u00f0 stunda\u00f0 um allan heim, jafnt af svi\u00f0slista-og \u00ed\u00fer\u00f3ttaf\u00f3lki sem og \u00f6\u00f0ru f\u00f3lki sem l\u00e6tur s\u00e9r annt um heilsu s\u00edna. \u00dea\u00f0 er enginn vafi \u00e1 \u00fev\u00ed a\u00f0 hans l\u00edkamsr\u00e6ktarkerfi\u00a0 getur gert kraftaverk \u00feegar \u00fea\u00f0 er framkv\u00e6mt \u00e1 r\u00e9ttan h\u00e1tt af vottu\u00f0um Pilates kennurum.\u00a0<\/p>\n<p>[\/et_pb_text][\/et_pb_column][et_pb_column type=&#8220;1_2&#8243; _builder_version=&#8220;4.20.4&#8243; _module_preset=&#8220;default&#8220; global_colors_info=&#8220;{}&#8220;][et_pb_image src=&#8220;https:\/\/pilatesport.is\/wp-content\/uploads\/2023\/06\/Joseph-Pilates.jpg&#8220; title_text=&#8220;Joseph-Pilates&#8220; _builder_version=&#8220;4.20.4&#8243; _module_preset=&#8220;default&#8220; custom_margin=&#8220;||54px|||&#8220; global_colors_info=&#8220;{}&#8220;][\/et_pb_image][et_pb_testimonial author=&#8220;Joseph  Pilates&#8220; quote_icon_color=&#8220;#E09900&#8243; _builder_version=&#8220;4.22.2&#8243; _module_preset=&#8220;default&#8220; body_font=&#8220;Poppins||||||||&#8220; body_text_color=&#8220;#E09900&#8243; author_font=&#8220;|600|||||||&#8220; company_font=&#8220;Poppins||||||||&#8220; company_text_color=&#8220;#E09900&#8243; use_background_color=&#8220;off&#8220; text_orientation=&#8220;center&#8220; hover_enabled=&#8220;0&#8243; border_color_all_portrait=&#8220;RGBA(255,255,255,0)&#8220; global_colors_info=&#8220;{}&#8220; custom_css_testimonial_author=&#8220;margin-top: -10px&#8220; sticky_enabled=&#8220;0&#8243;]<\/p>\n<h2 class=\"et_pb_slide_title et-fb-editable-element et-fb-editable-element__editing\" data-shortcode-id=\"1.0.0.0.0-1685816089204\" data-quickaccess-id=\"header\" contenteditable=\"true\" style=\"text-align: center;\">\u00de\u00fa er eins ungur og hryggurinn \u00feinn er sveigjanlegur.<\/h2>\n<p>[\/et_pb_testimonial][\/et_pb_column][\/et_pb_row][et_pb_row column_structure=&#8220;1_3,1_3,1_3&#8243; _builder_version=&#8220;4.20.4&#8243; _module_preset=&#8220;default&#8220; global_colors_info=&#8220;{}&#8220;][et_pb_column type=&#8220;1_3&#8243; _builder_version=&#8220;4.20.4&#8243; _module_preset=&#8220;default&#8220; global_colors_info=&#8220;{}&#8220;][et_pb_image src=&#8220;https:\/\/pilatesport.is\/wp-content\/uploads\/2023\/06\/IMG_1853-scaled.jpg&#8220; title_text=&#8220;IMG_1853&#8243; _builder_version=&#8220;4.20.4&#8243; _module_preset=&#8220;default&#8220; global_colors_info=&#8220;{}&#8220;][\/et_pb_image][\/et_pb_column][et_pb_column type=&#8220;1_3&#8243; _builder_version=&#8220;4.20.4&#8243; _module_preset=&#8220;default&#8220; global_colors_info=&#8220;{}&#8220;][et_pb_image src=&#8220;https:\/\/pilatesport.is\/wp-content\/uploads\/2023\/06\/IMG_1774-scaled.jpg&#8220; title_text=&#8220;IMG_1774&#8243; _builder_version=&#8220;4.20.4&#8243; _module_preset=&#8220;default&#8220; global_colors_info=&#8220;{}&#8220;][\/et_pb_image][\/et_pb_column][et_pb_column type=&#8220;1_3&#8243; _builder_version=&#8220;4.20.4&#8243; _module_preset=&#8220;default&#8220; global_colors_info=&#8220;{}&#8220;][et_pb_image src=&#8220;https:\/\/pilatesport.is\/wp-content\/uploads\/2023\/06\/IMG_1865-scaled.jpg&#8220; title_text=&#8220;IMG_1865&#8243; _builder_version=&#8220;4.20.4&#8243; _module_preset=&#8220;default&#8220; global_colors_info=&#8220;{}&#8220;][\/et_pb_image][\/et_pb_column][\/et_pb_row][\/et_pb_section][et_pb_section fb_built=&#8220;1&#8243; admin_label=&#8220;Testimonials&#8220; _builder_version=&#8220;4.20.4&#8243; _module_preset=&#8220;default&#8220; background_color=&#8220;#C4BEA4&#8243; locked=&#8220;off&#8220; collapsed=&#8220;on&#8220; global_colors_info=&#8220;{}&#8220;][et_pb_row _builder_version=&#8220;4.20.4&#8243; _module_preset=&#8220;default&#8220; width=&#8220;100%&#8220; global_colors_info=&#8220;{}&#8220;][et_pb_column type=&#8220;4_4&#8243; _builder_version=&#8220;4.20.4&#8243; _module_preset=&#8220;default&#8220; global_colors_info=&#8220;{}&#8220;][et_pb_slider arrows_custom_color=&#8220;#EDEBEC&#8220; dot_nav_custom_color=&#8220;#EDEBEC&#8220; _builder_version=&#8220;4.22.2&#8243; _module_preset=&#8220;default&#8220; header_font=&#8220;Poppins|500|||||||&#8220; header_text_color=&#8220;#000000&#8243; header_font_size=&#8220;30px&#8220; header_line_height=&#8220;1.7em&#8220; body_font=&#8220;Open Sans|500|||||||&#8220; body_text_color=&#8220;#EDEBEC&#8220; body_font_size=&#8220;16px&#8220; background_color=&#8220;RGBA(255,255,255,0)&#8220; custom_padding=&#8220;0px||50px||false|false&#8220; hover_enabled=&#8220;0&#8243; header_font_size_tablet=&#8220;3vw&#8220; header_font_size_phone=&#8220;4vw&#8220; header_font_size_last_edited=&#8220;on|tablet&#8220; text_shadow_style=&#8220;preset1&#8243; text_shadow_color=&#8220;RGBA(255,255,255,0)&#8220; locked=&#8220;off&#8220; global_colors_info=&#8220;{}&#8220; custom_button=&#8220;on&#8220; button_text_color=&#8220;#FFFFFF&#8220; button_bg_color=&#8220;#E09900&#8243; button_bg_enable_color=&#8220;on&#8220; button_border_color=&#8220;#E09900&#8243; button_bg_color__hover_enabled=&#8220;on|desktop&#8220; button_custom_padding=&#8220;10px|40px|10px|40px|false|false&#8220; sticky_enabled=&#8220;0&#8243; button_bg_color__hover=&#8220;#E09900&#8243;][et_pb_slide heading=&#8220;Pilates er fullkomin samh\u00e6fing l\u00edkama, huga og anda.&#8220; button_text=&#8220;Joseph Pilates&#8220; _builder_version=&#8220;4.22.2&#8243; _module_preset=&#8220;default&#8220; hover_enabled=&#8220;0&#8243; locked=&#8220;off&#8220; global_colors_info=&#8220;{}&#8220; sticky_transition=&#8220;on&#8220; sticky_enabled=&#8220;0&#8243;][\/et_pb_slide][et_pb_slide heading=&#8220;Ef hryggurinn \u00feinn er \u00f3sveigjanlega st\u00edfur \u00fer\u00edtugur, ertu gamall; ef hann er sveigjanlegt um sextugt, \u00fe\u00e1 ertu ungur.&#8220; button_text=&#8220;Joseph Pilates&#8220; _builder_version=&#8220;4.22.2&#8243; _module_preset=&#8220;default&#8220; hover_enabled=&#8220;0&#8243; locked=&#8220;off&#8220; global_colors_info=&#8220;{}&#8220; sticky_transition=&#8220;on&#8220; sticky_enabled=&#8220;0&#8243;][\/et_pb_slide][\/et_pb_slider][\/et_pb_column][\/et_pb_row][\/et_pb_section]<\/p>\n","protected":false},"excerpt":{"rendered":"<p>Joseph Pilates Joseph Pilates(1883-1967) var snillingur \u00e1 s\u00ednu svi\u00f0i og langt \u00e1 undan sinni samt\u00ed\u00f0. Hann f\u00e6ddist \u00ed \u00fe\u00fdskalandi \u00e1ri\u00f0 1883 og var miki\u00f0 veikur sem barn og er \u00fea\u00f0 megin\u00e1st\u00e6\u00f0an fyrir a\u00f0 hann helga\u00f0i l\u00edf sitt l\u00edkamsr\u00e6kt. \u00dea\u00f0 var svo \u00ed fyrri heimsstyrj\u00f6ldinni sem hann var\u00f0 innlyksa \u00e1samt \u00f6\u00f0rum \u00fe\u00fdskum r\u00edkisborgurum \u00ed b\u00fa\u00f0um n\u00e1l\u00e6gt [&hellip;]<\/p>\n","protected":false},"author":1,"featured_media":0,"parent":0,"menu_order":0,"comment_status":"closed","ping_status":"closed","template":"","meta":{"_et_pb_use_builder":"on","_et_pb_old_content":"","_et_gb_content_width":"","footnotes":""},"class_list":["post-110","page","type-page","status-publish","hentry"],"_links":{"self":[{"href":"https:\/\/pilatesport.is\/is\/wp-json\/wp\/v2\/pages\/110","targetHints":{"allow":["GET"]}}],"collection":[{"href":"https:\/\/pilatesport.is\/is\/wp-json\/wp\/v2\/pages"}],"about":[{"href":"https:\/\/pilatesport.is\/is\/wp-json\/wp\/v2\/types\/page"}],"author":[{"embeddable":true,"href":"https:\/\/pilatesport.is\/is\/wp-json\/wp\/v2\/users\/1"}],"replies":[{"embeddable":true,"href":"https:\/\/pilatesport.is\/is\/wp-json\/wp\/v2\/comments?post=110"}],"version-history":[{"count":15,"href":"https:\/\/pilatesport.is\/is\/wp-json\/wp\/v2\/pages\/110\/revisions"}],"predecessor-version":[{"id":1153,"href":"https:\/\/pilatesport.is\/is\/wp-json\/wp\/v2\/pages\/110\/revisions\/1153"}],"wp:attachment":[{"href":"https:\/\/pilatesport.is\/is\/wp-json\/wp\/v2\/media?parent=110"}],"curies":[{"name":"wp","href":"https:\/\/api.w.org\/{rel}","templated":true}]}}