{"id":153,"date":"2023-05-16T22:29:25","date_gmt":"2023-05-16T22:29:25","guid":{"rendered":"https:\/\/pilatesport.is\/?page_id=153"},"modified":"2026-01-25T20:56:33","modified_gmt":"2026-01-25T20:56:33","slug":"port-pilates-timar","status":"publish","type":"page","link":"https:\/\/pilatesport.is\/is\/port-pilates-timar\/","title":{"rendered":"Einka- og d\u00fa\u00f3 t\u00edmar \u00ed Pilates"},"content":{"rendered":"<p>[et_pb_section fb_built=&#8220;1&#8243; _builder_version=&#8220;4.22.2&#8243; _module_preset=&#8220;default&#8220; da_disable_devices=&#8220;off|off|off&#8220; global_colors_info=&#8220;{}&#8220; da_is_popup=&#8220;off&#8220; da_exit_intent=&#8220;off&#8220; da_has_close=&#8220;on&#8220; da_alt_close=&#8220;off&#8220; da_dark_close=&#8220;off&#8220; da_not_modal=&#8220;on&#8220; da_is_singular=&#8220;off&#8220; da_with_loader=&#8220;off&#8220; da_has_shadow=&#8220;on&#8220;][et_pb_row _builder_version=&#8220;4.22.2&#8243; _module_preset=&#8220;default&#8220; custom_margin=&#8220;-19px|auto||auto||&#8220; custom_padding=&#8220;5px||1px|||&#8220; global_colors_info=&#8220;{}&#8220;][et_pb_column type=&#8220;4_4&#8243; _builder_version=&#8220;4.22.2&#8243; _module_preset=&#8220;default&#8220; global_colors_info=&#8220;{}&#8220;][et_pb_heading title=&#8220;Einka- og d\u00fa\u00f3t\u00edmar \u00ed Pilates&#8220; _builder_version=&#8220;4.22.2&#8243; _module_preset=&#8220;default&#8220; title_level=&#8220;h2&#8243; title_font=&#8220;|600|||||||&#8220; title_text_color=&#8220;#000000&#8243; title_font_size=&#8220;31px&#8220; custom_margin=&#8220;41px||2px|||&#8220; global_colors_info=&#8220;{}&#8220;][\/et_pb_heading][\/et_pb_column][\/et_pb_row][\/et_pb_section][et_pb_section fb_built=&#8220;1&#8243; admin_label=&#8220;Classes&#8220; _builder_version=&#8220;4.22.2&#8243; _module_preset=&#8220;default&#8220; background_color=&#8220;#e0dad5&#8243; use_background_color_gradient=&#8220;on&#8220; background_color_gradient_stops=&#8220;#ffffff 0%|gcid-f6a3689d-a668-4350-af50-132b2d07b02b 100%&#8220; custom_padding=&#8220;5px|||||&#8220; da_disable_devices=&#8220;off|off|off&#8220; locked=&#8220;off&#8220; collapsed=&#8220;on&#8220; global_colors_info=&#8220;{%22gcid-f6a3689d-a668-4350-af50-132b2d07b02b%22:%91%22background_color_gradient_stops%22%93}&#8220; da_is_popup=&#8220;off&#8220; da_exit_intent=&#8220;off&#8220; da_has_close=&#8220;on&#8220; da_alt_close=&#8220;off&#8220; da_dark_close=&#8220;off&#8220; da_not_modal=&#8220;on&#8220; da_is_singular=&#8220;off&#8220; da_with_loader=&#8220;off&#8220; da_has_shadow=&#8220;on&#8220;][et_pb_row column_structure=&#8220;1_3,1_3,1_3&#8243; _builder_version=&#8220;4.22.2&#8243; _module_preset=&#8220;default&#8220; custom_margin=&#8220;-7px|auto||auto|false|false&#8220; custom_padding=&#8220;3px||0px|||&#8220; global_colors_info=&#8220;{}&#8220;][et_pb_column type=&#8220;1_3&#8243; _builder_version=&#8220;4.22.2&#8243; _module_preset=&#8220;default&#8220; background_color=&#8220;RGBA(255,255,255,0)&#8220; global_colors_info=&#8220;{}&#8220;][et_pb_blurb title=&#8220;Einkat\u00edmar \u00ed Pilates &#8220; _builder_version=&#8220;4.22.2&#8243; _module_preset=&#8220;default&#8220; header_level=&#8220;h1&#8243; header_text_color=&#8220;#000000&#8243; custom_margin=&#8220;||3px|||&#8220; border_radii=&#8220;off||||&#8220; border_color_all=&#8220;RGBA(255,255,255,0)&#8220; border_color_top=&#8220;#E09900&#8243; global_colors_info=&#8220;{}&#8220;]<\/p>\n<div>\n<p>Einstaklingst\u00edmar eru s\u00e9rhanna\u00f0ir a\u00f0 \u00fe\u00f6rf og getu hvers i\u00f0kanda<b><span>. <\/span>Til a\u00f0 kaupa og b\u00f3ka einkat\u00edma vinsamlegast hafi\u00f0 samband \u00e1 <a href=\"mailto:info@pilatesport.is\">info@pilatesport.is.<\/a><\/b><strong><\/strong><\/p>\n<p><strong><\/strong><\/p>\n<p><strong>10 t\u00edma kort <\/strong><em>(gildir \u00ed 6 m\u00e1nu\u00f0i)<\/em><br \/>125 \u00fe\u00fasund kr.<br \/><b><a href=\"mailto:info@pilatesport.is\"><\/a><\/b><\/p>\n<p><strong>5 t\u00edma kort <\/strong><em>(gildir \u00ed 3 m\u00e1nu\u00f0i)<\/em><br \/>70 \u00fe\u00fasund kr.<br \/><a href=\"https:\/\/www.sportabler.com\/shop\/pilatesport\/1\/product\/Q2x1YlNlcnZpY2U6MTkxOTI=\"><strong><span style=\"font-size: x-large;\"><\/span><\/strong><\/a><\/p>\n<p><b style=\"font-size: 14px;\">Stakur einkat\u00edmi<br \/><\/b><span style=\"font-size: 14px;\">15.000 kr.<\/span><\/p>\n<p>&nbsp;<\/p>\n<p><span style=\"font-size: x-large;\"><\/span><\/p>\n<div><\/div>\n<\/div>\n<div>\n<p><b><\/b><\/p>\n<\/div>\n<div><\/div>\n<p>[\/et_pb_blurb][\/et_pb_column][et_pb_column type=&#8220;1_3&#8243; _builder_version=&#8220;4.22.2&#8243; _module_preset=&#8220;default&#8220; global_colors_info=&#8220;{}&#8220;][\/et_pb_column][et_pb_column type=&#8220;1_3&#8243; _builder_version=&#8220;4.20.4&#8243; _module_preset=&#8220;default&#8220; global_colors_info=&#8220;{}&#8220;][et_pb_blurb title=&#8220;D\u00fa\u00f3 t\u00edmar \u00ed Pilates&#8220; _builder_version=&#8220;4.22.2&#8243; _module_preset=&#8220;default&#8220; header_level=&#8220;h1&#8243; header_text_color=&#8220;#000000&#8243; custom_padding=&#8220;||0px|||&#8220; border_radii=&#8220;off||||&#8220; border_color_all=&#8220;RGBA(255,255,255,0)&#8220; border_color_top=&#8220;#E09900&#8243; global_colors_info=&#8220;{}&#8220;]<\/p>\n<div>\n<p>\u00cd d\u00fa\u00f3 t\u00edma eru tveir i\u00f0kendur samt\u00edmis og eru t\u00edmarnir s\u00e9rhanna\u00f0ir a\u00f0 \u00fe\u00f6rfum og getu i\u00f0kandanna. <b>Til a\u00f0 kaupa og b\u00f3ka d\u00fa\u00f3-t\u00edma vinsamlegast hafi\u00f0 samband \u00e1 <a href=\"mailto:info@pilatesport.is\">info@pilatesport.is.<\/a><\/b><\/p>\n<p><strong>10 t\u00edma kort <\/strong><em>(gildir \u00ed 6 m\u00e1nu\u00f0i)<\/em><br \/>85 \u00fe\u00fasund kr. \u00e1 mann<br \/><a href=\"https:\/\/www.sportabler.com\/shop\/pilatesport\/1\/product\/Q2x1YlNlcnZpY2U6MTkxOTM=\"><strong><span style=\"font-size: x-large;\"><\/span><\/strong><\/a><\/p>\n<p><strong>5 t\u00edma kort <\/strong><em>(gildir \u00ed 3 m\u00e1nu\u00f0i)<\/em><br \/>55 \u00fe\u00fasund kr. \u00e1 mann.<\/p>\n<p>&nbsp;<\/p>\n<div><\/div>\n<\/div>\n<div>\n<p><b><\/b><\/p>\n<\/div>\n<div><\/div>\n<p>[\/et_pb_blurb][\/et_pb_column][\/et_pb_row][et_pb_row _builder_version=&#8220;4.22.2&#8243; _module_preset=&#8220;default&#8220; global_colors_info=&#8220;{}&#8220;][et_pb_column type=&#8220;4_4&#8243; _builder_version=&#8220;4.22.2&#8243; _module_preset=&#8220;default&#8220; global_colors_info=&#8220;{}&#8220;][et_pb_divider _builder_version=&#8220;4.22.2&#8243; _module_preset=&#8220;default&#8220; global_colors_info=&#8220;{}&#8220;][\/et_pb_divider][\/et_pb_column][\/et_pb_row][et_pb_row _builder_version=&#8220;4.22.2&#8243; _module_preset=&#8220;default&#8220; custom_margin=&#8220;-21px|auto||auto||&#8220; custom_padding=&#8220;11px|||||&#8220; global_colors_info=&#8220;{}&#8220;][et_pb_column type=&#8220;4_4&#8243; _builder_version=&#8220;4.22.2&#8243; _module_preset=&#8220;default&#8220; border_radii=&#8220;on|1px|1px|1px|1px&#8220; global_colors_info=&#8220;{}&#8220;][et_pb_text _builder_version=&#8220;4.22.2&#8243; _module_preset=&#8220;default&#8220; global_colors_info=&#8220;{}&#8220;]<\/p>\n<div>\n<p><strong style=\"font-size: 14px;\">Gjafabr\u00e9f \u00ed Pilates Port<\/strong><\/p>\n<p><span style=\"font-size: 14px;\">Gjafabr\u00e9f \u00e1 vins\u00e6lustu n\u00e1mskei\u00f0in okkar. <\/span><span style=\"font-size: 14px;\">Fj\u00f6gurra vikna grunnn\u00e1mskei\u00f0 hj\u00e1 Pilates Port 2x \u00ed viku.<br \/><\/span><strong style=\"font-size: 14px;\"><a href=\"https:\/\/www.sportabler.com\/shop\/pilatesport\/1\/product\/Q2x1YlNlcnZpY2U6MjQ4ODE=?\">KAUPA H\u00c9R<\/a><\/strong><\/p>\n<p>Einnig er h\u00e6gt a\u00f0 senda okkur p\u00f3st og kaupa gjafabr\u00e9f fyrir \u00e1kve\u00f0na upph\u00e6\u00f0 a\u00f0 eigin vali. Sendi\u00f0 okkur p\u00f3st \u00e1<br \/><a href=\"mailto:info@pilatesport.is\">info@pilatesport.is <\/a><\/p>\n<\/div>\n<p>&nbsp;<\/p>\n<p>[\/et_pb_text][\/et_pb_column][\/et_pb_row][\/et_pb_section][et_pb_section fb_built=&#8220;1&#8243; _builder_version=&#8220;4.22.2&#8243; _module_preset=&#8220;default&#8220; custom_padding=&#8220;||0px|||&#8220; da_disable_devices=&#8220;off|off|off&#8220; global_colors_info=&#8220;{}&#8220; da_is_popup=&#8220;off&#8220; da_exit_intent=&#8220;off&#8220; da_has_close=&#8220;on&#8220; da_alt_close=&#8220;off&#8220; da_dark_close=&#8220;off&#8220; da_not_modal=&#8220;on&#8220; da_is_singular=&#8220;off&#8220; da_with_loader=&#8220;off&#8220; da_has_shadow=&#8220;on&#8220;][et_pb_row _builder_version=&#8220;4.20.4&#8243; _module_preset=&#8220;default&#8220; custom_margin=&#8220;-43px|auto||auto||&#8220; global_colors_info=&#8220;{}&#8220;][et_pb_column type=&#8220;4_4&#8243; _builder_version=&#8220;4.20.4&#8243; _module_preset=&#8220;default&#8220; global_colors_info=&#8220;{}&#8220;][et_pb_testimonial author=&#8220;Joseph Pilates&#8220; quote_icon=&#8220;off&#8220; _builder_version=&#8220;4.22.2&#8243; _module_preset=&#8220;default&#8220; body_font=&#8220;Poppins|600|||||||&#8220; body_text_color=&#8220;#E09900&#8243; body_font_size=&#8220;32px&#8220; body_line_height=&#8220;0.7em&#8220; author_text_align=&#8220;center&#8220; use_background_color=&#8220;off&#8220; text_orientation=&#8220;center&#8220; custom_css_main_element=&#8220;max-width: 620px;||margin-left: auto;||margin-right: auto;&#8220; custom_css_testimonial_author=&#8220;margin-top: 0px&#8220; border_color_all_portrait=&#8220;#E09900&#8243; global_colors_info=&#8220;{}&#8220;]<\/p>\n<p class=\"p1\" style=\"text-align: center;\"><span style=\"color: #5b5b5b; font-size: large;\"><i>\u00de\u00fa munt l\u00ed\u00f0a betur eftir t\u00edu lotur, l\u00edta betur \u00fat eftir tuttugu lotur og hafa alveg n\u00fdjan l\u00edkama \u00ed \u00ferj\u00e1t\u00edu lotum.<\/i><\/span><\/p>\n<p>[\/et_pb_testimonial][\/et_pb_column][\/et_pb_row][\/et_pb_section]<\/p>\n","protected":false},"excerpt":{"rendered":"<p>Einstaklingst\u00edmar eru s\u00e9rhanna\u00f0ir a\u00f0 \u00fe\u00f6rf og getu hvers i\u00f0kanda. Til a\u00f0 kaupa og b\u00f3ka einkat\u00edma vinsamlegast hafi\u00f0 samband \u00e1 info@pilatesport.is. 10 t\u00edma kort (gildir \u00ed 6 m\u00e1nu\u00f0i)125 \u00fe\u00fasund kr. 5 t\u00edma kort (gildir \u00ed 3 m\u00e1nu\u00f0i)70 \u00fe\u00fasund kr. Stakur einkat\u00edmi15.000 kr. &nbsp; \u00cd d\u00fa\u00f3 t\u00edma eru tveir i\u00f0kendur samt\u00edmis og eru t\u00edmarnir s\u00e9rhanna\u00f0ir a\u00f0 \u00fe\u00f6rfum [&hellip;]<\/p>\n","protected":false},"author":1,"featured_media":0,"parent":0,"menu_order":0,"comment_status":"closed","ping_status":"closed","template":"","meta":{"_et_pb_use_builder":"on","_et_pb_old_content":"","_et_gb_content_width":"","footnotes":""},"class_list":["post-153","page","type-page","status-publish","hentry"],"_links":{"self":[{"href":"https:\/\/pilatesport.is\/is\/wp-json\/wp\/v2\/pages\/153","targetHints":{"allow":["GET"]}}],"collection":[{"href":"https:\/\/pilatesport.is\/is\/wp-json\/wp\/v2\/pages"}],"about":[{"href":"https:\/\/pilatesport.is\/is\/wp-json\/wp\/v2\/types\/page"}],"author":[{"embeddable":true,"href":"https:\/\/pilatesport.is\/is\/wp-json\/wp\/v2\/users\/1"}],"replies":[{"embeddable":true,"href":"https:\/\/pilatesport.is\/is\/wp-json\/wp\/v2\/comments?post=153"}],"version-history":[{"count":415,"href":"https:\/\/pilatesport.is\/is\/wp-json\/wp\/v2\/pages\/153\/revisions"}],"predecessor-version":[{"id":3914,"href":"https:\/\/pilatesport.is\/is\/wp-json\/wp\/v2\/pages\/153\/revisions\/3914"}],"wp:attachment":[{"href":"https:\/\/pilatesport.is\/is\/wp-json\/wp\/v2\/media?parent=153"}],"curies":[{"name":"wp","href":"https:\/\/api.w.org\/{rel}","templated":true}]}}