{"id":1736,"date":"2024-04-11T18:31:19","date_gmt":"2024-04-11T18:31:19","guid":{"rendered":"https:\/\/pilatesport.is\/?page_id=1736"},"modified":"2026-05-12T08:49:43","modified_gmt":"2026-05-12T08:49:43","slug":"sumar25","status":"publish","type":"page","link":"https:\/\/pilatesport.is\/is\/sumar25\/","title":{"rendered":"Sumarkort 2026"},"content":{"rendered":"<p>[et_pb_section fb_built=&#8220;1&#8243; custom_padding_last_edited=&#8220;on|tablet&#8220; admin_label=&#8220;Header&#8220; _builder_version=&#8220;4.22.2&#8243; background_enable_color=&#8220;off&#8220; background_enable_image=&#8220;off&#8220; background_position=&#8220;top_right&#8220; background_blend=&#8220;soft-light&#8220; custom_padding=&#8220;23px|||||&#8220; custom_padding_tablet=&#8220;60px||||false|false&#8220; custom_padding_phone=&#8220;&#8220; da_disable_devices=&#8220;off|off|off&#8220; global_colors_info=&#8220;{}&#8220; da_is_popup=&#8220;off&#8220; da_exit_intent=&#8220;off&#8220; da_has_close=&#8220;on&#8220; da_alt_close=&#8220;off&#8220; da_dark_close=&#8220;off&#8220; da_not_modal=&#8220;on&#8220; da_is_singular=&#8220;off&#8220; da_with_loader=&#8220;off&#8220; da_has_shadow=&#8220;on&#8220;][et_pb_row _builder_version=&#8220;4.22.2&#8243; _module_preset=&#8220;default&#8220; hover_enabled=&#8220;0&#8243; global_colors_info=&#8220;{}&#8220; sticky_enabled=&#8220;0&#8243; custom_padding=&#8220;||5px|||&#8220;][et_pb_column type=&#8220;4_4&#8243; _builder_version=&#8220;4.22.2&#8243; _module_preset=&#8220;default&#8220; background_color=&#8220;#FFFFFF&#8220; custom_padding=&#8220;15px|6px|6px|0px|false|false&#8220; global_colors_info=&#8220;{}&#8220;][et_pb_heading title=&#8220;Sumarpilates  2026&#8243; _builder_version=&#8220;4.22.2&#8243; _module_preset=&#8220;default&#8220; title_font=&#8220;Poppins|600|||||||&#8220; title_text_color=&#8220;#8ba888&#8243; title_font_size=&#8220;27px&#8220; custom_margin=&#8220;||2px|||&#8220; hover_enabled=&#8220;0&#8243; global_colors_info=&#8220;{}&#8220; sticky_enabled=&#8220;0&#8243;][\/et_pb_heading][\/et_pb_column][\/et_pb_row][et_pb_row column_structure=&#8220;1_2,1_2&#8243; _builder_version=&#8220;4.22.2&#8243; _module_preset=&#8220;default&#8220; custom_padding=&#8220;2px|||||&#8220; hover_enabled=&#8220;0&#8243; border_style_all=&#8220;none&#8220; global_colors_info=&#8220;{}&#8220; sticky_enabled=&#8220;0&#8243;][et_pb_column type=&#8220;1_2&#8243; _builder_version=&#8220;4.22.2&#8243; _module_preset=&#8220;default&#8220; background_color=&#8220;RGBA(255,255,255,0)&#8220; custom_padding=&#8220;0px|0px|0px|0px|true|true&#8220; border_radii=&#8220;on|1px|1px|1px|1px&#8220; border_color_all=&#8220;#8ba888&#8243; border_style_all=&#8220;none&#8220; global_colors_info=&#8220;{}&#8220;][et_pb_text _builder_version=&#8220;4.22.2&#8243; _module_preset=&#8220;default&#8220; custom_margin=&#8220;||6px|||&#8220; custom_padding=&#8220;||0px|||&#8220; global_colors_info=&#8220;{}&#8220; min_height=&#8220;590px&#8220;]<\/p>\n<div id=\"abler-shop\">\n<div class=\"css-w1amky\">\n<div class=\"css-vooagt\">\n<div class=\"css-0\">\n<div class=\"chakra-container css-18pns8x\">\n<div class=\"css-1sq45r8\">\n<div class=\"sun-editor-editable\">\n<div class=\"chakra-stack css-1wu7m53\">\n<div class=\"chakra-stack css-99eh4w\">\n<div class=\"chakra-stack css-1d7pqnh\">\n<div class=\"sun-editor-editable css-nduptp\">\n<div>\n<p><strong>Sumarpilates hefst 1. j\u00fan\u00ed &#8211; 21. \u00e1g\u00fast\u00a0<\/strong><\/p>\n<p>\u00cd sumar \u00e6tlum vi\u00f0 a\u00f0 bj\u00f3\u00f0a upp \u00e1 opna t\u00edma fr\u00e1 1. j\u00fan\u00ed til og me\u00f0 21. \u00e1g\u00fast 2026. <strong>H\u00e6gt er a\u00f0 kaupa 5, 10 og 20 skipta kort<\/strong> og endurn\u00fdja kortin eins oft og \u00fei\u00f0 vilji\u00f0 \u00ed allt sumar. Pilates Port tekur sumarfr\u00ed \u00ed tv\u00e6r vikur fr\u00e1 20. j\u00fal\u00ed til 4. \u00e1g\u00fast og \u00fe\u00e1 eru engir t\u00edmar \u00ed bo\u00f0i. Kennt ver\u00f0ur \u00e1 d\u00fdnur\/tower og einhverjir reformer t\u00edmar ver\u00f0a einnig \u00ed bo\u00f0i. T\u00edmarnir henta \u00f6llum getustigum. \u00d6ll skr\u00e1ning fer fram \u00ed gegnum Abler. Hl\u00f6kkum til sumarsins me\u00f0 ykkur.<\/p>\n<p><strong><span style=\"font-size: medium; color: #8ba888;\">Sumardagskr\u00e1<\/span><br \/><\/strong><span style=\"color: #8ba888;\">M\u00e1nudagur<\/span><br \/>kl. 8\u00a0 <em>Tower\/d\u00fdnut\u00edmi\u00a0 \u00a0<br \/><\/em>kl. 12.05\u00a0 <em>Reformer <\/em><\/p>\n<p><span style=\"color: #8ba888;\">\u00deri\u00f0judagur<\/span><br \/>Kl. 7\u00a0 <em>Reformer<br \/><\/em><span style=\"font-size: 12px;\">kl. 9\u00a0 <\/span><em style=\"font-size: 12px;\">Tower\/d\u00fdnut\u00edmi<\/em><\/p>\n<p><span style=\"color: #8ba888;\">Mi\u00f0vikudagur<\/span><br \/>kl. 8\u00a0 <em>Tower\/d\u00fdnut\u00edmi\u00a0<br \/><\/em>Kl. 9\u00a0 <em>Str\u00e1kat\u00edmi\u00a0 \u00a0\u00a0<\/em><br \/>kl. 12.05<em>\u00a0 Tower\/d\u00fdnut\u00edmi<\/em><\/p>\n<p><span style=\"color: #8ba888;\">Fimmtudagur<\/span><br \/>kl. 7\u00a0\u00a0<em>Tower\/d\u00fdnut\u00edmi<br \/><\/em><span style=\"font-size: 12px;\">kl. 9\u00a0 <\/span><em style=\"font-size: 12px;\">Tower\/d\u00fdnut\u00edmi<\/em><\/p>\n<p><span style=\"font-size: 12px;\"><span style=\"color: #8ba888;\">F\u00f6studagur<\/span><br \/><\/span>kl. 12.05\u00a0 <em>Tower\/d\u00fdnut\u00edmi<\/em><\/p>\n<\/div>\n<\/div>\n<\/div>\n<\/div>\n<div class=\"chakra-stack css-4exum1\"><\/div>\n<\/div>\n<div class=\"chakra-stack css-rou4ue\">\n<div class=\"chakra-stack css-1m9chu2\"><\/div>\n<\/div>\n<\/div>\n<\/div>\n<\/div>\n<\/div>\n<\/div>\n<\/div>\n<\/div>\n<p>[\/et_pb_text][et_pb_divider _builder_version=&#8220;4.22.2&#8243; _module_preset=&#8220;default&#8220; custom_margin=&#8220;||4px|||&#8220; global_colors_info=&#8220;{}&#8220;][\/et_pb_divider][et_pb_button button_url=&#8220;https:\/\/www.abler.io\/shop\/pilatesport\/1\/product\/Q2x1YlNlcnZpY2U6NTcyOTE=?fbclid=IwY2xjawRvL8BleHRuA2FlbQIxMABicmlkETF4WGkzc3JjT0VSVW1kaWdGc3J0YwZhcHBfaWQQMjIyMDM5MTc4ODIwMDg5MgABHouZHcMcge2GRnRhSyxYfy8wuvTopyBPyTA6d6a4Fen1FD80I9dtLUeHiabO_aem_MkST5m6vbps5OBnNJh81QQ&#8220; button_text=&#8220;Kaupa kort&#8220; _builder_version=&#8220;4.22.2&#8243; _module_preset=&#8220;default&#8220; hover_enabled=&#8220;0&#8243; global_colors_info=&#8220;{}&#8220; sticky_enabled=&#8220;0&#8243;][\/et_pb_button][et_pb_text _builder_version=&#8220;4.22.2&#8243; _module_preset=&#8220;default&#8220; custom_margin=&#8220;||6px|||&#8220; hover_enabled=&#8220;0&#8243; global_colors_info=&#8220;{}&#8220; sticky_enabled=&#8220;0&#8243;]<\/p>\n<ul>\n<li>T\u00edmabil: 1. j\u00fan\u00ed til 21. \u00e1g\u00fast<\/li>\n<li>H\u00e6gt a\u00f0 kaupa 5, 10 og 20 t\u00edma <strong><a href=\"https:\/\/www.abler.io\/shop\/pilatesport\/1\/product\/Q2x1YlNlcnZpY2U6NTc0ODk=?fbclid=IwY2xjawRvyONleHRuA2FlbQIxMABicmlkETF4WGkzc3JjT0VSVW1kaWdGc3J0YwZhcHBfaWQQMjIyMDM5MTc4ODIwMDg5MgABHkWxe2Nw1d2W59ezs-zKkHS8O7Q6B2MN-hHrdcRixb6JYVUL947CvJm_SU0N_aem__k6XamtRS_I8ANccsxp8zQ\">sumarklippikort<\/a><\/strong><\/li>\n<li>A\u00f0eins 6-8 manns \u00ed t\u00edma.<\/li>\n<li>Unni\u00f0 er \u00e1 d\u00fdnum og Wall\/Tower units, s\u00e9r\u00fatb\u00fanum Pilates t\u00e6kjum.<\/li>\n<li>Sumarfr\u00ed 20. j\u00fal\u00ed &#8211; 4. \u00e1g\u00fast (loka\u00f0)<\/li>\n<li>Panta \u00fearf t\u00edma \u00ed <a href=\"https:\/\/www.sportabler.com\/classes\/pilatesport?date\">Abler<\/a><\/li>\n<\/ul>\n<p>[\/et_pb_text][et_pb_divider _builder_version=&#8220;4.22.2&#8243; _module_preset=&#8220;default&#8220; global_colors_info=&#8220;{}&#8220;][\/et_pb_divider][et_pb_button button_url=&#8220;https:\/\/www.sportabler.com\/classes\/pilatesport?date&#8220; button_text=&#8220;Skr\u00e1\u00f0u \u00feig h\u00e9r \u00ed t\u00edma!&#8220; button_alignment=&#8220;left&#8220; button_alignment_last_edited=&#8220;off|desktop&#8220; _builder_version=&#8220;4.22.2&#8243; _module_preset=&#8220;31b4f027-aaa0-4f2f-ae02-959764e19e4f&#8220; custom_padding=&#8220;16px|20px|16px|20px|true|true&#8220; hover_enabled=&#8220;0&#8243; locked=&#8220;off&#8220; global_colors_info=&#8220;{}&#8220; sticky_enabled=&#8220;0&#8243;][\/et_pb_button][\/et_pb_column][et_pb_column type=&#8220;1_2&#8243; _builder_version=&#8220;4.22.2&#8243; _module_preset=&#8220;default&#8220; background_color=&#8220;#FFFFFF&#8220; custom_padding=&#8220;0px|0px|0px|0px|true|true&#8220; border_radii=&#8220;on|1px|1px|1px|1px&#8220; border_color_all=&#8220;#E09900&#8243; border_style_all=&#8220;none&#8220; global_colors_info=&#8220;{}&#8220;][et_pb_image src=&#8220;https:\/\/pilatesport.is\/wp-content\/uploads\/2026\/05\/ppdiljamatt-scaled.jpg&#8220; title_text=&#8220;ppdiljamatt&#8220; _builder_version=&#8220;4.22.2&#8243; _module_preset=&#8220;default&#8220; global_colors_info=&#8220;{}&#8220;][\/et_pb_image][\/et_pb_column][\/et_pb_row][\/et_pb_section][et_pb_section fb_built=&#8220;1&#8243; _builder_version=&#8220;4.22.2&#8243; _module_preset=&#8220;default&#8220; custom_margin=&#8220;-26px|||||&#8220; da_disable_devices=&#8220;off|off|off&#8220; global_colors_info=&#8220;{}&#8220; da_is_popup=&#8220;off&#8220; da_exit_intent=&#8220;off&#8220; da_has_close=&#8220;on&#8220; da_alt_close=&#8220;off&#8220; da_dark_close=&#8220;off&#8220; da_not_modal=&#8220;on&#8220; da_is_singular=&#8220;off&#8220; da_with_loader=&#8220;off&#8220; da_has_shadow=&#8220;on&#8220;][et_pb_row _builder_version=&#8220;4.22.2&#8243; _module_preset=&#8220;default&#8220; custom_padding=&#8220;0px||0px|||&#8220; global_colors_info=&#8220;{}&#8220;][et_pb_column type=&#8220;4_4&#8243; _builder_version=&#8220;4.22.2&#8243; _module_preset=&#8220;default&#8220; global_colors_info=&#8220;{}&#8220;][et_pb_text _builder_version=&#8220;4.22.2&#8243; _module_preset=&#8220;1f09816e-184e-4ce5-a4cf-b39c52c423ca&#8220; text_font=&#8220;Open Sans|300|||||||&#8220; text_text_color=&#8220;#000000&#8243; text_font_size=&#8220;13px&#8220; text_line_height=&#8220;1.8em&#8220; text_orientation=&#8220;center&#8220; custom_margin=&#8220;0px||||false|false&#8220; hover_enabled=&#8220;0&#8243; text_font_size_tablet=&#8220;15px&#8220; text_font_size_phone=&#8220;14px&#8220; text_font_size_last_edited=&#8220;on|phone&#8220; header_font_size_tablet=&#8220;55px&#8220; header_font_size_last_edited=&#8220;off|desktop&#8220; global_colors_info=&#8220;{}&#8220; sticky_enabled=&#8220;0&#8243;]<\/p>\n<p style=\"text-align: left;\"><strong>Skr\u00e1ning \u00ed t\u00edma eing\u00f6ngu \u00e1 Abler. Muni\u00f0 a\u00f0 skr\u00e1 ykkur inn \u00feegar \u00fei\u00f0 m\u00e6ti\u00f0 \u00ed t\u00edma. Afb\u00f3ka ver\u00f0ur \u00ed t\u00edma me\u00f0 24 klk. fyrirvara.<br \/><\/strong>15% st\u00fadentaafsl\u00e1ttur er veittur gegn st\u00fadentaskilr\u00edki. Vinsamlega hafi\u00f0 samband \u00e1<a href=\"mailto:%20info@pilatesport.is\">\u00a0info@pilatesport.is<\/a><strong><br \/><\/strong><\/p>\n<p>[\/et_pb_text][et_pb_text _builder_version=&#8220;4.22.2&#8243; _module_preset=&#8220;default&#8220; custom_margin=&#8220;||-4px|||&#8220; global_colors_info=&#8220;{}&#8220;][\/et_pb_text][\/et_pb_column][\/et_pb_row][\/et_pb_section]<\/p>\n","protected":false},"excerpt":{"rendered":"<p>Sumarpilates hefst 1. j\u00fan\u00ed &#8211; 21. \u00e1g\u00fast\u00a0 \u00cd sumar \u00e6tlum vi\u00f0 a\u00f0 bj\u00f3\u00f0a upp \u00e1 opna t\u00edma fr\u00e1 1. j\u00fan\u00ed til og me\u00f0 21. \u00e1g\u00fast 2026. H\u00e6gt er a\u00f0 kaupa 5, 10 og 20 skipta kort og endurn\u00fdja kortin eins oft og \u00fei\u00f0 vilji\u00f0 \u00ed allt sumar. Pilates Port tekur sumarfr\u00ed \u00ed tv\u00e6r vikur fr\u00e1 [&hellip;]<\/p>\n","protected":false},"author":1,"featured_media":0,"parent":0,"menu_order":0,"comment_status":"closed","ping_status":"closed","template":"","meta":{"_et_pb_use_builder":"on","_et_pb_old_content":"","_et_gb_content_width":"","footnotes":""},"class_list":["post-1736","page","type-page","status-publish","hentry"],"_links":{"self":[{"href":"https:\/\/pilatesport.is\/is\/wp-json\/wp\/v2\/pages\/1736","targetHints":{"allow":["GET"]}}],"collection":[{"href":"https:\/\/pilatesport.is\/is\/wp-json\/wp\/v2\/pages"}],"about":[{"href":"https:\/\/pilatesport.is\/is\/wp-json\/wp\/v2\/types\/page"}],"author":[{"embeddable":true,"href":"https:\/\/pilatesport.is\/is\/wp-json\/wp\/v2\/users\/1"}],"replies":[{"embeddable":true,"href":"https:\/\/pilatesport.is\/is\/wp-json\/wp\/v2\/comments?post=1736"}],"version-history":[{"count":89,"href":"https:\/\/pilatesport.is\/is\/wp-json\/wp\/v2\/pages\/1736\/revisions"}],"predecessor-version":[{"id":4099,"href":"https:\/\/pilatesport.is\/is\/wp-json\/wp\/v2\/pages\/1736\/revisions\/4099"}],"wp:attachment":[{"href":"https:\/\/pilatesport.is\/is\/wp-json\/wp\/v2\/media?parent=1736"}],"curies":[{"name":"wp","href":"https:\/\/api.w.org\/{rel}","templated":true}]}}