{"id":1905,"date":"2024-05-17T12:04:47","date_gmt":"2024-05-17T12:04:47","guid":{"rendered":"https:\/\/pilatesport.is\/?page_id=1905"},"modified":"2026-03-19T22:35:55","modified_gmt":"2026-03-19T22:35:55","slug":"reformer","status":"publish","type":"page","link":"https:\/\/pilatesport.is\/is\/reformer\/","title":{"rendered":"Reformer n\u00e1mskei\u00f0"},"content":{"rendered":"<p>[et_pb_section fb_built=&#8220;1&#8243; _builder_version=&#8220;4.22.2&#8243; _module_preset=&#8220;default&#8220; background_color=&#8220;#FFFFFF&#8220; custom_margin=&#8220;1px|||||&#8220; da_disable_devices=&#8220;off|off|off&#8220; global_colors_info=&#8220;{}&#8220; da_is_popup=&#8220;off&#8220; da_exit_intent=&#8220;off&#8220; da_has_close=&#8220;on&#8220; da_alt_close=&#8220;off&#8220; da_dark_close=&#8220;off&#8220; da_not_modal=&#8220;on&#8220; da_is_singular=&#8220;off&#8220; da_with_loader=&#8220;off&#8220; da_has_shadow=&#8220;on&#8220;][et_pb_row column_structure=&#8220;1_2,1_2&#8243; _builder_version=&#8220;4.22.2&#8243; _module_preset=&#8220;default&#8220; custom_padding=&#8220;9px||0px|||&#8220; global_colors_info=&#8220;{}&#8220;][et_pb_column type=&#8220;1_2&#8243; _builder_version=&#8220;4.22.2&#8243; _module_preset=&#8220;default&#8220; global_colors_info=&#8220;{}&#8220;][et_pb_image src=&#8220;https:\/\/pilatesport.is\/wp-content\/uploads\/2025\/08\/reformer-scaled.jpg&#8220; title_text=&#8220;reformer&#8220; _builder_version=&#8220;4.22.2&#8243; _module_preset=&#8220;default&#8220; global_colors_info=&#8220;{}&#8220;][\/et_pb_image][\/et_pb_column][et_pb_column type=&#8220;1_2&#8243; _builder_version=&#8220;4.22.2&#8243; _module_preset=&#8220;default&#8220; global_colors_info=&#8220;{}&#8220;][et_pb_heading title=&#8220;Pilates Reformer n\u00e1mskei\u00f0&#8220; _builder_version=&#8220;4.22.2&#8243; _module_preset=&#8220;default&#8220; global_colors_info=&#8220;{}&#8220;][\/et_pb_heading][et_pb_text _builder_version=&#8220;4.22.2&#8243; _module_preset=&#8220;default&#8220; custom_margin=&#8220;-20px||3px|||&#8220; custom_padding=&#8220;0px||0px|||&#8220; inline_fonts=&#8220;Aboreto,Abhaya Libre&#8220; global_colors_info=&#8220;{}&#8220;]<\/p>\n<p>Reformer n\u00e1mskei\u00f0 fyrir byrjendur. F\u00f6rum vel \u00ed gegnum allar grunn\u00e6fingarnar \u00e1 Reformernum. N\u00e1mskei\u00f0i\u00f0 er kennt 2x \u00ed viku (10 skipti). Einungis fj\u00f3rir \u00e1 hverju n\u00e1mskei\u00f0i.<\/p>\n<div class=\"html-div xdj266r x14z9mp xat24cr x1lziwak xexx8yu xyri2b x18d9i69 x1c1uobl xeuugli x1vjfegm\">\n<div role=\"presentation\" class=\"html-div xdj266r x14z9mp xat24cr x1lziwak xexx8yu xyri2b x18d9i69 x1c1uobl x78zum5 xh8yej3\">\n<div class=\"x78zum5 xdt5ytf x193iq5w x1n2onr6 x1kxipp6 xuk3077\">\n<div class=\"x78zum5 xh8yej3\" role=\"none\">\n<div class=\"html-div xdj266r x14z9mp xat24cr x1lziwak xexx8yu xyri2b x18d9i69 x1c1uobl x6ikm8r x10wlt62\">\n<div role=\"presentation\" class=\"html-div xdj266r x14z9mp xat24cr x1lziwak x14ctfv x13sv91t x6ikm8r x10wlt62 xerhiuh x1pn3fxy x10zy8in xm9bcq3 x1n2onr6 x1vjfegm x1k4qllp x1mzt3pk x13faqbe x11jlvup xpmdkuv xrmkrer x12z03op x9wyiwl x13fuv20 x18b5jzi x1q0q8m5 x1t7ytsu x12lizq0 x1nrdd72 x1ybe9c6 xx487zo xaymx6s x1lu5o8o x1ou5ly4 xofb2d2\">\n<div dir=\"auto\" class=\"html-div xexx8yu xyri2b x18d9i69 x1c1uobl x1gslohp x14z9mp x12nagc x1lziwak x1yc453h x126k92a xyk4ms5\">\n<p><strong>\u00a0<\/strong><\/p>\n<p><strong>Reformer grunnn\u00e1mskei\u00f0*<br \/><\/strong> 8. apr\u00edl \u2013 11. ma\u00ed<br \/>M\u00e1n og mi\u00f0 kl. 16:00-16:55<br \/>Ver\u00f0: 65.000 kr.<br \/><a href=\"https:\/\/www.abler.io\/shop\/pilatesport\/1\/product\/Q2x1YlNlcnZpY2U6NTUxNzY=?fbclid=IwY2xjawQpWPxleHRuA2FlbQIxMABicmlkETFVeWpGUnVhSTg0TXVzdGduc3J0YwZhcHBfaWQQMjIyMDM5MTc4ODIwMDg5MgABHjk_BZEieBBtFF6yS4eXus0Nb2kVwvIyvHblnl5UV3b9OEuckIbEyRrLwrU7_aem_SaMf1fFx9jcOISPU93Im9Q\"><strong>SKR\u00c1NING H\u00c9R<\/strong><\/a><\/p>\n<p><strong>Reformer grunnn\u00e1mskei\u00f0*<br \/><\/strong> 24. feb \u2013 26. mars<br \/>\u00deri og fim kl. 16:00-16:55<br \/>Ver\u00f0: 65.000 kr. <span style=\"color: #e02b20;\">Uppselt<\/span><br \/><a href=\"https:\/\/www.abler.io\/shop\/pilatesport\/1\/product\/Q2x1YlNlcnZpY2U6NTMyNjg=\"><strong>SKR\u00c1NING H\u00c9R<\/strong><\/a><\/p>\n<p><strong>Reformer grunnn\u00e1mskei\u00f0*<br \/><\/strong> 24. feb \u2013 26. mars<br \/>\u00deri og fim kl. 19:00-19:55<br \/>Ver\u00f0: 65.000 kr. <span style=\"color: #e02b20;\">Eitt pl\u00e1ss laust<\/span><br \/><a href=\"https:\/\/www.abler.io\/shop\/pilatesport\/1\/product\/Q2x1YlNlcnZpY2U6NTM1MDU=?fbclid=IwY2xjawPy8zRleHRuA2FlbQIxMABicmlkETF4YkpRWng5YVdQcUNDaW5Lc3J0YwZhcHBfaWQQMjIyMDM5MTc4ODIwMDg5MgABHvah8WZ6M3QNOSId8rRTg3PjXZ8eDV9ZkfufaSEYfJa4XnjzzW14iONI4Zkx_aem_qhZVkSdayuUMT6X0NGGYSA\"><strong>SKR\u00c1NING H\u00c9R<\/strong><\/a><\/p>\n<h2><span style=\"color: #afafaf; font-size: x-small;\"><a href=\"https:\/\/pilatesport.is\/is\/skilmalar\/'\" style=\"color: #afafaf;\">*Skilm\u00e1lar hj\u00e1 PP<\/a> <\/span><\/h2>\n<\/div>\n<\/div>\n<\/div>\n<\/div>\n<\/div>\n<\/div>\n<\/div>\n<h2><span style=\"font-size: x-small; color: #afafaf;\"><\/span><\/h2>\n<div id=\"abler-shop\">\n<div class=\"css-w1amky\">\n<div class=\"css-19j8at9\">\n<div class=\"chakra-container css-1bsts4o\">\n<div class=\"css-0\">\n<div class=\"css-1dpi9mr\">\n<div class=\"sun-editor-editable\">\n<div id=\"abler-shop\">\n<div class=\"css-w1amky\">\n<div class=\"css-19j8at9\">\n<div class=\"chakra-container css-1bsts4o\">\n<div class=\"css-0\">\n<div class=\"css-1dpi9mr\">\n<div class=\"sun-editor-editable\">\n<h2>\u00a0<\/h2>\n<p>&nbsp;<\/p>\n<\/div>\n<\/div>\n<\/div>\n<\/div>\n<\/div>\n<\/div>\n<\/div>\n<p><strong><br \/><\/strong><strong><\/strong><strong><a href=\"https:\/\/www.abler.io\/shop\/pilatesport\/1\/product\/Q2x1YlNlcnZpY2U6MzQ0NjM=\"><\/a><\/strong><\/p>\n<p><span style=\"font-size: 14px;\"><\/span><strong><br \/><\/strong><\/p>\n<blockquote><\/blockquote>\n<\/div>\n<\/div>\n<\/div>\n<\/div>\n<\/div>\n<\/div>\n<\/div>\n<div id=\"freshworks-container\" data-html2canvas-ignore=\"true\"><\/div>\n<p>[\/et_pb_text][\/et_pb_column][\/et_pb_row][et_pb_row _builder_version=&#8220;4.22.2&#8243; _module_preset=&#8220;default&#8220; global_colors_info=&#8220;{}&#8220;][et_pb_column type=&#8220;4_4&#8243; _builder_version=&#8220;4.22.2&#8243; _module_preset=&#8220;default&#8220; global_colors_info=&#8220;{}&#8220;][\/et_pb_column][\/et_pb_row][et_pb_row column_structure=&#8220;3_5,2_5&#8243; _builder_version=&#8220;4.22.2&#8243; _module_preset=&#8220;default&#8220; custom_padding=&#8220;13px|||||&#8220; global_colors_info=&#8220;{}&#8220;][et_pb_column type=&#8220;3_5&#8243; _builder_version=&#8220;4.22.2&#8243; _module_preset=&#8220;default&#8220; global_colors_info=&#8220;{}&#8220;][et_pb_text _builder_version=&#8220;4.22.2&#8243; _module_preset=&#8220;default&#8220; global_colors_info=&#8220;{}&#8220;]<\/p>\n<div class=\"html-div xe8uvvx xdj266r x11i5rnm xat24cr x1mh8g0r xexx8yu x4uap5 x18d9i69 xkhd6sd x6ikm8r x10wlt62\">\n<div role=\"presentation\" class=\"html-div xe8uvvx xdj266r x11i5rnm xat24cr x1mh8g0r x14ctfv x1okitfd x1k4qllp x6ikm8r x10wlt62 x1y1aw1k xwib8y2 x1ye3gou xn6708d x1n2onr6 x1vjfegm x1mzt3pk x13faqbe x1xr0vuk x1jm4cbz x1lmq8lz xrrpcnn x1xtl47e x13fuv20 xu3j5b3 x1q0q8m5 x26u7qi x19livfd x2t687o x3p3xfz x5od304 x1tlxs6b x1g8br2z x1gn5b1j x230xth\">\n<div dir=\"auto\" class=\"html-div xe8uvvx xexx8yu x4uap5 x18d9i69 xkhd6sd x1gslohp x11i5rnm x12nagc x1mh8g0r x1yc453h x126k92a x18lvrbx\"><strong>Hva\u00f0 er Reformer?<\/strong><\/div>\n<div dir=\"auto\" class=\"html-div xe8uvvx xexx8yu x4uap5 x18d9i69 xkhd6sd x1gslohp x11i5rnm x12nagc x1mh8g0r x1yc453h x126k92a x18lvrbx\"><\/div>\n<div dir=\"auto\" class=\"html-div xe8uvvx xexx8yu x4uap5 x18d9i69 xkhd6sd x1gslohp x11i5rnm x12nagc x1mh8g0r x1yc453h x126k92a x18lvrbx\">Reformer pilates bekkurinn var hanna\u00f0ur af upphafsmanni Pilates t\u00e6kninnar Joseph Pilates. I\u00f0kandinn notar eigin l\u00edkams\u00feyngd og v\u00f6\u00f0va til a\u00f0 \u00fdta og draga vagninn eftir ramma bekksins. Alhli\u00f0a \u00fej\u00e1lfun sem byggir \u00e1 fj\u00f6lda m\u00f3tst\u00f6\u00f0u\u00e6finga til a\u00f0 b\u00e6ta styrk, li\u00f0leika, jafnv\u00e6gi og l\u00edkamsst\u00f6\u00f0u. Pilates\u00e6fingar \u00e1 reformer t\u00f3na og lengja v\u00f6\u00f0va l\u00edkamans.\u00a0<\/div>\n<\/div>\n<\/div>\n<div role=\"presentation\" class=\"html-div xe8uvvx xdj266r x11i5rnm xat24cr x1mh8g0r xexx8yu x4uap5 x18d9i69 xkhd6sd x1h91t0o xkh2ocl x78zum5 xdt5ytf x13a6bvl x193iq5w x1iyjqo2 x1eb86dx\"><\/div>\n<p>[\/et_pb_text][\/et_pb_column][et_pb_column type=&#8220;2_5&#8243; _builder_version=&#8220;4.22.2&#8243; _module_preset=&#8220;default&#8220; global_colors_info=&#8220;{}&#8220;][et_pb_image src=&#8220;https:\/\/pilatesport.is\/wp-content\/uploads\/2024\/05\/reformer.jpg&#8220; title_text=&#8220;reformer&#8220; _builder_version=&#8220;4.22.2&#8243; _module_preset=&#8220;default&#8220; global_colors_info=&#8220;{}&#8220;][\/et_pb_image][\/et_pb_column][\/et_pb_row][\/et_pb_section]<\/p>\n","protected":false},"excerpt":{"rendered":"<p>Reformer n\u00e1mskei\u00f0 fyrir byrjendur. F\u00f6rum vel \u00ed gegnum allar grunn\u00e6fingarnar \u00e1 Reformernum. N\u00e1mskei\u00f0i\u00f0 er kennt 2x \u00ed viku (10 skipti). Einungis fj\u00f3rir \u00e1 hverju n\u00e1mskei\u00f0i. \u00a0 Reformer grunnn\u00e1mskei\u00f0* 8. apr\u00edl \u2013 11. ma\u00edM\u00e1n og mi\u00f0 kl. 16:00-16:55Ver\u00f0: 65.000 kr.SKR\u00c1NING H\u00c9R Reformer grunnn\u00e1mskei\u00f0* 24. feb \u2013 26. mars\u00deri og fim kl. 16:00-16:55Ver\u00f0: 65.000 kr. UppseltSKR\u00c1NING H\u00c9R [&hellip;]<\/p>\n","protected":false},"author":1,"featured_media":0,"parent":0,"menu_order":0,"comment_status":"closed","ping_status":"closed","template":"","meta":{"_et_pb_use_builder":"on","_et_pb_old_content":"","_et_gb_content_width":"","footnotes":""},"class_list":["post-1905","page","type-page","status-publish","hentry"],"_links":{"self":[{"href":"https:\/\/pilatesport.is\/is\/wp-json\/wp\/v2\/pages\/1905","targetHints":{"allow":["GET"]}}],"collection":[{"href":"https:\/\/pilatesport.is\/is\/wp-json\/wp\/v2\/pages"}],"about":[{"href":"https:\/\/pilatesport.is\/is\/wp-json\/wp\/v2\/types\/page"}],"author":[{"embeddable":true,"href":"https:\/\/pilatesport.is\/is\/wp-json\/wp\/v2\/users\/1"}],"replies":[{"embeddable":true,"href":"https:\/\/pilatesport.is\/is\/wp-json\/wp\/v2\/comments?post=1905"}],"version-history":[{"count":131,"href":"https:\/\/pilatesport.is\/is\/wp-json\/wp\/v2\/pages\/1905\/revisions"}],"predecessor-version":[{"id":3996,"href":"https:\/\/pilatesport.is\/is\/wp-json\/wp\/v2\/pages\/1905\/revisions\/3996"}],"wp:attachment":[{"href":"https:\/\/pilatesport.is\/is\/wp-json\/wp\/v2\/media?parent=1905"}],"curies":[{"name":"wp","href":"https:\/\/api.w.org\/{rel}","templated":true}]}}