{"id":2145,"date":"2024-07-22T11:20:45","date_gmt":"2024-07-22T11:20:45","guid":{"rendered":"https:\/\/pilatesport.is\/?page_id=2145"},"modified":"2026-03-20T17:31:23","modified_gmt":"2026-03-20T17:31:23","slug":"namskeid","status":"publish","type":"page","link":"https:\/\/pilatesport.is\/is\/namskeid\/","title":{"rendered":"Pilates h\u00f3pn\u00e1mskei\u00f0"},"content":{"rendered":"<p>[et_pb_section fb_built=&#8220;1&#8243; custom_padding_last_edited=&#8220;on|tablet&#8220; admin_label=&#8220;Header&#8220; _builder_version=&#8220;4.22.2&#8243; background_color=&#8220;#FFFFFF&#8220; background_enable_image=&#8220;off&#8220; background_size=&#8220;contain&#8220; background_position=&#8220;top_right&#8220; custom_padding=&#8220;38px||0px|||&#8220; custom_padding_tablet=&#8220;60px||||false|false&#8220; custom_padding_phone=&#8220;&#8220; da_disable_devices=&#8220;off|off|off&#8220; global_colors_info=&#8220;{}&#8220; da_is_popup=&#8220;off&#8220; da_exit_intent=&#8220;off&#8220; da_has_close=&#8220;on&#8220; da_alt_close=&#8220;off&#8220; da_dark_close=&#8220;off&#8220; da_not_modal=&#8220;on&#8220; da_is_singular=&#8220;off&#8220; da_with_loader=&#8220;off&#8220; da_has_shadow=&#8220;on&#8220;][et_pb_row _builder_version=&#8220;4.22.2&#8243; _module_preset=&#8220;default&#8220; custom_padding=&#8220;9px||0px|||&#8220; global_colors_info=&#8220;{}&#8220;][et_pb_column type=&#8220;4_4&#8243; _builder_version=&#8220;4.22.2&#8243; _module_preset=&#8220;default&#8220; global_colors_info=&#8220;{}&#8220;][et_pb_divider show_divider=&#8220;off&#8220; _builder_version=&#8220;4.22.2&#8243; _module_preset=&#8220;default&#8220; global_colors_info=&#8220;{}&#8220;][\/et_pb_divider][et_pb_heading title=&#8220;Tower\/d\u00fdnun\u00e1mskei\u00f0&#8220; _builder_version=&#8220;4.22.2&#8243; _module_preset=&#8220;default&#8220; title_font=&#8220;Poppins|600|||||||&#8220; title_text_color=&#8220;#000000&#8243; title_font_size=&#8220;25px&#8220; custom_margin=&#8220;-30px||2px|||&#8220; custom_padding=&#8220;||0px|||&#8220; global_colors_info=&#8220;{}&#8220;][\/et_pb_heading][et_pb_text _builder_version=&#8220;4.22.2&#8243; _module_preset=&#8220;default&#8220; custom_margin=&#8220;||10px|||&#8220; global_colors_info=&#8220;{}&#8220;]<\/p>\n<div class=\"chakra-stack css-1wu7m53\">\n<div class=\"chakra-stack css-99eh4w\">\n<div class=\"chakra-stack css-1d7pqnh\">\n<div class=\"sun-editor-editable css-nduptp\">\n<div>\n<p>\u00c1 n\u00e1mskei\u00f0inu ver\u00f0ur fari\u00f0 vel \u00ed grunninn \u00ed Pilates kerfinu \u00fear sem l\u00f6g\u00f0 er \u00e1hersla \u00e1 a\u00f0 styrkja mi\u00f0juna, auka sveigjanleika og styrk \u00ed baki og b\u00e6ta l\u00edkamsst\u00f6\u00f0u. N\u00e1mskei\u00f0i\u00f0 er hugsa\u00f0 sem mikilv\u00e6gur undirb\u00faningur fyrir i\u00f0kendur til a\u00f0 s\u00e6kja opna t\u00edma og \u00f6nnur n\u00e1mskei\u00f0 Pilates Port. A\u00f0eins 6 manns \u00e1 hverju n\u00e1mskei\u00f0i.\u00a0<\/p>\n<\/div>\n<\/div>\n<\/div>\n<\/div>\n<div class=\"chakra-stack css-4exum1\"><\/div>\n<\/div>\n<div class=\"chakra-stack css-rou4ue\">\n<div class=\"chakra-stack css-1m9chu2\"><\/div>\n<\/div>\n<p>[\/et_pb_text][\/et_pb_column][\/et_pb_row][et_pb_row column_structure=&#8220;1_2,1_2&#8243; _builder_version=&#8220;4.22.2&#8243; _module_preset=&#8220;default&#8220; custom_padding=&#8220;9px||0px|||&#8220; global_colors_info=&#8220;{}&#8220;][et_pb_column type=&#8220;1_2&#8243; _builder_version=&#8220;4.22.2&#8243; _module_preset=&#8220;default&#8220; global_colors_info=&#8220;{}&#8220;][et_pb_text _builder_version=&#8220;4.22.2&#8243; _module_preset=&#8220;default&#8220; custom_margin=&#8220;||3px|||&#8220; custom_padding=&#8220;0px||0px|||&#8220; inline_fonts=&#8220;Aboreto,Abhaya Libre&#8220; global_colors_info=&#8220;{}&#8220;]<\/p>\n<div id=\"abler-shop\">\n<div class=\"css-w1amky\">\n<div class=\"css-19j8at9\">\n<div class=\"chakra-container css-1bsts4o\">\n<div class=\"css-0\">\n<div class=\"css-1dpi9mr\">\n<div class=\"sun-editor-editable\">\n<div id=\"abler-shop\">\n<div class=\"css-w1amky\">\n<div class=\"css-vooagt\">\n<div class=\"css-0\">\n<div class=\"chakra-container css-18pns8x\">\n<div class=\"css-0\">\n<div class=\"css-1dpi9mr\">\n<div class=\"sun-editor-editable\">\n<div id=\"abler-shop\">\n<div class=\"css-w1amky\">\n<div class=\"css-vooagt\">\n<div class=\"css-0\">\n<div class=\"chakra-container css-18pns8x\">\n<div class=\"css-0\">\n<div class=\"css-1dpi9mr\">\n<div class=\"sun-editor-editable\">\n<div id=\"abler-shop\">\n<div class=\"css-w1amky\">\n<div class=\"css-vooagt\">\n<div class=\"css-0\">\n<div class=\"chakra-container css-18pns8x\">\n<div class=\"css-0\">\n<div class=\"css-1dpi9mr\">\n<div class=\"sun-editor-editable\"><\/div>\n<\/div>\n<\/div>\n<\/div>\n<\/div>\n<\/div>\n<\/div>\n<\/div>\n<p><strong style=\"font-size: large;\">Pilates Tower grunnn\u00e1mskei\u00f0<\/strong><\/p>\n<div id=\"abler-shop\">\n<div class=\"css-w1amky\">\n<div class=\"css-vooagt\">\n<div class=\"css-0\">\n<div class=\"chakra-container css-18pns8x\">\n<div class=\"css-0\">\n<div class=\"css-1dpi9mr\">\n<div class=\"sun-editor-editable\">\n<p><span>N\u00e1mskei\u00f0in standa yfir \u00ed 4-6 vikur, samtals 8-10 skipti og h\u00e6gt er a\u00f0 skipta grei\u00f0slum \u00ed tvennt. \u00c1 n\u00e1mskei\u00f0inum ver\u00f0ur fari\u00f0 vel \u00ed grunninn \u00ed Pilates kerfinu \u00fear sem l\u00f6g\u00f0 er \u00e1hersla \u00e1 a\u00f0 styrkja mi\u00f0juna, auka sveigjanleika og styrk \u00ed baki og b\u00e6ta l\u00edkamsst\u00f6\u00f0u. N\u00e1mskei\u00f0in er hugsu\u00f0 sem mikilv\u00e6gur undirb\u00faningur fyrir i\u00f0kendur til a\u00f0 s\u00e6kja opna t\u00edma og \u00f6nnur n\u00e1mskei\u00f0 Pilates Port.<\/span><strong><br \/><span style=\"color: #000000;\"><\/span><\/strong><strong><\/strong><strong style=\"font-size: 12px;\"><\/strong><\/p>\n<div id=\"abler-shop\">\n<div class=\"css-w1amky\">\n<div class=\"css-vooagt\">\n<div class=\"css-0\">\n<div class=\"chakra-container css-18pns8x\">\n<div class=\"css-0\">\n<div class=\"css-1dpi9mr\">\n<div class=\"sun-editor-editable\">\n<p><strong style=\"font-size: 12px;\">Tower-grunnn\u00e1mskei\u00f0 hefst 8. apr\u00edl &#8211; 11. ma\u00ed\u00a0<\/strong><\/p>\n<\/div>\n<\/div>\n<\/div>\n<\/div>\n<\/div>\n<\/div>\n<\/div>\n<\/div>\n<p>M\u00e1n og mi\u00f0 kl. 07:00-07:55<br \/><strong>5 vikur &#8211; 10 skipti<br \/><a href=\"https:\/\/www.abler.io\/shop\/pilatesport\/1\/product\/Q2x1YlNlcnZpY2U6NTUxNDU=?fbclid=IwY2xjawQov7hleHRuA2FlbQIxMABicmlkETFhYThlV2V6VXlPVmp4MW1oc3J0YwZhcHBfaWQQMjIyMDM5MTc4ODIwMDg5MgABHhi1czjYcYedHmvgGCMFn2lmhhq0Znew-iSWG3L8t1zXN5-5jZImia-Q9aPH_aem_veQrX1qaiiOtGuMX3BOmYg\">B\u00f3ka h\u00e9r<\/a><\/strong><\/p>\n<p><strong> <\/strong><\/p>\n<p><strong><\/strong><\/p>\n<\/div>\n<\/div>\n<\/div>\n<\/div>\n<\/div>\n<\/div>\n<\/div>\n<\/div>\n<p><strong>Tower-grunnn\u00e1mskei\u00f0 hefst 7. apr\u00edl &#8211; 12. ma\u00ed<\/strong><br \/>\u00deri og fim kl. 16:00-16:55<br \/><strong>5 vikur &#8211; 10 skipti<\/strong><br \/><strong><a href=\"https:\/\/www.abler.io\/shop\/pilatesport\/1\/product\/Q2x1YlNlcnZpY2U6NTQ5Nzk=?fbclid=IwY2xjawQovmFleHRuA2FlbQIxMABicmlkETFhYThlV2V6VXlPVmp4MW1oc3J0YwZhcHBfaWQQMjIyMDM5MTc4ODIwMDg5MgABHkgaK5O9bMpKumElgthd0kbzAnExGZ8s9Oe1xIgSkFvzike09W1i9kXqEd3p_aem_o3I30vKNxcconOmaCjowSw\">B\u00f3ka h\u00e9r<\/a><\/strong><\/p>\n<p><strong> <\/strong><\/p>\n<p><strong><\/strong><strong>Tower-framahald af grunnn\u00e1mskei\u00f0i\u00a0 8. apr\u00edl &#8211; 11. ma\u00ed<\/strong><br \/>M\u00e1n og mi\u00f0 kl. 12:05-12:55<br \/><strong>5 vikur &#8211; 10 skipti<\/strong><br \/><strong><a href=\"https:\/\/www.abler.io\/shop\/pilatesport\/1\/product\/Q2x1YlNlcnZpY2U6NTUxNzU=?fbclid=IwY2xjawQpWW9leHRuA2FlbQIxMABicmlkETFVeWpGUnVhSTg0TXVzdGduc3J0YwZhcHBfaWQQMjIyMDM5MTc4ODIwMDg5MgABHjAXz3rmlWq9qRLv9ZKYdv2RPGrIB1qXeUqS2uka2qJQP-X58FCztW9UmPCC_aem_agtH0e-kmh0dTMJkfB2ZQQ\">B\u00f3ka h\u00e9r<\/a><\/strong><\/p>\n<p><strong><\/strong><\/p>\n<\/div>\n<\/div>\n<\/div>\n<\/div>\n<\/div>\n<\/div>\n<\/div>\n<\/div>\n<\/div>\n<\/div>\n<\/div>\n<\/div>\n<\/div>\n<\/div>\n<\/div>\n<\/div>\n<\/div>\n<\/div>\n<\/div>\n<\/div>\n<\/div>\n<\/div>\n<\/div>\n<p><span style=\"color: #afafaf;\"><a href=\"https:\/\/www.abler.io\/shop\/pilatesport\/1\/product\/Q2x1YlNlcnZpY2U6NDc0OTU=\" style=\"color: #afafaf;\">*Skilm\u00e1lar hj\u00e1 PP<\/a><\/span><\/p>\n<p>&nbsp;<\/p>\n<div id=\"freshworks-container\" data-html2canvas-ignore=\"true\"><\/div>\n<p>[\/et_pb_text][\/et_pb_column][et_pb_column type=&#8220;1_2&#8243; _builder_version=&#8220;4.22.2&#8243; _module_preset=&#8220;default&#8220; global_colors_info=&#8220;{}&#8220;][et_pb_text _builder_version=&#8220;4.22.2&#8243; _module_preset=&#8220;default&#8220; custom_margin=&#8220;||3px|||&#8220; custom_padding=&#8220;0px||0px|||&#8220; inline_fonts=&#8220;Aboreto,Abhaya Libre&#8220; global_colors_info=&#8220;{}&#8220;]<\/p>\n<div id=\"abler-shop\">\n<div class=\"css-w1amky\">\n<div class=\"css-19j8at9\">\n<div class=\"chakra-container css-1bsts4o\">\n<div class=\"css-0\">\n<div class=\"css-1dpi9mr\">\n<div class=\"sun-editor-editable\">\n<div id=\"abler-shop\">\n<div class=\"css-w1amky\">\n<div class=\"css-vooagt\">\n<div class=\"css-0\">\n<div class=\"chakra-container css-18pns8x\">\n<div class=\"css-0\">\n<div class=\"css-1dpi9mr\">\n<div class=\"sun-editor-editable\">\n<div id=\"abler-shop\">\n<div class=\"css-w1amky\">\n<div class=\"css-vooagt\">\n<div class=\"css-0\">\n<div class=\"chakra-container css-18pns8x\">\n<div class=\"css-0\">\n<div class=\"css-1dpi9mr\">\n<div class=\"sun-editor-editable\">\n<div id=\"abler-shop\">\n<div class=\"css-w1amky\">\n<div class=\"css-vooagt\">\n<div class=\"css-0\">\n<div class=\"chakra-container css-18pns8x\">\n<div class=\"css-0\">\n<div class=\"css-1dpi9mr\">\n<div class=\"sun-editor-editable\"><\/div>\n<\/div>\n<\/div>\n<\/div>\n<\/div>\n<\/div>\n<\/div>\n<\/div>\n<div id=\"abler-shop\">\n<div class=\"css-w1amky\">\n<div class=\"css-19j8at9\">\n<div class=\"chakra-container css-1bsts4o\">\n<div class=\"css-0\">\n<div class=\"css-1dpi9mr\">\n<div class=\"sun-editor-editable\">\n<div id=\"abler-shop\">\n<div class=\"css-w1amky\">\n<div class=\"css-vooagt\">\n<div class=\"css-0\">\n<div class=\"chakra-container css-18pns8x\">\n<div class=\"css-0\">\n<div class=\"css-1dpi9mr\">\n<div class=\"sun-editor-editable\">\n<div id=\"abler-shop\">\n<div class=\"css-w1amky\">\n<div class=\"css-vooagt\">\n<div class=\"css-0\">\n<div class=\"chakra-container css-18pns8x\">\n<div class=\"css-0\">\n<div class=\"css-1dpi9mr\">\n<div class=\"sun-editor-editable\">\n<div id=\"abler-shop\">\n<div class=\"css-w1amky\">\n<div class=\"css-vooagt\">\n<div class=\"css-0\">\n<div class=\"chakra-container css-18pns8x\">\n<div class=\"css-0\">\n<div class=\"css-1dpi9mr\">\n<div class=\"sun-editor-editable\">\n<div class=\"chakra-stack css-1wu7m53\">\n<div class=\"chakra-stack css-99eh4w\">\n<div class=\"chakra-stack css-1d7pqnh\">\n<div class=\"sun-editor-editable css-nduptp\">\n<div>\n<div class=\"chakra-stack css-1wu7m53\">\n<div class=\"chakra-stack css-99eh4w\">\n<div class=\"chakra-stack css-1d7pqnh\">\n<div class=\"sun-editor-editable css-nduptp\">\n<div>\n<p><strong style=\"font-size: large;\">M\u00f6mmupilates\u00a0<\/strong><\/p>\n<\/div>\n<\/div>\n<\/div>\n<\/div>\n<\/div>\n<\/div>\n<\/div>\n<\/div>\n<\/div>\n<\/div>\n<\/div>\n<\/div>\n<\/div>\n<\/div>\n<\/div>\n<\/div>\n<\/div>\n<\/div>\n<\/div>\n<\/div>\n<\/div>\n<\/div>\n<\/div>\n<\/div>\n<\/div>\n<\/div>\n<\/div>\n<\/div>\n<\/div>\n<\/div>\n<\/div>\n<\/div>\n<\/div>\n<\/div>\n<\/div>\n<\/div>\n<\/div>\n<\/div>\n<\/div>\n<\/div>\n<\/div>\n<p><span>Fr\u00e1b\u00e6rir t\u00edmar \u00ed pilates kerfinu fyrir m\u00f6mmur sem vilja tengja aftur vi\u00f0 l\u00edkamann sinn eftir me\u00f0g\u00f6ngu.\u00a0<\/span><span>\u00c1 n\u00e1mskei\u00f0inu er l\u00f6g\u00f0 r\u00e1hersla \u00e1 a\u00f0 styrkja mi\u00f0juna, auka sveigjanleika og styrk \u00ed baki og b\u00e6ta l\u00edkamsst\u00f6\u00f0u. <\/span><span>A\u00f0eins eru 6 manns \u00ed hverjum t\u00edma \u00e1 s\u00e9r\u00fatb\u00fanum d\u00fdnum og tower t\u00e6kjum. <\/span><span>A\u00f0sta\u00f0an \u00ed pilates port er fr\u00e1b\u00e6r fyrir m\u00e6\u00f0ur og b\u00f6rnin \u00feeirra \u00fear sem h\u00e6gt er a\u00f0 hafa vagnana \u00ed portinu beint fyrir framan st\u00fad\u00ed\u00f3i\u00f0 e\u00f0a hafa b\u00f6rnin me\u00f0 s\u00e9r inni \u00e1 d\u00fdnunni.<\/span><\/p>\n<div id=\"abler-shop\">\n<div class=\"css-w1amky\">\n<div class=\"css-vooagt\">\n<div class=\"css-0\">\n<div class=\"chakra-container css-18pns8x\">\n<div class=\"css-0\">\n<div class=\"css-1dpi9mr\">\n<div class=\"sun-editor-editable\">\n<div class=\"chakra-stack css-1wu7m53\">\n<div class=\"chakra-stack css-99eh4w\">\n<div class=\"chakra-stack css-1d7pqnh\">\n<div class=\"sun-editor-editable css-nduptp\">\n<div>\n<div id=\"abler-shop\">\n<div class=\"css-w1amky\">\n<div class=\"css-19j8at9\">\n<div class=\"chakra-container css-1bsts4o\">\n<div class=\"css-0\">\n<div class=\"css-1dpi9mr\">\n<div class=\"sun-editor-editable\">\n<div id=\"abler-shop\">\n<div class=\"css-w1amky\">\n<div class=\"css-vooagt\">\n<div class=\"css-0\">\n<div class=\"chakra-container css-18pns8x\">\n<div class=\"css-0\">\n<div class=\"css-1dpi9mr\">\n<div class=\"sun-editor-editable\">\n<div id=\"abler-shop\">\n<div class=\"css-w1amky\">\n<div class=\"css-vooagt\">\n<div class=\"css-0\">\n<div class=\"chakra-container css-18pns8x\">\n<div class=\"css-0\">\n<div class=\"css-1dpi9mr\">\n<div class=\"sun-editor-editable\">\n<div id=\"abler-shop\">\n<div class=\"css-w1amky\">\n<div class=\"css-vooagt\">\n<div class=\"css-0\">\n<div class=\"chakra-container css-18pns8x\">\n<div class=\"css-0\">\n<div class=\"css-1dpi9mr\">\n<div class=\"sun-editor-editable\">\n<div class=\"chakra-stack css-1wu7m53\">\n<div class=\"chakra-stack css-99eh4w\">\n<div class=\"chakra-stack css-1d7pqnh\">\n<div class=\"sun-editor-editable css-nduptp\">\n<div>\n<p><strong>M\u00f6mmupilates 8. apr\u00edl &#8211; 11. ma\u00ed<\/strong><\/p>\n<\/div>\n<\/div>\n<\/div>\n<\/div>\n<\/div>\n<\/div>\n<\/div>\n<\/div>\n<\/div>\n<\/div>\n<\/div>\n<\/div>\n<\/div>\n<p>M\u00e1n kl. 9 og mi\u00f0 kl. 10<br \/><strong>5 vikur &#8211; 10 skipti<\/strong><br \/><a href=\"https:\/\/www.abler.io\/shop\/pilatesport\/1\/product\/Q2x1YlNlcnZpY2U6NTUxNDM=?fbclid=IwY2xjawQou0dleHRuA2FlbQIxMABicmlkETFhYThlV2V6VXlPVmp4MW1oc3J0YwZhcHBfaWQQMjIyMDM5MTc4ODIwMDg5MgABHnNbkjPV6xihTIbniJG4b4oWiLXVbFa2_eM_quLaMm_AGc0uSW0L0wvxWEcL_aem_2z9RUavfmRGvhTxMn5I82A\"><strong>B\u00f3ka h\u00e9r<\/strong><\/a><\/p>\n<\/div>\n<\/div>\n<\/div>\n<\/div>\n<\/div>\n<\/div>\n<\/div>\n<\/div>\n<\/div>\n<\/div>\n<\/div>\n<\/div>\n<\/div>\n<\/div>\n<\/div>\n<\/div>\n<\/div>\n<\/div>\n<\/div>\n<\/div>\n<\/div>\n<\/div>\n<\/div>\n<\/div>\n<\/div>\n<\/div>\n<\/div>\n<\/div>\n<\/div>\n<\/div>\n<\/div>\n<\/div>\n<\/div>\n<\/div>\n<\/div>\n<\/div>\n<p>&nbsp;<\/p>\n<p><strong> <\/strong><\/p>\n<p><strong><\/strong><\/p>\n<p><strong style=\"font-size: large;\">Pilates karlan\u00e1mskei\u00f0\u00a0<\/strong><\/p>\n<div id=\"abler-shop\">\n<div class=\"css-w1amky\">\n<div class=\"css-19j8at9\">\n<div class=\"chakra-container css-1bsts4o\">\n<div class=\"css-0\">\n<div class=\"css-1dpi9mr\">\n<div class=\"sun-editor-editable\">\n<div id=\"abler-shop\">\n<div class=\"css-w1amky\">\n<div class=\"css-vooagt\">\n<div class=\"css-0\">\n<div class=\"chakra-container css-18pns8x\">\n<div class=\"css-0\">\n<div class=\"css-1dpi9mr\">\n<div class=\"sun-editor-editable\">\n<div id=\"abler-shop\">\n<div class=\"css-w1amky\">\n<div class=\"css-vooagt\">\n<div class=\"css-0\">\n<div class=\"chakra-container css-18pns8x\">\n<div class=\"css-0\">\n<div class=\"css-1dpi9mr\">\n<div class=\"sun-editor-editable\">\n<div id=\"abler-shop\">\n<div class=\"css-w1amky\">\n<div class=\"css-vooagt\">\n<div class=\"css-0\">\n<div class=\"chakra-container css-18pns8x\">\n<div class=\"css-0\">\n<div class=\"css-1dpi9mr\">\n<div class=\"sun-editor-editable\">\n<div class=\"chakra-stack css-1wu7m53\">\n<div class=\"chakra-stack css-99eh4w\">\n<div class=\"chakra-stack css-1d7pqnh\">\n<div class=\"sun-editor-editable css-nduptp\">\n<div>\n<div class=\"chakra-stack css-1wu7m53\">\n<div class=\"chakra-stack css-99eh4w\">\n<div class=\"chakra-stack css-1d7pqnh\">\n<div class=\"sun-editor-editable css-nduptp\">\n<div>\n<p>Pilates n\u00e1mskei\u00f0i\u00f0 er 10 skipti, einu sinni \u00ed viku \u00e1 mi\u00f0vikud\u00f6gum kl 11. N\u00e1mskei\u00f0i\u00f0 er fyrir karlmenn \u00e1 \u00f6llum aldri. \u00cd Pilates er l\u00f6g\u00f0 \u00e1hersla \u00e1 a\u00f0 styrkja mi\u00f0juna, auka sveigjanleika og styrk \u00ed baki og b\u00e6ta l\u00edkamsst\u00f6\u00f0u. A\u00f0eins 6 manns \u00e1 hverju n\u00e1mskei\u00f0i.<\/p>\n<div id=\"abler-shop\">\n<div class=\"css-w1amky\">\n<div class=\"css-vooagt\">\n<div class=\"css-0\">\n<div class=\"chakra-container css-18pns8x\">\n<div class=\"css-0\">\n<div class=\"css-1dpi9mr\">\n<div class=\"sun-editor-editable\">\n<div class=\"chakra-stack css-1wu7m53\">\n<div class=\"chakra-stack css-99eh4w\">\n<div class=\"chakra-stack css-1d7pqnh\">\n<div class=\"sun-editor-editable css-nduptp\">\n<div>\n<p><strong>N\u00e1mskei\u00f0i\u00f0 er \u00ed 10 vikur, 10 skipti (L\u00edka h\u00e6gt a\u00f0 kaupa klippikort)<\/strong><\/p>\n<\/div>\n<\/div>\n<\/div>\n<\/div>\n<\/div>\n<\/div>\n<\/div>\n<\/div>\n<\/div>\n<\/div>\n<\/div>\n<\/div>\n<\/div>\n<p>Mi\u00f0vikudagar kl. 11.<br \/><a href=\"mailto:info@pilatesport.is\"><b>N\u00e1nar h\u00e9r<\/b><\/a><\/p>\n<\/div>\n<\/div>\n<\/div>\n<\/div>\n<\/div>\n<\/div>\n<\/div>\n<\/div>\n<\/div>\n<\/div>\n<\/div>\n<\/div>\n<\/div>\n<\/div>\n<\/div>\n<\/div>\n<\/div>\n<\/div>\n<\/div>\n<\/div>\n<\/div>\n<\/div>\n<\/div>\n<\/div>\n<\/div>\n<\/div>\n<\/div>\n<\/div>\n<\/div>\n<\/div>\n<\/div>\n<\/div>\n<\/div>\n<\/div>\n<\/div>\n<\/div>\n<\/div>\n<\/div>\n<\/div>\n<\/div>\n<\/div>\n<p><strong>\u00a0<\/strong><\/p>\n<p><strong><\/strong><\/p>\n<\/div>\n<\/div>\n<\/div>\n<\/div>\n<\/div>\n<\/div>\n<\/div>\n<\/div>\n<\/div>\n<\/div>\n<\/div>\n<\/div>\n<\/div>\n<\/div>\n<\/div>\n<\/div>\n<\/div>\n<\/div>\n<\/div>\n<\/div>\n<\/div>\n<\/div>\n<\/div>\n<p><span style=\"color: #afafaf;\"><a href=\"https:\/\/www.abler.io\/shop\/pilatesport\/1\/product\/Q2x1YlNlcnZpY2U6NDc0OTU=\" style=\"color: #afafaf;\">*Skilm\u00e1lar hj\u00e1 PP<\/a><\/span><\/p>\n<p>&nbsp;<\/p>\n<div id=\"freshworks-container\" data-html2canvas-ignore=\"true\"><\/div>\n<p>[\/et_pb_text][\/et_pb_column][\/et_pb_row][\/et_pb_section]<\/p>\n","protected":false},"excerpt":{"rendered":"<p>\u00c1 n\u00e1mskei\u00f0inu ver\u00f0ur fari\u00f0 vel \u00ed grunninn \u00ed Pilates kerfinu \u00fear sem l\u00f6g\u00f0 er \u00e1hersla \u00e1 a\u00f0 styrkja mi\u00f0juna, auka sveigjanleika og styrk \u00ed baki og b\u00e6ta l\u00edkamsst\u00f6\u00f0u. N\u00e1mskei\u00f0i\u00f0 er hugsa\u00f0 sem mikilv\u00e6gur undirb\u00faningur fyrir i\u00f0kendur til a\u00f0 s\u00e6kja opna t\u00edma og \u00f6nnur n\u00e1mskei\u00f0 Pilates Port. A\u00f0eins 6 manns \u00e1 hverju n\u00e1mskei\u00f0i.\u00a0 Pilates Tower grunnn\u00e1mskei\u00f0 [&hellip;]<\/p>\n","protected":false},"author":1,"featured_media":2149,"parent":0,"menu_order":0,"comment_status":"closed","ping_status":"closed","template":"","meta":{"_et_pb_use_builder":"on","_et_pb_old_content":"","_et_gb_content_width":"","footnotes":""},"class_list":["post-2145","page","type-page","status-publish","has-post-thumbnail","hentry"],"_links":{"self":[{"href":"https:\/\/pilatesport.is\/is\/wp-json\/wp\/v2\/pages\/2145","targetHints":{"allow":["GET"]}}],"collection":[{"href":"https:\/\/pilatesport.is\/is\/wp-json\/wp\/v2\/pages"}],"about":[{"href":"https:\/\/pilatesport.is\/is\/wp-json\/wp\/v2\/types\/page"}],"author":[{"embeddable":true,"href":"https:\/\/pilatesport.is\/is\/wp-json\/wp\/v2\/users\/1"}],"replies":[{"embeddable":true,"href":"https:\/\/pilatesport.is\/is\/wp-json\/wp\/v2\/comments?post=2145"}],"version-history":[{"count":288,"href":"https:\/\/pilatesport.is\/is\/wp-json\/wp\/v2\/pages\/2145\/revisions"}],"predecessor-version":[{"id":4015,"href":"https:\/\/pilatesport.is\/is\/wp-json\/wp\/v2\/pages\/2145\/revisions\/4015"}],"wp:featuredmedia":[{"embeddable":true,"href":"https:\/\/pilatesport.is\/is\/wp-json\/wp\/v2\/media\/2149"}],"wp:attachment":[{"href":"https:\/\/pilatesport.is\/is\/wp-json\/wp\/v2\/media?parent=2145"}],"curies":[{"name":"wp","href":"https:\/\/api.w.org\/{rel}","templated":true}]}}