{"id":2392,"date":"2024-08-18T11:42:18","date_gmt":"2024-08-18T11:42:18","guid":{"rendered":"https:\/\/pilatesport.is\/?page_id=2392"},"modified":"2026-02-11T12:10:48","modified_gmt":"2026-02-11T12:10:48","slug":"mommupilates","status":"publish","type":"page","link":"https:\/\/pilatesport.is\/is\/mommupilates\/","title":{"rendered":"M\u00f6mmupilates"},"content":{"rendered":"<p>[et_pb_section fb_built=&#8220;1&#8243; custom_padding_last_edited=&#8220;on|tablet&#8220; admin_label=&#8220;Header&#8220; _builder_version=&#8220;4.22.2&#8243; background_color=&#8220;#FFFFFF&#8220; background_enable_image=&#8220;off&#8220; background_size=&#8220;contain&#8220; background_position=&#8220;top_right&#8220; custom_padding=&#8220;38px|||||&#8220; custom_padding_tablet=&#8220;60px||||false|false&#8220; custom_padding_phone=&#8220;&#8220; da_disable_devices=&#8220;off|off|off&#8220; global_colors_info=&#8220;{}&#8220; da_is_popup=&#8220;off&#8220; da_exit_intent=&#8220;off&#8220; da_has_close=&#8220;on&#8220; da_alt_close=&#8220;off&#8220; da_dark_close=&#8220;off&#8220; da_not_modal=&#8220;on&#8220; da_is_singular=&#8220;off&#8220; da_with_loader=&#8220;off&#8220; da_has_shadow=&#8220;on&#8220;][et_pb_row column_structure=&#8220;1_2,1_2&#8243; _builder_version=&#8220;4.22.2&#8243; _module_preset=&#8220;default&#8220; custom_padding=&#8220;9px||0px|||&#8220; global_colors_info=&#8220;{}&#8220;][et_pb_column type=&#8220;1_2&#8243; _builder_version=&#8220;4.22.2&#8243; _module_preset=&#8220;default&#8220; global_colors_info=&#8220;{}&#8220;][et_pb_image src=&#8220;https:\/\/pilatesport.is\/wp-content\/uploads\/2024\/05\/mommupilates.jpg&#8220; title_text=&#8220;mommupilates&#8220; _builder_version=&#8220;4.22.2&#8243; _module_preset=&#8220;default&#8220; custom_margin=&#8220;||-5px|||&#8220; global_colors_info=&#8220;{}&#8220;][\/et_pb_image][et_pb_image src=&#8220;https:\/\/pilatesport.is\/wp-content\/uploads\/2025\/08\/DSC2576-scaled.jpg&#8220; title_text=&#8220;_DSC2576&#8243; _builder_version=&#8220;4.22.2&#8243; _module_preset=&#8220;default&#8220; custom_margin=&#8220;||-5px|||&#8220; global_colors_info=&#8220;{}&#8220;][\/et_pb_image][\/et_pb_column][et_pb_column type=&#8220;1_2&#8243; _builder_version=&#8220;4.22.2&#8243; _module_preset=&#8220;default&#8220; global_colors_info=&#8220;{}&#8220;][et_pb_heading title=&#8220;M\u00f6mmupilates&#8220; _builder_version=&#8220;4.22.2&#8243; _module_preset=&#8220;default&#8220; title_font=&#8220;Abhaya Libre|600|||||||&#8220; title_text_color=&#8220;#000000&#8243; title_font_size=&#8220;42px&#8220; custom_margin=&#8220;||2px|||&#8220; custom_padding=&#8220;||0px|||&#8220; global_colors_info=&#8220;{}&#8220;][\/et_pb_heading][et_pb_text _builder_version=&#8220;4.22.2&#8243; _module_preset=&#8220;default&#8220; text_text_color=&#8220;#E09900&#8243; custom_margin=&#8220;||3px|||&#8220; custom_padding=&#8220;0px||0px|||&#8220; inline_fonts=&#8220;Aboreto,Abhaya Libre&#8220; global_colors_info=&#8220;{}&#8220;]<\/p>\n<div id=\"abler-shop\">\n<div class=\"css-w1amky\">\n<div class=\"css-19j8at9\">\n<div class=\"chakra-container css-1bsts4o\">\n<div class=\"css-0\">\n<div class=\"css-1dpi9mr\">\n<div class=\"sun-editor-editable\">\n<div id=\"abler-shop\">\n<div class=\"css-w1amky\">\n<div class=\"css-vooagt\">\n<div class=\"css-0\">\n<div class=\"chakra-container css-18pns8x\">\n<div class=\"css-0\">\n<div class=\"css-1dpi9mr\">\n<div class=\"sun-editor-editable\">\n<div id=\"abler-shop\">\n<div class=\"css-w1amky\">\n<div class=\"css-vooagt\">\n<div class=\"css-0\">\n<div class=\"chakra-container css-18pns8x\">\n<div class=\"css-0\">\n<div class=\"css-1dpi9mr\">\n<div class=\"sun-editor-editable\">\n<div id=\"abler-shop\">\n<div class=\"css-w1amky\">\n<div class=\"css-19j8at9\">\n<div class=\"chakra-container css-1bsts4o\">\n<div class=\"css-0\">\n<div class=\"css-1dpi9mr\">\n<div class=\"sun-editor-editable\">\n<div id=\"abler-shop\">\n<div class=\"css-w1amky\">\n<div class=\"css-vooagt\">\n<div class=\"css-0\">\n<div class=\"chakra-container css-18pns8x\">\n<div class=\"css-0\">\n<div class=\"css-1dpi9mr\">\n<div class=\"sun-editor-editable\">\n<div id=\"abler-shop\">\n<div class=\"css-w1amky\">\n<div class=\"css-vooagt\">\n<div class=\"css-0\">\n<div class=\"chakra-container css-18pns8x\">\n<div class=\"css-0\">\n<div class=\"css-1dpi9mr\">\n<div class=\"sun-editor-editable\">\n<div id=\"abler-shop\">\n<div class=\"css-w1amky\">\n<div class=\"css-vooagt\">\n<div class=\"css-0\">\n<div class=\"chakra-container css-18pns8x\">\n<div class=\"css-0\">\n<div class=\"css-1dpi9mr\">\n<div class=\"sun-editor-editable\">\n<div class=\"chakra-stack css-1wu7m53\">\n<div class=\"chakra-stack css-99eh4w\">\n<div class=\"chakra-stack css-1d7pqnh\">\n<div class=\"sun-editor-editable css-nduptp\">\n<div>\n<p><span style=\"color: #000000;\">Fr\u00e1b\u00e6rir t\u00edmar \u00ed pilates kerfinu fyrir m\u00f6mmur sem vilja tengja aftur vi\u00f0 l\u00edkamann sinn eftir me\u00f0g\u00f6ngu.\u00a0\u00c1 n\u00e1mskei\u00f0inu er l\u00f6g\u00f0 r\u00e1hersla \u00e1 a\u00f0 styrkja mi\u00f0juna, auka sveigjanleika og styrk \u00ed baki og b\u00e6ta l\u00edkamsst\u00f6\u00f0u og tengja aftur vi\u00f0 l\u00edkamann sinn eftir me\u00f0g\u00f6ngu.\u00a0A\u00f0eins eru 6 manns \u00ed hverjum t\u00edma \u00e1 s\u00e9r\u00fatb\u00fanum d\u00fdnum og tower t\u00e6kjum.\u00a0\u00a0A\u00f0sta\u00f0an \u00ed pilates port er fr\u00e1b\u00e6r fyrir m\u00e6\u00f0ur og b\u00f6rnin \u00feeirra \u00fear sem h\u00e6gt er a\u00f0 hafa vagnana \u00ed portinu beint fyrir framan st\u00fad\u00ed\u00f3i\u00f0.\u00a0<\/span><\/p>\n<p><span style=\"color: #000000; font-size: 12px;\"><strong>M\u00f6mmupilates: 16. feb &#8211; 20. mars<\/strong><br \/>M\u00e1n kl. 10 og f\u00f6s kl. 10.30<\/span><\/p>\n<\/div>\n<\/div>\n<\/div>\n<\/div>\n<\/div>\n<\/div>\n<\/div>\n<\/div>\n<\/div>\n<\/div>\n<\/div>\n<\/div>\n<\/div>\n<p><span style=\"color: #000000;\"><strong>5 vikur \u2013 10 skipti<\/strong><\/span><br \/><strong><a href=\"https:\/\/www.abler.io\/shop\/pilatesport\/1\/product\/Q2x1YlNlcnZpY2U6NTMzMjM=?\">B\u00f3ka h\u00e9r<\/a><\/strong><\/p>\n<p><strong><\/strong><\/p>\n<\/div>\n<\/div>\n<\/div>\n<\/div>\n<\/div>\n<\/div>\n<\/div>\n<\/div>\n<\/div>\n<\/div>\n<\/div>\n<\/div>\n<\/div>\n<\/div>\n<\/div>\n<\/div>\n<\/div>\n<\/div>\n<\/div>\n<\/div>\n<\/div>\n<\/div>\n<\/div>\n<p>&nbsp;<\/p>\n<\/div>\n<\/div>\n<\/div>\n<\/div>\n<\/div>\n<\/div>\n<\/div>\n<\/div>\n<\/div>\n<\/div>\n<\/div>\n<\/div>\n<\/div>\n<\/div>\n<\/div>\n<\/div>\n<\/div>\n<\/div>\n<\/div>\n<\/div>\n<\/div>\n<\/div>\n<\/div>\n<p><span><a href=\"https:\/\/www.abler.io\/shop\/pilatesport\/1\/product\/Q2x1YlNlcnZpY2U6NDc0OTU=\">*Skilm\u00e1lar hj\u00e1 PP<\/a><\/span><\/p>\n<p>&nbsp;<\/p>\n<p>[\/et_pb_text][\/et_pb_column][\/et_pb_row][\/et_pb_section][et_pb_section fb_built=&#8220;1&#8243; fullwidth=&#8220;on&#8220; _builder_version=&#8220;4.22.2&#8243; _module_preset=&#8220;default&#8220; da_disable_devices=&#8220;off|off|off&#8220; global_colors_info=&#8220;{}&#8220; da_is_popup=&#8220;off&#8220; da_exit_intent=&#8220;off&#8220; da_has_close=&#8220;on&#8220; da_alt_close=&#8220;off&#8220; da_dark_close=&#8220;off&#8220; da_not_modal=&#8220;on&#8220; da_is_singular=&#8220;off&#8220; da_with_loader=&#8220;off&#8220; da_has_shadow=&#8220;on&#8220;][\/et_pb_section]<\/p>\n","protected":false},"excerpt":{"rendered":"<p>Fr\u00e1b\u00e6rir t\u00edmar \u00ed pilates kerfinu fyrir m\u00f6mmur sem vilja tengja aftur vi\u00f0 l\u00edkamann sinn eftir me\u00f0g\u00f6ngu.\u00a0\u00c1 n\u00e1mskei\u00f0inu er l\u00f6g\u00f0 r\u00e1hersla \u00e1 a\u00f0 styrkja mi\u00f0juna, auka sveigjanleika og styrk \u00ed baki og b\u00e6ta l\u00edkamsst\u00f6\u00f0u og tengja aftur vi\u00f0 l\u00edkamann sinn eftir me\u00f0g\u00f6ngu.\u00a0A\u00f0eins eru 6 manns \u00ed hverjum t\u00edma \u00e1 s\u00e9r\u00fatb\u00fanum d\u00fdnum og tower t\u00e6kjum.\u00a0\u00a0A\u00f0sta\u00f0an \u00ed pilates [&hellip;]<\/p>\n","protected":false},"author":1,"featured_media":0,"parent":0,"menu_order":0,"comment_status":"closed","ping_status":"closed","template":"","meta":{"_et_pb_use_builder":"on","_et_pb_old_content":"","_et_gb_content_width":"","footnotes":""},"class_list":["post-2392","page","type-page","status-publish","hentry"],"_links":{"self":[{"href":"https:\/\/pilatesport.is\/is\/wp-json\/wp\/v2\/pages\/2392","targetHints":{"allow":["GET"]}}],"collection":[{"href":"https:\/\/pilatesport.is\/is\/wp-json\/wp\/v2\/pages"}],"about":[{"href":"https:\/\/pilatesport.is\/is\/wp-json\/wp\/v2\/types\/page"}],"author":[{"embeddable":true,"href":"https:\/\/pilatesport.is\/is\/wp-json\/wp\/v2\/users\/1"}],"replies":[{"embeddable":true,"href":"https:\/\/pilatesport.is\/is\/wp-json\/wp\/v2\/comments?post=2392"}],"version-history":[{"count":23,"href":"https:\/\/pilatesport.is\/is\/wp-json\/wp\/v2\/pages\/2392\/revisions"}],"predecessor-version":[{"id":3964,"href":"https:\/\/pilatesport.is\/is\/wp-json\/wp\/v2\/pages\/2392\/revisions\/3964"}],"wp:attachment":[{"href":"https:\/\/pilatesport.is\/is\/wp-json\/wp\/v2\/media?parent=2392"}],"curies":[{"name":"wp","href":"https:\/\/api.w.org\/{rel}","templated":true}]}}