{"id":2466,"date":"2024-09-21T14:34:03","date_gmt":"2024-09-21T14:34:03","guid":{"rendered":"https:\/\/pilatesport.is\/?page_id=2466"},"modified":"2024-09-22T13:39:05","modified_gmt":"2024-09-22T13:39:05","slug":"husavik","status":"publish","type":"page","link":"https:\/\/pilatesport.is\/is\/husavik\/","title":{"rendered":"Pilates Port \u00e1 H\u00fasav\u00edk"},"content":{"rendered":"<p>[et_pb_section fb_built=&#8220;1&#8243; custom_padding_last_edited=&#8220;on|tablet&#8220; admin_label=&#8220;Header&#8220; _builder_version=&#8220;4.22.2&#8243; background_color=&#8220;#E0DDD5&#8243; use_background_color_gradient=&#8220;on&#8220; background_color_gradient_stops=&#8220;#e0dbd0 0%|#ffffff 100%&#8220; background_enable_image=&#8220;off&#8220; background_size=&#8220;contain&#8220; background_position=&#8220;top_right&#8220; custom_padding=&#8220;38px|||||&#8220; custom_padding_tablet=&#8220;60px||||false|false&#8220; custom_padding_phone=&#8220;&#8220; da_disable_devices=&#8220;off|off|off&#8220; global_colors_info=&#8220;{}&#8220; da_is_popup=&#8220;off&#8220; da_exit_intent=&#8220;off&#8220; da_has_close=&#8220;on&#8220; da_alt_close=&#8220;off&#8220; da_dark_close=&#8220;off&#8220; da_not_modal=&#8220;on&#8220; da_is_singular=&#8220;off&#8220; da_with_loader=&#8220;off&#8220; da_has_shadow=&#8220;on&#8220;][et_pb_row column_structure=&#8220;1_2,1_2&#8243; _builder_version=&#8220;4.22.2&#8243; _module_preset=&#8220;default&#8220; custom_padding=&#8220;9px||0px|||&#8220; global_colors_info=&#8220;{}&#8220;][et_pb_column type=&#8220;1_2&#8243; _builder_version=&#8220;4.22.2&#8243; _module_preset=&#8220;default&#8220; global_colors_info=&#8220;{}&#8220;][et_pb_image src=&#8220;https:\/\/pilatesport.is\/wp-content\/uploads\/2024\/09\/sirry-pp.jpg&#8220; title_text=&#8220;sirry-pp&#8220; _builder_version=&#8220;4.22.2&#8243; _module_preset=&#8220;default&#8220; custom_margin=&#8220;||-5px|||&#8220; global_colors_info=&#8220;{}&#8220;][\/et_pb_image][\/et_pb_column][et_pb_column type=&#8220;1_2&#8243; _builder_version=&#8220;4.22.2&#8243; _module_preset=&#8220;default&#8220; global_colors_info=&#8220;{}&#8220;][et_pb_heading title=&#8220;Pilates Port til H\u00fasav\u00edkur&#8220; _builder_version=&#8220;4.22.2&#8243; _module_preset=&#8220;default&#8220; title_font=&#8220;Abhaya Libre|600|||||||&#8220; title_text_color=&#8220;#000000&#8243; title_font_size=&#8220;42px&#8220; custom_margin=&#8220;||2px|||&#8220; custom_padding=&#8220;||0px|||&#8220; global_colors_info=&#8220;{}&#8220;][\/et_pb_heading][et_pb_text _builder_version=&#8220;4.22.2&#8243; _module_preset=&#8220;default&#8220; global_colors_info=&#8220;{}&#8220;]<\/p>\n<div class=\"et_fb_editing_enabled et-module-7428a3e2-f745-4541-8717-78622e145c48 et_pb_text et_pb_module ui-sortable et_pb_text_0 et-animated--vb et_pb_text_align_left et_pb_bg_layout_light et-pb-with-global-presets\" data-address=\"0.0.1.1\" dynamic=\"[object Object]\" matching=\"[object Object]\" parent_slug=\"et_pb_column\" theme_builder_suffix=\"\" wp_editor_suffix=\"\" wrapper_settings=\"[object Object]\" _key=\"7428a3e2-f745-4541-8717-78622e145c48\">\n<div class=\"et_pb_text_inner\">\n<div data-shortcode-id=\"0.0.1.1-1726948466718\" data-quickaccess-editable=\"yes\" class=\"et-fb-popover-tinymce\">\n<div class=\"mce-content-body\" contenteditable=\"true\" style=\"position: relative;\">\n<div class=\"html-div xdj266r x11i5rnm xat24cr x1mh8g0r xexx8yu x4uap5 x18d9i69 xkhd6sd x6ikm8r x10wlt62\">\n<div role=\"presentation\" class=\"html-div xdj266r x11i5rnm xat24cr x1mh8g0r x14ctfv x1okitfd x6ikm8r x10wlt62 xerhiuh x1pn3fxy x12xxe5f x1szedp3 x1n2onr6 x1vjfegm x1k4qllp x1mzt3pk x13faqbe x1xr0vuk x1jm4cbz x1lmq8lz xrrpcnn x1xtl47e x13fuv20 xu3j5b3 x1q0q8m5 x26u7qi x19livfd x2t687o x3p3xfz x5od304 xp5s12f x11ucwad xgtuqic x155c047\">\n<div dir=\"auto\" class=\"html-div xexx8yu x4uap5 x18d9i69 xkhd6sd x1gslohp x11i5rnm x12nagc x1mh8g0r x1yc453h x126k92a x18lvrbx\">\n<div class=\"html-div xdj266r x11i5rnm xat24cr x1mh8g0r xexx8yu x4uap5 x18d9i69 xkhd6sd x6ikm8r x10wlt62 x16it46q xh8yej3\">\n<div role=\"presentation\" class=\"html-div xdj266r x11i5rnm xat24cr x1mh8g0r x14ctfv x6ikm8r x10wlt62 xerhiuh x1pn3fxy x12xxe5f x1szedp3 x1n2onr6 x1vjfegm x1k4qllp x1mzt3pk x13faqbe x9f619 x16it46q xh8yej3 x1xr0vuk x1jm4cbz x1lmq8lz xrrpcnn x1xtl47e x13fuv20 xu3j5b3 x1q0q8m5 x26u7qi x19livfd x2t687o x3p3xfz x5od304 xp5s12f x11ucwad x5pf9jr xo71vjh\">\n<div dir=\"auto\" class=\"html-div xexx8yu x4uap5 x18d9i69 xkhd6sd x1gslohp x11i5rnm x12nagc x1mh8g0r x1yc453h x126k92a x18lvrbx\">\n<div id=\"abler-shop\">\n<div class=\"css-w1amky\">\n<div class=\"css-vooagt\">\n<div class=\"css-0\">\n<div class=\"chakra-container css-18pns8x\">\n<div class=\"css-0\">\n<div class=\"css-1dpi9mr\">\n<div class=\"sun-editor-editable\">\n<p class=\"p1\"><span>Pilates Port er boutique Pilates st\u00fad\u00ed\u00f3 \u00ed Reykjav\u00edk(<\/span><span role=\"gridcell\"><a class=\"x1i10hfl xjbqb8w x1ejq31n xd10rxx x1sy0etr x17r0tee x972fbf xcfux6l x1qhh985 xm0m39n x9f619 x1ypdohk xt0psk2 xe8uvvx xdj266r x11i5rnm xat24cr x1mh8g0r xexx8yu x4uap5 x18d9i69 xkhd6sd x16tdsg8 xggy1nq x1a2a7pz x1s688f x1heor9g x1bvjpef xujl8zx\" href=\"http:\/\/www.pilatesport.is\/?fbclid=IwZXh0bgNhZW0CMTAAAR0oikA3YraMzFrLGEfH9ESsTefSQrk7rlfYBaYFSwL1SS2tolY38JH84t4_aem_KELvUw4-Tp4wVsMrpkQ0BA\" rel=\"nofollow noopener noreferrer\" role=\"link\" target=\"_blank\" tabindex=\"-1\">www.pilatesport.is<\/a><\/span><span>) \u00fear sem vi\u00f0 leggjum mikla \u00e1herslu \u00e1 a\u00f0 kynna Pilates fyrir \u00f6llum \u00e1 \u00cdslandi. <\/span><\/p>\n<p class=\"p1\"><span>Kennari n\u00e1mskei\u00f0sins er Sigr\u00ed\u00f0ur Sigurj\u00f3nsd\u00f3ttir(Sirr\u00fd) sem er klass\u00edsk mennta\u00f0ur Pilateskennari fr\u00e1 Hollandi og er eigandi Pilates Port. Sj\u00e1 frekari uppl\u00fdsingar um Sirr\u00fd \u00e1 heimas\u00ed\u00f0u st\u00fad\u00ed\u00f3sins. <\/span><\/p>\n<p class=\"p1\"><span>\u00c1 \u00feessu n\u00e1mskei\u00f0i ver\u00f0a fyrstu tveir t\u00edmarnir kenndir \u00ed \u00cd\u00fer\u00f3ttah\u00f6llinni \u00e1 H\u00fasav\u00edk og svo ver\u00f0a \u00e1tta t\u00edmar kenndir \u00e1 netinu \u00fear sem i\u00f0kendur velja s\u00e9r sta\u00f0 og stund til i\u00f0kunar. H\u00e9r ver\u00f0a i\u00f0kendur kynntir fyrir klass\u00edska pilateskerfinu og fari\u00f0 ver\u00f0ur \u00ed grunn\u00e6fingar kerfisins sem auka mi\u00f0justyrk og li\u00f0leika l\u00edkamans. <\/span><\/p>\n<p class=\"p1\"><strong>Tveir t\u00edmar kenndir \u00ed \u00cd\u00fer\u00f3ttah\u00f6llinni \u00e1 H\u00fasav\u00edk: <\/strong><\/p>\n<p class=\"p1\"><strong>F\u00f6studaginn 11. okt\u00f3ber fr\u00e1 kl. 17:00 &#8211; 17:50 <br \/><\/strong><span><strong>Laugardaginn 12. okt\u00f3ber fr\u00e1 kl. 10:00 &#8211; 10:50 <\/strong><br \/><strong>8 t\u00edmar kenndir \u00e1 netinu. <\/strong><br \/>Eing\u00f6ngu 20 pl\u00e1ss \u00ed bo\u00f0i <br \/>Ver\u00f0: 34.900 kr.<br \/><\/span><\/p>\n<\/div>\n<\/div>\n<\/div>\n<\/div>\n<\/div>\n<\/div>\n<\/div>\n<\/div>\n<\/div>\n<\/div>\n<\/div>\n<\/div>\n<\/div>\n<\/div>\n<\/div>\n<\/div>\n<\/div>\n<\/div>\n<div class=\"et-fb-module-wrapper et-last-child et-fb-module--short et-fb-module--has-mousetrap et_pb_button_module_wrapper et_pb_module et_pb_button_0_wrapper et_pb_button__wrapper--0 et-module-d954fa44-143f-41fa-9c9c-05b849b02e32_wrapper\" data-address=\"0.0.1.2\"><\/div>\n<p>[\/et_pb_text][et_pb_button button_url=&#8220;https:\/\/www.abler.io\/shop\/pilatesport\/1\/product\/Q2x1YlNlcnZpY2U6MzM3Nzg=?&#8220; button_text=&#8220;PANTA H\u00c9R&#8220; _builder_version=&#8220;4.22.2&#8243; _module_preset=&#8220;default&#8220; global_colors_info=&#8220;{}&#8220;][\/et_pb_button][\/et_pb_column][\/et_pb_row][\/et_pb_section]<\/p>\n","protected":false},"excerpt":{"rendered":"<p>Pilates Port er boutique Pilates st\u00fad\u00ed\u00f3 \u00ed Reykjav\u00edk(www.pilatesport.is) \u00fear sem vi\u00f0 leggjum mikla \u00e1herslu \u00e1 a\u00f0 kynna Pilates fyrir \u00f6llum \u00e1 \u00cdslandi. Kennari n\u00e1mskei\u00f0sins er Sigr\u00ed\u00f0ur Sigurj\u00f3nsd\u00f3ttir(Sirr\u00fd) sem er klass\u00edsk mennta\u00f0ur Pilateskennari fr\u00e1 Hollandi og er eigandi Pilates Port. Sj\u00e1 frekari uppl\u00fdsingar um Sirr\u00fd \u00e1 heimas\u00ed\u00f0u st\u00fad\u00ed\u00f3sins. \u00c1 \u00feessu n\u00e1mskei\u00f0i ver\u00f0a fyrstu tveir t\u00edmarnir kenndir [&hellip;]<\/p>\n","protected":false},"author":1,"featured_media":0,"parent":0,"menu_order":0,"comment_status":"closed","ping_status":"closed","template":"","meta":{"_et_pb_use_builder":"on","_et_pb_old_content":"","_et_gb_content_width":"","footnotes":""},"class_list":["post-2466","page","type-page","status-publish","hentry"],"_links":{"self":[{"href":"https:\/\/pilatesport.is\/is\/wp-json\/wp\/v2\/pages\/2466","targetHints":{"allow":["GET"]}}],"collection":[{"href":"https:\/\/pilatesport.is\/is\/wp-json\/wp\/v2\/pages"}],"about":[{"href":"https:\/\/pilatesport.is\/is\/wp-json\/wp\/v2\/types\/page"}],"author":[{"embeddable":true,"href":"https:\/\/pilatesport.is\/is\/wp-json\/wp\/v2\/users\/1"}],"replies":[{"embeddable":true,"href":"https:\/\/pilatesport.is\/is\/wp-json\/wp\/v2\/comments?post=2466"}],"version-history":[{"count":32,"href":"https:\/\/pilatesport.is\/is\/wp-json\/wp\/v2\/pages\/2466\/revisions"}],"predecessor-version":[{"id":2518,"href":"https:\/\/pilatesport.is\/is\/wp-json\/wp\/v2\/pages\/2466\/revisions\/2518"}],"wp:attachment":[{"href":"https:\/\/pilatesport.is\/is\/wp-json\/wp\/v2\/media?parent=2466"}],"curies":[{"name":"wp","href":"https:\/\/api.w.org\/{rel}","templated":true}]}}