{"id":3,"date":"2023-03-23T11:40:20","date_gmt":"2023-03-23T11:40:20","guid":{"rendered":"https:\/\/pilatesport.is\/?page_id=3"},"modified":"2025-08-18T13:44:37","modified_gmt":"2025-08-18T13:44:37","slug":"skilmalar","status":"publish","type":"page","link":"https:\/\/pilatesport.is\/is\/skilmalar\/","title":{"rendered":"Skilm\u00e1lar hj\u00e1 Pilates Port"},"content":{"rendered":"<p>[et_pb_section fb_built=&#8220;1&#8243; _builder_version=&#8220;4.16&#8243; da_disable_devices=&#8220;off|off|off&#8220; global_colors_info=&#8220;{}&#8220; da_is_popup=&#8220;off&#8220; da_exit_intent=&#8220;off&#8220; da_has_close=&#8220;on&#8220; da_alt_close=&#8220;off&#8220; da_dark_close=&#8220;off&#8220; da_not_modal=&#8220;on&#8220; da_is_singular=&#8220;off&#8220; da_with_loader=&#8220;off&#8220; da_has_shadow=&#8220;on&#8220;][\/et_pb_section][et_pb_section fb_built=&#8220;1&#8243; _builder_version=&#8220;4.22.2&#8243; _module_preset=&#8220;default&#8220; da_disable_devices=&#8220;off|off|off&#8220; global_colors_info=&#8220;{}&#8220; da_is_popup=&#8220;off&#8220; da_exit_intent=&#8220;off&#8220; da_has_close=&#8220;on&#8220; da_alt_close=&#8220;off&#8220; da_dark_close=&#8220;off&#8220; da_not_modal=&#8220;on&#8220; da_is_singular=&#8220;off&#8220; da_with_loader=&#8220;off&#8220; da_has_shadow=&#8220;on&#8220;][et_pb_row _builder_version=&#8220;4.22.2&#8243; _module_preset=&#8220;default&#8220; custom_margin=&#8220;-67px|auto||auto||&#8220; custom_padding=&#8220;4px|||||&#8220; global_colors_info=&#8220;{}&#8220;][et_pb_column type=&#8220;4_4&#8243; _builder_version=&#8220;4.22.2&#8243; _module_preset=&#8220;default&#8220; global_colors_info=&#8220;{}&#8220;][et_pb_heading title=&#8220;Skilm\u00e1lar Pilates Port&#8220; _builder_version=&#8220;4.22.2&#8243; _module_preset=&#8220;default&#8220; custom_margin=&#8220;22px|||||&#8220; global_colors_info=&#8220;{}&#8220;][\/et_pb_heading][\/et_pb_column][\/et_pb_row][et_pb_row _builder_version=&#8220;4.22.2&#8243; _module_preset=&#8220;default&#8220; custom_margin=&#8220;-53px|auto||auto||&#8220; custom_padding=&#8220;0px|||||&#8220; global_colors_info=&#8220;{}&#8220;][et_pb_column type=&#8220;4_4&#8243; _builder_version=&#8220;4.22.2&#8243; _module_preset=&#8220;default&#8220; global_colors_info=&#8220;{}&#8220;][et_pb_text _builder_version=&#8220;4.22.2&#8243; _module_preset=&#8220;default&#8220; min_height=&#8220;598.7px&#8220; custom_padding=&#8220;33px|||||&#8220; global_colors_info=&#8220;{}&#8220;]<\/p>\n<p><span>Pilates Port(600123-1060) og kaupandi gera me\u00f0 s\u00e9r samning vi\u00f0 kaup \u00e1 \u00e1skrift, n\u00e1mskei\u00f0um, klippikortum og \u00f6\u00f0rum vi\u00f0bur\u00f0um.\u00a0 Kaup \u00e1 a\u00f0gangi \u00ed pilates eru endanleg. Allar uppl\u00fdsingar \u00e1 vefnum okkar eru birtar me\u00f0 fyrirvara um villur og \/ e\u00f0a breytingar.<\/span><br \/><span>Me\u00f0limir \u00e6fa \u00e1 s\u00edna eigin \u00e1byrg\u00f0 \u00ed Pilates Port\u00a0 og bera sj\u00e1lfir \u00e1byrg\u00f0 \u00e1 s\u00ednum eigum\/ver\u00f0m\u00e6tum. \u00dea\u00f0 er \u00e1 \u00e1byrg\u00f0 i\u00f0kandans a\u00f0 tilkynna kennara um mei\u00f0sl, veikindi e\u00f0a \u00e1stand sem mun hafa \u00e1hrif \u00e1 \u00e6fingu i\u00f0kanda.<\/span><\/p>\n<p><strong><\/strong><\/p>\n<p><strong>N\u00e1mskei\u00f0<br \/><\/strong><span>N\u00e1mskei\u00f0in sem eru \u00ed bo\u00f0i hj\u00e1 Pilates Port eru alla jafna kennd tvisvar \u00ed viku og \u00fe\u00e1 \u00e1 f\u00f6stum t\u00edmum. Me\u00f0 skr\u00e1ningu \u00e1 n\u00e1mskei\u00f0 er veri\u00f0 a\u00f0 kaupa pl\u00e1ss en ekki \u00e1kve\u00f0inn t\u00edmafj\u00f6lda. Komi til \u00feess a\u00f0 \u00fe\u00fa n\u00fdtir ekki hluta af n\u00e1mskei\u00f0i bendum vi\u00f0 \u00fe\u00e9r \u00e1 a\u00f0 r\u00e1\u00f0f\u00e6ra \u00feig vi\u00f0 \u00feinn kennara um hvernig \u00fe\u00fa getur b\u00e6tt \u00fea\u00f0 upp \u00e1 me\u00f0an \u00e1 n\u00e1mskei\u00f0st\u00edmabilinu stendur. N\u00e1mskei\u00f0 eru ekki endurgreidd, en \u00fe\u00fa getur fengi\u00f0 inneign hj\u00e1 Pilates Port ef \u00fe\u00fa afb\u00f3kar \u00feig af \u00f6llu n\u00e1mskei\u00f0inu me\u00f0 24 klst fyrirvara. H\u00e6gt er a\u00f0 kaupa \u00e1skrift \u00e1 n\u00e1mskei\u00f0 sem gildir \u00ed eina \u00f6nn e\u00f0a\u00a0 greitt fyrir stakt n\u00e1mskei\u00f0.<\/span><br \/><span><\/span><\/p>\n<p><span><\/span><\/p>\n<p><span><\/span><\/p>\n<p><strong>Opnir t\u00edmar<\/strong><br \/><span>Bo\u00f0i\u00f0 er upp \u00e1 opna t\u00edma \u00ed stundat\u00f6flu \u00fear sem i\u00f0kandi skr\u00e1ir sig sj\u00e1lfur \u00ed gegnum Abler appi\u00f0.\u00a0 Fyrirvari er ger\u00f0ur um breytingar \u00e1 stundat\u00f6flu og h\u00e6gt er a\u00f0 skr\u00e1 sig og fylgjast me\u00f0 opnum t\u00edmum inn \u00e1 heimas\u00ed\u00f0u Pilates Port og \u00ed gegnum Abler appi\u00f0. Pilates Port hefur heimild til a\u00f0 leggja ni\u00f0ur t\u00edma ef \u00fea\u00f0 eru 2 e\u00f0a f\u00e6rri me\u00f0limir skr\u00e1\u00f0ir \u00ed t\u00edmann, b\u00e6\u00f0i me\u00f0limur og kennari f\u00e1 t\u00f6lvup\u00f3st. Pilates Port gerir allt \u00ed s\u00ednu valdi til a\u00f0 byrja og lj\u00faka t\u00edmum \u00e1 r\u00e9ttum t\u00edma.\u00a0<\/span><br \/><span>\u00a0<\/span><\/p>\n<p><span><\/span><\/p>\n<p><strong>\u00c1skrift \u00ed Pilates<\/strong><br \/><span>Pilates Port gerir samning vi\u00f0 kaupanda um \u00e1skrift sem gildir \u00ed eina \u00f6nn \u00ed senn og er ekki h\u00e6gt a\u00f0 segja upp \u00feeirri \u00e1skrift heldur endar h\u00fan eftir hverja \u00f6nn. Kaupanda er \u00ed bo\u00f0i a\u00f0 skipta grei\u00f0slum \u00e1 \u00fe\u00e1 fj\u00f6lda m\u00e1na\u00f0a sem \u00e1skriftin n\u00e6r yfir. \u00c1skrift er h\u00e6gt kaupa b\u00e6\u00f0i fyrir n\u00e1mskei\u00f0 og opna t\u00edma.\u00a0<\/span><br \/><span>\u00a0<\/span><\/p>\n<p><strong>Klippikort<\/strong><br \/><span>Gilda \u00ed alla opna t\u00edma \u00ed stundat\u00f6flu og taka gildi vi\u00f0 fyrsta t\u00edma kaupanda og eru ekki framseljanleg til \u00feri\u00f0ja a\u00f0ila, nema me\u00f0 leyfi fr\u00e1 Pilates Port.<\/span><br \/><span>\u00a0<\/span><\/p>\n<p>[\/et_pb_text][\/et_pb_column][\/et_pb_row][\/et_pb_section]<\/p>\n","protected":false},"excerpt":{"rendered":"<p>Pilates Port(600123-1060) og kaupandi gera me\u00f0 s\u00e9r samning vi\u00f0 kaup \u00e1 \u00e1skrift, n\u00e1mskei\u00f0um, klippikortum og \u00f6\u00f0rum vi\u00f0bur\u00f0um.\u00a0 Kaup \u00e1 a\u00f0gangi \u00ed pilates eru endanleg. Allar uppl\u00fdsingar \u00e1 vefnum okkar eru birtar me\u00f0 fyrirvara um villur og \/ e\u00f0a breytingar.Me\u00f0limir \u00e6fa \u00e1 s\u00edna eigin \u00e1byrg\u00f0 \u00ed Pilates Port\u00a0 og bera sj\u00e1lfir \u00e1byrg\u00f0 \u00e1 s\u00ednum eigum\/ver\u00f0m\u00e6tum. \u00dea\u00f0 [&hellip;]<\/p>\n","protected":false},"author":1,"featured_media":0,"parent":0,"menu_order":0,"comment_status":"closed","ping_status":"closed","template":"","meta":{"_et_pb_use_builder":"on","_et_pb_old_content":"<!-- wp:heading -->\n<h2 class=\"wp-block-heading\">Who we are<\/h2>\n<!-- \/wp:heading -->\n\n<!-- wp:paragraph -->\n<p><strong class=\"privacy-policy-tutorial\">Suggested text: <\/strong>Our website address is: https:\/\/pilatesport.is.<\/p>\n<!-- \/wp:paragraph -->\n\n<!-- wp:heading -->\n<h2 class=\"wp-block-heading\">Comments<\/h2>\n<!-- \/wp:heading -->\n\n<!-- wp:paragraph -->\n<p><strong class=\"privacy-policy-tutorial\">Suggested text: <\/strong>When visitors leave comments on the site we collect the data shown in the comments form, and also the visitor\u2019s IP address and browser user agent string to help spam detection.<\/p>\n<!-- \/wp:paragraph -->\n\n<!-- wp:paragraph -->\n<p>An anonymized string created from your email address (also called a hash) may be provided to the Gravatar service to see if you are using it. The Gravatar service privacy policy is available here: https:\/\/automattic.com\/privacy\/. After approval of your comment, your profile picture is visible to the public in the context of your comment.<\/p>\n<!-- \/wp:paragraph -->\n\n<!-- wp:heading -->\n<h2 class=\"wp-block-heading\">Media<\/h2>\n<!-- \/wp:heading -->\n\n<!-- wp:paragraph -->\n<p><strong class=\"privacy-policy-tutorial\">Suggested text: <\/strong>If you upload images to the website, you should avoid uploading images with embedded location data (EXIF GPS) included. Visitors to the website can download and extract any location data from images on the website.<\/p>\n<!-- \/wp:paragraph -->\n\n<!-- wp:heading -->\n<h2 class=\"wp-block-heading\">Cookies<\/h2>\n<!-- \/wp:heading -->\n\n<!-- wp:paragraph -->\n<p><strong class=\"privacy-policy-tutorial\">Suggested text: <\/strong>If you leave a comment on our site you may opt-in to saving your name, email address and website in cookies. These are for your convenience so that you do not have to fill in your details again when you leave another comment. These cookies will last for one year.<\/p>\n<!-- \/wp:paragraph -->\n\n<!-- wp:paragraph -->\n<p>If you visit our login page, we will set a temporary cookie to determine if your browser accepts cookies. This cookie contains no personal data and is discarded when you close your browser.<\/p>\n<!-- \/wp:paragraph -->\n\n<!-- wp:paragraph -->\n<p>When you log in, we will also set up several cookies to save your login information and your screen display choices. Login cookies last for two days, and screen options cookies last for a year. If you select \"Remember Me\", your login will persist for two weeks. If you log out of your account, the login cookies will be removed.<\/p>\n<!-- \/wp:paragraph -->\n\n<!-- wp:paragraph -->\n<p>If you edit or publish an article, an additional cookie will be saved in your browser. This cookie includes no personal data and simply indicates the post ID of the article you just edited. It expires after 1 day.<\/p>\n<!-- \/wp:paragraph -->\n\n<!-- wp:heading -->\n<h2 class=\"wp-block-heading\">Embedded content from other websites<\/h2>\n<!-- \/wp:heading -->\n\n<!-- wp:paragraph -->\n<p><strong class=\"privacy-policy-tutorial\">Suggested text: <\/strong>Articles on this site may include embedded content (e.g. videos, images, articles, etc.). Embedded content from other websites behaves in the exact same way as if the visitor has visited the other website.<\/p>\n<!-- \/wp:paragraph -->\n\n<!-- wp:paragraph -->\n<p>These websites may collect data about you, use cookies, embed additional third-party tracking, and monitor your interaction with that embedded content, including tracking your interaction with the embedded content if you have an account and are logged in to that website.<\/p>\n<!-- \/wp:paragraph -->\n\n<!-- wp:heading -->\n<h2 class=\"wp-block-heading\">Who we share your data with<\/h2>\n<!-- \/wp:heading -->\n\n<!-- wp:paragraph -->\n<p><strong class=\"privacy-policy-tutorial\">Suggested text: <\/strong>If you request a password reset, your IP address will be included in the reset email.<\/p>\n<!-- \/wp:paragraph -->\n\n<!-- wp:heading -->\n<h2 class=\"wp-block-heading\">How long we retain your data<\/h2>\n<!-- \/wp:heading -->\n\n<!-- wp:paragraph -->\n<p><strong class=\"privacy-policy-tutorial\">Suggested text: <\/strong>If you leave a comment, the comment and its metadata are retained indefinitely. This is so we can recognize and approve any follow-up comments automatically instead of holding them in a moderation queue.<\/p>\n<!-- \/wp:paragraph -->\n\n<!-- wp:paragraph -->\n<p>For users that register on our website (if any), we also store the personal information they provide in their user profile. All users can see, edit, or delete their personal information at any time (except they cannot change their username). Website administrators can also see and edit that information.<\/p>\n<!-- \/wp:paragraph -->\n\n<!-- wp:heading -->\n<h2 class=\"wp-block-heading\">What rights you have over your data<\/h2>\n<!-- \/wp:heading -->\n\n<!-- wp:paragraph -->\n<p><strong class=\"privacy-policy-tutorial\">Suggested text: <\/strong>If you have an account on this site, or have left comments, you can request to receive an exported file of the personal data we hold about you, including any data you have provided to us. You can also request that we erase any personal data we hold about you. This does not include any data we are obliged to keep for administrative, legal, or security purposes.<\/p>\n<!-- \/wp:paragraph -->\n\n<!-- wp:heading -->\n<h2 class=\"wp-block-heading\">Where your data is sent<\/h2>\n<!-- \/wp:heading -->\n\n<!-- wp:paragraph -->\n<p><strong class=\"privacy-policy-tutorial\">Suggested text: <\/strong>Visitor comments may be checked through an automated spam detection service.<\/p>\n<!-- \/wp:paragraph -->","_et_gb_content_width":"","footnotes":""},"class_list":["post-3","page","type-page","status-publish","hentry"],"_links":{"self":[{"href":"https:\/\/pilatesport.is\/is\/wp-json\/wp\/v2\/pages\/3","targetHints":{"allow":["GET"]}}],"collection":[{"href":"https:\/\/pilatesport.is\/is\/wp-json\/wp\/v2\/pages"}],"about":[{"href":"https:\/\/pilatesport.is\/is\/wp-json\/wp\/v2\/types\/page"}],"author":[{"embeddable":true,"href":"https:\/\/pilatesport.is\/is\/wp-json\/wp\/v2\/users\/1"}],"replies":[{"embeddable":true,"href":"https:\/\/pilatesport.is\/is\/wp-json\/wp\/v2\/comments?post=3"}],"version-history":[{"count":16,"href":"https:\/\/pilatesport.is\/is\/wp-json\/wp\/v2\/pages\/3\/revisions"}],"predecessor-version":[{"id":3533,"href":"https:\/\/pilatesport.is\/is\/wp-json\/wp\/v2\/pages\/3\/revisions\/3533"}],"wp:attachment":[{"href":"https:\/\/pilatesport.is\/is\/wp-json\/wp\/v2\/media?parent=3"}],"curies":[{"name":"wp","href":"https:\/\/api.w.org\/{rel}","templated":true}]}}