{"id":31,"date":"2023-04-11T17:43:56","date_gmt":"2023-04-11T17:43:56","guid":{"rendered":"https:\/\/pilatesport.is\/?page_id=31"},"modified":"2026-04-09T09:03:33","modified_gmt":"2026-04-09T09:03:33","slug":"31-2","status":"publish","type":"page","link":"https:\/\/pilatesport.is\/is\/","title":{"rendered":"Heim"},"content":{"rendered":"<p>[et_pb_section fb_built=&#8220;1&#8243; fullwidth=&#8220;on&#8220; _builder_version=&#8220;4.22.2&#8243; _module_preset=&#8220;default&#8220; background_color=&#8220;#FFFFFF&#8220; da_disable_devices=&#8220;off|off|off&#8220; global_colors_info=&#8220;{}&#8220; da_is_popup=&#8220;off&#8220; da_exit_intent=&#8220;off&#8220; da_has_close=&#8220;on&#8220; da_alt_close=&#8220;off&#8220; da_dark_close=&#8220;off&#8220; da_not_modal=&#8220;on&#8220; da_is_singular=&#8220;off&#8220; da_with_loader=&#8220;off&#8220; da_has_shadow=&#8220;on&#8220;][et_pb_fullwidth_slider use_bg_overlay=&#8220;off&#8220; use_text_overlay=&#8220;off&#8220; _builder_version=&#8220;4.22.2&#8243; _module_preset=&#8220;default&#8220; header_level=&#8220;h1&#8243; header_font=&#8220;|600|||||||&#8220; header_font_size=&#8220;12px&#8220; background_color=&#8220;rgba(0,0,0,0.27)&#8220; background_image=&#8220;https:\/\/pilatesport.is\/wp-content\/uploads\/2026\/01\/pp-tower3-scaled.jpg&#8220; custom_margin=&#8220;||-3px|||&#8220; hover_enabled=&#8220;0&#8243; global_colors_info=&#8220;{}&#8220; sticky_enabled=&#8220;0&#8243;][et_pb_slide heading=&#8220;Einka- og d\u00fa\u00f3t\u00edmar \u00ed Pilates&#8220; button_text=&#8220;N\u00c1NAR H\u00c9R &#8220; button_link=&#8220;@ET-DC@eyJkeW5hbWljIjp0cnVlLCJjb250ZW50IjoicG9zdF9saW5rX3VybF9wYWdlIiwic2V0dGluZ3MiOnsicG9zdF9pZCI6IjE1MyJ9fQ==@&#8220; use_text_overlay=&#8220;on&#8220; _builder_version=&#8220;4.22.2&#8243; _dynamic_attributes=&#8220;button_link&#8220; _module_preset=&#8220;default&#8220; header_font=&#8220;Bellota Text||||||||&#8220; header_font_size=&#8220;20px&#8220; background_enable_color=&#8220;off&#8220; background_image=&#8220;https:\/\/pilatesport.is\/wp-content\/uploads\/2025\/11\/ppdilja-1-scaled.jpg&#8220; background_enable_image=&#8220;on&#8220; background_enable_video_mp4=&#8220;off&#8220; child_filter_opacity=&#8220;80%&#8220; child_mix_blend_mode=&#8220;difference&#8220; hover_enabled=&#8220;0&#8243; global_colors_info=&#8220;{}&#8220; sticky_transition=&#8220;on&#8220; title_text=&#8220;ppdilja&#8220; sticky_enabled=&#8220;0&#8243;][\/et_pb_slide][et_pb_slide heading=&#8220;N\u00fd Tower\/d\u00fdnu pilatesn\u00e1mskei\u00f0 hefjast 7. apr\u00edl eftir p\u00e1ska&#8220; button_text=&#8220;N\u00e1nar h\u00e9r&#8220; button_link=&#8220;@ET-DC@eyJkeW5hbWljIjp0cnVlLCJjb250ZW50IjoicG9zdF9saW5rX3VybF9wYWdlIiwic2V0dGluZ3MiOnsicG9zdF9pZCI6IjIxNDUifX0=@&#8220; use_text_overlay=&#8220;on&#8220; _builder_version=&#8220;4.22.2&#8243; _dynamic_attributes=&#8220;button_link&#8220; _module_preset=&#8220;default&#8220; header_font=&#8220;Bellota Text||||||||&#8220; header_font_size=&#8220;20px&#8220; background_enable_color=&#8220;off&#8220; background_image=&#8220;https:\/\/pilatesport.is\/wp-content\/uploads\/2026\/01\/pp-tower3-scaled.jpg&#8220; background_enable_image=&#8220;on&#8220; background_enable_video_mp4=&#8220;off&#8220; global_colors_info=&#8220;{}&#8220; sticky_transition=&#8220;on&#8220;][\/et_pb_slide][et_pb_slide heading=&#8220;M\u00f6mmupilates byrjar 8. apr\u00edl&#8220; button_text=&#8220;N\u00e1nar h\u00e9r&#8220; button_link=&#8220;@ET-DC@eyJkeW5hbWljIjp0cnVlLCJjb250ZW50IjoicG9zdF9saW5rX3VybF9wYWdlIiwic2V0dGluZ3MiOnsicG9zdF9pZCI6IjIxNDUifX0=@&#8220; use_text_overlay=&#8220;on&#8220; _builder_version=&#8220;4.22.2&#8243; _dynamic_attributes=&#8220;button_link&#8220; _module_preset=&#8220;default&#8220; header_font=&#8220;Bellota Text||||||||&#8220; header_font_size=&#8220;20px&#8220; background_enable_color=&#8220;off&#8220; background_image=&#8220;https:\/\/pilatesport.is\/wp-content\/uploads\/2024\/05\/mommupilates.jpg&#8220; background_enable_image=&#8220;on&#8220; background_enable_video_mp4=&#8220;off&#8220; hover_enabled=&#8220;0&#8243; global_colors_info=&#8220;{}&#8220; sticky_transition=&#8220;on&#8220; sticky_enabled=&#8220;0&#8243;][\/et_pb_slide][et_pb_slide heading=&#8220;N\u00fd Reformer grunnn\u00e1mskei\u00f0 byrja 7. apr\u00edl eftir p\u00e1ska&#8220; button_text=&#8220;N\u00e1nar h\u00e9r&#8220; button_link=&#8220;@ET-DC@eyJkeW5hbWljIjp0cnVlLCJjb250ZW50IjoicG9zdF9saW5rX3VybF9wYWdlIiwic2V0dGluZ3MiOnsicG9zdF9pZCI6IjE5MDUifX0=@&#8220; use_text_overlay=&#8220;on&#8220; _builder_version=&#8220;4.22.2&#8243; _dynamic_attributes=&#8220;button_link&#8220; _module_preset=&#8220;default&#8220; header_font=&#8220;Bellota Text||||||||&#8220; header_font_size=&#8220;20px&#8220; background_enable_color=&#8220;off&#8220; background_image=&#8220;https:\/\/pilatesport.is\/wp-content\/uploads\/2024\/07\/reformer.jpg&#8220; background_enable_image=&#8220;on&#8220; background_enable_video_mp4=&#8220;off&#8220; global_colors_info=&#8220;{}&#8220; sticky_transition=&#8220;on&#8220;][\/et_pb_slide][et_pb_slide heading=&#8220;Heilsufer\u00f0 til La Gomera 6. &#8211; 13. ma\u00ed&#8220; button_text=&#8220;B\u00f3ka h\u00e9r&#8220; button_link=&#8220;https:\/\/www.heimsferdir.is\/package\/?packageId=232&#038;departureId=409&#038;adults=2&#038;children=0&#038;infants=0&#038;owner=96A0DAA0-C696-4FAA-BCBC-F94ED31D6663&#038;fbclid=IwY2xjawPxjvxleHRuA2FlbQIxMABicmlkETF6blh3aUxNdlU0RGhZclNUc3J0YwZhcHBfaWQQMjIyMDM5MTc4ODIwMDg5MgABHjY4D6-CI6XSNvy30cZeB3AoUti-azVDJqX0gaSR3u0FOiCIxXs0E7XgT1bj_aem_HrBs-QpPTshc5wvzF2TeIg&#8220; use_text_overlay=&#8220;on&#8220; _builder_version=&#8220;4.22.2&#8243; _module_preset=&#8220;default&#8220; header_font=&#8220;Bellota Text||||||||&#8220; header_font_size=&#8220;20px&#8220; background_enable_color=&#8220;off&#8220; background_image=&#8220;https:\/\/pilatesport.is\/wp-content\/uploads\/2025\/11\/lgpilates-scaled.jpg&#8220; background_enable_image=&#8220;on&#8220; background_enable_video_mp4=&#8220;off&#8220; global_colors_info=&#8220;{}&#8220; sticky_transition=&#8220;on&#8220;][\/et_pb_slide][\/et_pb_fullwidth_slider][\/et_pb_section][et_pb_section fb_built=&#8220;1&#8243; _builder_version=&#8220;4.22.2&#8243; _module_preset=&#8220;default&#8220; da_disable_devices=&#8220;off|off|off&#8220; global_colors_info=&#8220;{}&#8220; da_is_popup=&#8220;off&#8220; da_exit_intent=&#8220;off&#8220; da_has_close=&#8220;on&#8220; da_alt_close=&#8220;off&#8220; da_dark_close=&#8220;off&#8220; da_not_modal=&#8220;on&#8220; da_is_singular=&#8220;off&#8220; da_with_loader=&#8220;off&#8220; da_has_shadow=&#8220;on&#8220;][et_pb_row _builder_version=&#8220;4.22.2&#8243; _module_preset=&#8220;default&#8220; custom_padding=&#8220;10px||0px|||&#8220; global_colors_info=&#8220;{}&#8220;][et_pb_column type=&#8220;4_4&#8243; _builder_version=&#8220;4.22.2&#8243; _module_preset=&#8220;default&#8220; global_colors_info=&#8220;{}&#8220;][et_pb_text _builder_version=&#8220;4.22.2&#8243; _module_preset=&#8220;default&#8220; width=&#8220;100%&#8220; global_colors_info=&#8220;{}&#8220;]<\/p>\n<h2 style=\"text-align: center;\"><span>Velkomin \u00ed Pilates Port Klass\u00edskt boutique Pilates st\u00fad\u00ed\u00f3 \u00ed hjarta Reykjav\u00edkur \u00fear sem l\u00f6g\u00f0 er \u00e1hersla \u00e1 a\u00f0 kenna klass\u00edskt Pilates eins og \u00fer\u00f3a\u00f0 var af frumkv\u00f6\u00f0linum Joseph Pilates.<br \/>Allir kennarar Pilates Port eru me\u00f0 klass\u00edsk kennslur\u00e9ttindi.<\/span><\/h2>\n<p>[\/et_pb_text][et_pb_divider _builder_version=&#8220;4.22.2&#8243; _module_preset=&#8220;default&#8220; global_colors_info=&#8220;{}&#8220;][\/et_pb_divider][\/et_pb_column][\/et_pb_row][\/et_pb_section][et_pb_section fb_built=&#8220;1&#8243; _builder_version=&#8220;4.22.2&#8243; _module_preset=&#8220;default&#8220; background_color=&#8220;RGBA(79,168,67,0.38)&#8220; use_background_color_gradient=&#8220;on&#8220; background_color_gradient_type=&#8220;conic&#8220; background_color_gradient_stops=&#8220;#ffffff 0%|#ffffff 100%&#8220; min_height=&#8220;457.1px&#8220; height=&#8220;464px&#8220; max_height=&#8220;1000px&#8220; custom_margin=&#8220;-21px|||||&#8220; custom_padding=&#8220;28px||0px|||&#8220; da_disable_devices=&#8220;off|off|off&#8220; global_colors_info=&#8220;{}&#8220; da_is_popup=&#8220;off&#8220; da_exit_intent=&#8220;off&#8220; da_has_close=&#8220;on&#8220; da_alt_close=&#8220;off&#8220; da_dark_close=&#8220;off&#8220; da_not_modal=&#8220;on&#8220; da_is_singular=&#8220;off&#8220; da_with_loader=&#8220;off&#8220; da_has_shadow=&#8220;on&#8220;][et_pb_row column_structure=&#8220;2_5,3_5&#8243; _builder_version=&#8220;4.22.2&#8243; _module_preset=&#8220;default&#8220; custom_margin=&#8220;-25px|auto||auto||&#8220; custom_padding=&#8220;4px|||||&#8220; global_colors_info=&#8220;{}&#8220;][et_pb_column type=&#8220;2_5&#8243; _builder_version=&#8220;4.22.2&#8243; _module_preset=&#8220;default&#8220; global_colors_info=&#8220;{}&#8220;][et_pb_heading title=&#8220;Klippikort \u00ed Opna T\u00edma&#8220; _builder_version=&#8220;4.22.2&#8243; _module_preset=&#8220;default&#8220; custom_margin=&#8220;-10px||18px|||&#8220; custom_padding=&#8220;17px|||||&#8220; global_colors_info=&#8220;{}&#8220;][\/et_pb_heading][et_pb_text _builder_version=&#8220;4.22.2&#8243; _module_preset=&#8220;default&#8220; custom_margin=&#8220;-17px||17px|||&#8220; global_colors_info=&#8220;{}&#8220;]<\/p>\n<p><strong>10 t\u00edma klippikort\u00a0<br \/><\/strong>H\u00f6fum hafi\u00f0 s\u00f6lu \u00e1 10 t\u00edma klippikort fyrir alla pilates i\u00f0kendur sem hafa teki\u00f0 grunnn\u00e1mskei\u00f0 hj\u00e1 Pilates Port. H\u00e6gt er a\u00f0 skr\u00e1 sig \u00ed<span>\u00a0<\/span><strong><a target=\"_blank\" data-cke-saved-href=\"https:\/\/www.abler.io\/classes\/pilatesport?date\" href=\"https:\/\/www.abler.io\/classes\/pilatesport?date\" rel=\"noopener\">Opna T\u00edma<\/a><\/strong><span>\u00a0<\/span>inn \u00e1 Abler appinu:<\/p>\n<p><strong>Opnir t\u00edmar:<\/strong><br \/>M\u00e1n: Kl. 13 og 16<br \/>Mi\u00f0: Kl. 16<br \/>Fim: kl. 12.05 og 13<br \/>F\u00f6s: kl. 12.05<br \/>Lau: kl. 10<\/p>\n<p><em>Muna a\u00f0 skr\u00e1 sig og afskr\u00e1 sig \u00ed t\u00edma \u00e1 Abler appinu. <br \/>Allir opnir t\u00edmar birtast \u00e1 <a href=\"https:\/\/www.abler.io\/classes\/pilatesport?date=2026-01-14\">Abler<\/a> appinu fram \u00ed t\u00edmann.<\/em><\/p>\n<p>[\/et_pb_text][et_pb_button button_url=&#8220;https:\/\/www.abler.io\/shop\/pilatesport\/1\/product\/Q2x1YlNlcnZpY2U6NDM1MTQ=?fbclid=IwY2xjawPQgm5leHRuA2FlbQIxMABicmlkETFodlB0aEhJR0JlMzJUd2lUc3J0YwZhcHBfaWQQMjIyMDM5MTc4ODIwMDg5MgABHkvp9_0Tv3Z6g0MRoY5VpXoRPjQ-s-Y62DTQOxCyc1TUEwSFYiUBIlncfEj8_aem_Z7SXA0g-LEUNkJx6VKlaxw&#8220; button_text=&#8220;KAUPA KLIPPIKORT&#8220; _builder_version=&#8220;4.22.2&#8243; _module_preset=&#8220;default&#8220; global_colors_info=&#8220;{}&#8220;][\/et_pb_button][\/et_pb_column][et_pb_column type=&#8220;3_5&#8243; _builder_version=&#8220;4.22.2&#8243; _module_preset=&#8220;default&#8220; global_colors_info=&#8220;{}&#8220;][et_pb_image src=&#8220;https:\/\/pilatesport.is\/wp-content\/uploads\/2023\/12\/T2A3142-scaled.jpg&#8220; title_text=&#8220;_T2A3142&#8243; _builder_version=&#8220;4.22.2&#8243; _module_preset=&#8220;default&#8220; global_colors_info=&#8220;{}&#8220;][\/et_pb_image][\/et_pb_column][\/et_pb_row][et_pb_row _builder_version=&#8220;4.22.2&#8243; _module_preset=&#8220;default&#8220; global_colors_info=&#8220;{}&#8220;][et_pb_column type=&#8220;4_4&#8243; _builder_version=&#8220;4.22.2&#8243; _module_preset=&#8220;default&#8220; global_colors_info=&#8220;{}&#8220;][et_pb_divider _builder_version=&#8220;4.22.2&#8243; _module_preset=&#8220;default&#8220; global_colors_info=&#8220;{}&#8220;][\/et_pb_divider][\/et_pb_column][\/et_pb_row][\/et_pb_section][et_pb_section fb_built=&#8220;1&#8243; admin_label=&#8220;Section&#8220; module_id=&#8220;Embed-using-activecampaign-form-1-css-1&#8243; _builder_version=&#8220;4.22.2&#8243; _module_preset=&#8220;default&#8220; min_height=&#8220;732.4px&#8220; custom_margin=&#8220;-25px|||||&#8220; custom_padding=&#8220;0px||0px|||&#8220; da_popup_slug=&#8220;Embed using%91activecampaign form=1 css=1%93&#8243; da_disable_devices=&#8220;off|off|off&#8220; global_colors_info=&#8220;{}&#8220; da_is_popup=&#8220;off&#8220; da_exit_intent=&#8220;off&#8220; da_has_close=&#8220;on&#8220; da_alt_close=&#8220;off&#8220; da_dark_close=&#8220;off&#8220; da_not_modal=&#8220;on&#8220; da_is_singular=&#8220;off&#8220; da_with_loader=&#8220;off&#8220; da_has_shadow=&#8220;on&#8220;][et_pb_row _builder_version=&#8220;4.22.2&#8243; _module_preset=&#8220;default&#8220; custom_padding=&#8220;33px|||||&#8220; global_colors_info=&#8220;{}&#8220;][et_pb_column type=&#8220;4_4&#8243; _builder_version=&#8220;4.20.4&#8243; _module_preset=&#8220;default&#8220; global_colors_info=&#8220;{}&#8220;][et_pb_text _builder_version=&#8220;4.22.2&#8243; _module_preset=&#8220;default&#8220; custom_padding=&#8220;||0px|||&#8220; global_colors_info=&#8220;{}&#8220;]<\/p>\n<p style=\"text-align: center;\"><span style=\"font-size: x-large;\">Grunn- og framhaldsn\u00e1mskei\u00f0 \u00ed Pilates\u00a0<\/span><\/p>\n<p><span style=\"font-size: x-large;\"><\/span><\/p>\n<p><span style=\"font-size: x-large;\"><\/span><\/p>\n<p>[\/et_pb_text][\/et_pb_column][\/et_pb_row][et_pb_row column_structure=&#8220;1_3,1_3,1_3&#8243; _builder_version=&#8220;4.22.2&#8243; _module_preset=&#8220;default&#8220; min_height=&#8220;652.4px&#8220; custom_margin=&#8220;-36px|auto||auto||&#8220; custom_padding=&#8220;0px||0px|||&#8220; link_option_url=&#8220;https:\/\/www.sportabler.com\/shop\/pilatesport&#8220; global_colors_info=&#8220;{}&#8220;][et_pb_column type=&#8220;1_3&#8243; _builder_version=&#8220;4.20.4&#8243; _module_preset=&#8220;default&#8220; global_colors_info=&#8220;{}&#8220;][et_pb_image src=&#8220;https:\/\/pilatesport.is\/wp-content\/uploads\/2024\/07\/pilateshringur-1.jpg&#8220; title_text=&#8220;pilateshringur&#8220; _builder_version=&#8220;4.22.2&#8243; _module_preset=&#8220;default&#8220; global_colors_info=&#8220;{}&#8220;][\/et_pb_image][et_pb_cta title=&#8220;Tower\/d\u00fdnu h\u00f3pn\u00e1mskei\u00f0&#8220; button_url=&#8220;@ET-DC@eyJkeW5hbWljIjp0cnVlLCJjb250ZW50IjoicG9zdF9saW5rX3VybF9wYWdlIiwic2V0dGluZ3MiOnsicG9zdF9pZCI6IjIxNDUifX0=@&#8220; button_text=&#8220;SKR\u00c1NING H\u00c9R&#8220; _builder_version=&#8220;4.22.2&#8243; _dynamic_attributes=&#8220;button_url&#8220; _module_preset=&#8220;default&#8220; header_text_color=&#8220;#000000&#8243; body_text_color=&#8220;#000000&#8243; background_color=&#8220;#FFFFFF&#8220; custom_button=&#8220;on&#8220; button_text_color=&#8220;#76a870&#8243; custom_margin=&#8220;-40px||-7px|||&#8220; custom_padding=&#8220;38px||37px|||&#8220; global_colors_info=&#8220;{}&#8220;]<\/p>\n<p>\u00ed bo\u00f0i eru grunnn\u00e1mskei\u00f0, str\u00e1kan\u00e1mskei\u00f0, m\u00f6mmupilates, 60+ framhaldsn\u00e1mskei\u00f0 o.fl. N\u00e1mskei\u00f0in eru kennd 2x \u00ed viku. Alltaf h\u00e6gt a\u00f0 skr\u00e1 sig \u00e1 bi\u00f0lista e\u00f0a senda okkur p\u00f3st var\u00f0andi uppl\u00fdsingar um n\u00e6stu n\u00e1mskei\u00f0.<br \/><span style=\"font-size: 12px;\">\u00a0\u00a0<\/span><a href=\"mailto:info@pilatesport.is\" style=\"font-size: 12px;\">info@pilatesport.is.<\/a><\/p>\n<p>[\/et_pb_cta][\/et_pb_column][et_pb_column type=&#8220;1_3&#8243; _builder_version=&#8220;4.20.4&#8243; _module_preset=&#8220;default&#8220; global_colors_info=&#8220;{}&#8220;][et_pb_image src=&#8220;https:\/\/pilatesport.is\/wp-content\/uploads\/2024\/07\/reformer.jpg&#8220; title_text=&#8220;reformer&#8220; _builder_version=&#8220;4.22.2&#8243; _module_preset=&#8220;default&#8220; global_colors_info=&#8220;{}&#8220;][\/et_pb_image][et_pb_cta title=&#8220;Tower Pilates h\u00f3pn\u00e1mskei\u00f0&#8220; button_url=&#8220;@ET-DC@eyJkeW5hbWljIjp0cnVlLCJjb250ZW50IjoicG9zdF9saW5rX3VybF9wYWdlIiwic2V0dGluZ3MiOnsicG9zdF9pZCI6IjE5MDUifX0=@&#8220; button_text=&#8220;SKR\u00c1NING H\u00c9R&#8220; _builder_version=&#8220;4.22.2&#8243; _dynamic_attributes=&#8220;button_url,link_option_url&#8220; _module_preset=&#8220;default&#8220; header_text_color=&#8220;#000000&#8243; body_text_color=&#8220;#000000&#8243; background_color=&#8220;#FFFFFF&#8220; custom_button=&#8220;on&#8220; button_text_color=&#8220;#76a870&#8243; custom_margin=&#8220;-40px||33px|||&#8220; custom_padding=&#8220;38px||63px|||&#8220; link_option_url=&#8220;@ET-DC@eyJkeW5hbWljIjp0cnVlLCJjb250ZW50IjoicG9zdF9saW5rX3VybF9wYWdlIiwic2V0dGluZ3MiOnsicG9zdF9pZCI6IjE5MDUifX0=@&#8220; global_colors_info=&#8220;{}&#8220;]<\/p>\n<div id=\"abler-shop\">\n<div class=\"css-w1amky\">\n<div class=\"css-19j8at9\">\n<div class=\"chakra-container css-1bsts4o\">\n<div class=\"css-0\">\n<div class=\"css-1dpi9mr\">\n<div class=\"sun-editor-editable\">\n<p>Reformer n\u00e1mskei\u00f0 fyrir byrjendur. F\u00f6rum vel \u00ed gegnum allar grunn\u00e6fingarnar \u00e1 Reformernum. N\u00e1mskei\u00f0i\u00f0 er kennt 2x \u00ed viku (10 skipti). Einungis fj\u00f3rir \u00e1 hverju n\u00e1mskei\u00f0i.<\/p>\n<div class=\"html-div xdj266r x14z9mp xat24cr x1lziwak xexx8yu xyri2b x18d9i69 x1c1uobl xeuugli x1vjfegm\">\n<div role=\"presentation\" class=\"html-div xdj266r x14z9mp xat24cr x1lziwak xexx8yu xyri2b x18d9i69 x1c1uobl x78zum5 xh8yej3\">\n<div class=\"x78zum5 xdt5ytf x193iq5w x1n2onr6 x1kxipp6 xuk3077\">\n<div class=\"x78zum5 xh8yej3\" role=\"none\">\n<div class=\"html-div xdj266r x14z9mp xat24cr x1lziwak xexx8yu xyri2b x18d9i69 x1c1uobl x6ikm8r x10wlt62\">\n<div role=\"presentation\" class=\"html-div xdj266r x14z9mp xat24cr x1lziwak x14ctfv x13sv91t x6ikm8r x10wlt62 xerhiuh x1pn3fxy x10zy8in xm9bcq3 x1n2onr6 x1vjfegm x1k4qllp x1mzt3pk x13faqbe x11jlvup xpmdkuv xrmkrer x12z03op x9wyiwl x13fuv20 x18b5jzi x1q0q8m5 x1t7ytsu x12lizq0 x1nrdd72 x1ybe9c6 xx487zo xaymx6s x1lu5o8o x1ou5ly4 xofb2d2\">\n<div dir=\"auto\" class=\"html-div xexx8yu xyri2b x18d9i69 x1c1uobl x1gslohp x14z9mp x12nagc x1lziwak x1yc453h x126k92a xyk4ms5\"><\/div>\n<\/div>\n<\/div>\n<\/div>\n<\/div>\n<\/div>\n<\/div>\n<\/div>\n<\/div>\n<\/div>\n<\/div>\n<\/div>\n<\/div>\n<\/div>\n<div id=\"freshworks-container\" data-html2canvas-ignore=\"true\"><\/div>\n<p>[\/et_pb_cta][\/et_pb_column][et_pb_column type=&#8220;1_3&#8243; _builder_version=&#8220;4.20.4&#8243; _module_preset=&#8220;default&#8220; global_colors_info=&#8220;{}&#8220;][et_pb_image src=&#8220;https:\/\/pilatesport.is\/wp-content\/uploads\/2024\/07\/private.jpg&#8220; title_text=&#8220;private&#8220; _builder_version=&#8220;4.22.2&#8243; _module_preset=&#8220;default&#8220; global_colors_info=&#8220;{}&#8220;][\/et_pb_image][et_pb_cta title=&#8220;Einka- og d\u00fa\u00f3t\u00edmar&#8220; button_url=&#8220;@ET-DC@eyJkeW5hbWljIjp0cnVlLCJjb250ZW50IjoicG9zdF9saW5rX3VybF9wYWdlIiwic2V0dGluZ3MiOnsicG9zdF9pZCI6IjE1MyJ9fQ==@&#8220; button_text=&#8220;SKR\u00c1NING H\u00c9R&#8220; _builder_version=&#8220;4.22.2&#8243; _dynamic_attributes=&#8220;button_url,link_option_url&#8220; _module_preset=&#8220;default&#8220; header_text_color=&#8220;#000000&#8243; body_text_color=&#8220;#000000&#8243; background_color=&#8220;#FFFFFF&#8220; custom_button=&#8220;on&#8220; button_text_color=&#8220;#76a870&#8243; custom_margin=&#8220;-40px||33px|||&#8220; custom_padding=&#8220;38px||49px|||&#8220; link_option_url=&#8220;@ET-DC@eyJkeW5hbWljIjp0cnVlLCJjb250ZW50IjoicG9zdF9saW5rX3VybF9wYWdlIiwic2V0dGluZ3MiOnsicG9zdF9pZCI6IjE1MyJ9fQ==@&#8220; global_colors_info=&#8220;{}&#8220;]<\/p>\n<p>Einka- og d\u00fa\u00f3t\u00edmar eru s\u00e9rhanna\u00f0ir a\u00f0 \u00fe\u00f6rfum og getu hvers i\u00f0kanda. Til a\u00f0 kaupa og b\u00f3ka einka- og d\u00fa\u00f3t\u00edma vinsamlegast hafi\u00f0 samband \u00e1 <a href=\"mailto:info@pilatesport.is\">info@pilatesport.is.<\/a><\/p>\n<p>[\/et_pb_cta][\/et_pb_column][\/et_pb_row][\/et_pb_section][et_pb_section fb_built=&#8220;1&#8243; _builder_version=&#8220;4.22.2&#8243; _module_preset=&#8220;default&#8220; background_color=&#8220;#f9f9f9&#8243; min_height=&#8220;630px&#8220; custom_margin=&#8220;||-19px|||&#8220; custom_padding=&#8220;||0px|||&#8220; da_disable_devices=&#8220;off|off|off&#8220; global_colors_info=&#8220;{}&#8220; da_is_popup=&#8220;off&#8220; da_exit_intent=&#8220;off&#8220; da_has_close=&#8220;on&#8220; da_alt_close=&#8220;off&#8220; da_dark_close=&#8220;off&#8220; da_not_modal=&#8220;on&#8220; da_is_singular=&#8220;off&#8220; da_with_loader=&#8220;off&#8220; da_has_shadow=&#8220;on&#8220;][et_pb_row column_structure=&#8220;1_2,1_2&#8243; _builder_version=&#8220;4.20.4&#8243; _module_preset=&#8220;default&#8220; global_colors_info=&#8220;{}&#8220;][et_pb_column type=&#8220;1_2&#8243; _builder_version=&#8220;4.20.4&#8243; _module_preset=&#8220;default&#8220; global_colors_info=&#8220;{}&#8220;][et_pb_text _builder_version=&#8220;4.20.4&#8243; _module_preset=&#8220;default&#8220; inline_fonts=&#8220;Poppins&#8220; global_colors_info=&#8220;{}&#8220;]<\/p>\n<h3 class=\"p1\"><span style=\"font-size: x-large; font-family: Poppins;\">\u00c1vinningur af Pilates<\/span><\/h3>\n<p class=\"p1\">\u00deegar Pilates er stunda\u00f0 markvisst upplifa i\u00f0kendur aukna orku, einbeitingu og heilt yfir aukna vell\u00ed\u00f0an \u00e1 l\u00edkama og s\u00e1l.<\/p>\n<p class=\"p1\">\u00c1vinningur af Pilates:<\/p>\n<ul>\n<li class=\"p2\">Styrkir dj\u00fapv\u00f6\u00f0va l\u00edkamans<\/li>\n<li class=\"p2\">Eykur styrk, li\u00f0leika og jafnv\u00e6gi<\/li>\n<li class=\"p2\">B\u00e6tir l\u00edkamsst\u00f6\u00f0una<\/li>\n<li class=\"p2\">Betri l\u00ed\u00f0an \u00ed baki, \u00f6xlum, mj\u00f6\u00f0mum og li\u00f0um<\/li>\n<li class=\"p2\">B\u00e6tir andlega heilsu<\/li>\n<li class=\"p2\">B\u00e6tir einbeitingu<\/li>\n<li class=\"p2\">Aukinn li\u00f0leiki \u00ed hryggjas\u00falunni\u00a0<\/li>\n<\/ul>\n<p>Pilates Port er b\u00fai\u00f0 v\u00f6ndu\u00f0um og s\u00e9rh\u00f6nnu\u00f0um p\u00edlatest\u00e6kjum. Einnig er Pilates Port umbo\u00f0sa\u00f0ili framlei\u00f0anda t\u00e6kjanna, <a href=\"https:\/\/pilatesscandinavia.com\/\">Pilates Scandinavia<\/a>, \u00e1 \u00cdslandi. N\u00e1nari uppl\u00fdsingar og kaup \u00e1 t\u00e6kjum f\u00e6st \u00e1 <a href=\"mailto:info@pilatesport.is\">info@pilatesport.is<\/a>.<\/p>\n<p class=\"p5\">\n<p>[\/et_pb_text][\/et_pb_column][et_pb_column type=&#8220;1_2&#8243; _builder_version=&#8220;4.20.4&#8243; _module_preset=&#8220;default&#8220; global_colors_info=&#8220;{}&#8220;][et_pb_image src=&#8220;https:\/\/pilatesport.is\/wp-content\/uploads\/2023\/06\/PPsalurfremri.jpg&#8220; title_text=&#8220;PPsalurfremri&#8220; _builder_version=&#8220;4.22.2&#8243; _module_preset=&#8220;default&#8220; global_colors_info=&#8220;{}&#8220;][\/et_pb_image][\/et_pb_column][\/et_pb_row][et_pb_row _builder_version=&#8220;4.22.2&#8243; _module_preset=&#8220;default&#8220; custom_padding=&#8220;||43px|||&#8220; global_colors_info=&#8220;{}&#8220;][et_pb_column type=&#8220;4_4&#8243; _builder_version=&#8220;4.20.4&#8243; _module_preset=&#8220;default&#8220; global_colors_info=&#8220;{}&#8220;][et_pb_testimonial author=&#8220;Joseph Pilates&#8220; quote_icon=&#8220;off&#8220; _builder_version=&#8220;4.22.2&#8243; _module_preset=&#8220;default&#8220; body_font=&#8220;Poppins|600|||||||&#8220; body_text_color=&#8220;#E09900&#8243; body_font_size=&#8220;32px&#8220; body_line_height=&#8220;0.9em&#8220; author_text_align=&#8220;center&#8220; use_background_color=&#8220;off&#8220; text_orientation=&#8220;center&#8220; custom_margin=&#8220;||||false|false&#8220; custom_padding=&#8220;2px|0px||3px|false|false&#8220; custom_css_main_element=&#8220;max-width: 620px;||margin-left: auto;||margin-right: auto;&#8220; custom_css_testimonial_author=&#8220;margin-top: 0px;&#8220; border_color_all_portrait=&#8220;#E09900&#8243; global_colors_info=&#8220;{}&#8220;]<\/p>\n<p class=\"p1\" style=\"text-align: center;\"><span style=\"color: #606060; font-size: large;\">\u00de\u00e9r l\u00ed\u00f0ur betur eftir t\u00edu lotur, l\u00edtur betur \u00fat eftir tuttugu lotur og f\u00e6r\u00f0 alveg n\u00fdjan l\u00edkama eftir \u00ferj\u00e1t\u00edu lotur.<\/span><\/p>\n<p>[\/et_pb_testimonial][\/et_pb_column][\/et_pb_row][\/et_pb_section]<\/p>\n","protected":false},"excerpt":{"rendered":"<p>Velkomin \u00ed Pilates Port Klass\u00edskt boutique Pilates st\u00fad\u00ed\u00f3 \u00ed hjarta Reykjav\u00edkur \u00fear sem l\u00f6g\u00f0 er \u00e1hersla \u00e1 a\u00f0 kenna klass\u00edskt Pilates eins og \u00fer\u00f3a\u00f0 var af frumkv\u00f6\u00f0linum Joseph Pilates.Allir kennarar Pilates Port eru me\u00f0 klass\u00edsk kennslur\u00e9ttindi.10 t\u00edma klippikort\u00a0H\u00f6fum hafi\u00f0 s\u00f6lu \u00e1 10 t\u00edma klippikort fyrir alla pilates i\u00f0kendur sem hafa teki\u00f0 grunnn\u00e1mskei\u00f0 hj\u00e1 Pilates Port. [&hellip;]<\/p>\n","protected":false},"author":1,"featured_media":0,"parent":0,"menu_order":0,"comment_status":"closed","ping_status":"closed","template":"","meta":{"_et_pb_use_builder":"on","_et_pb_old_content":"<!-- wp:activecampaign-form\/activecampaign-form-block {\"formId\":\"1\",\"useCss\":\"1\",\"hasRenderCallback\":true,\"migrationVersion\":1} \/-->","_et_gb_content_width":"","footnotes":""},"class_list":["post-31","page","type-page","status-publish","hentry"],"_links":{"self":[{"href":"https:\/\/pilatesport.is\/is\/wp-json\/wp\/v2\/pages\/31","targetHints":{"allow":["GET"]}}],"collection":[{"href":"https:\/\/pilatesport.is\/is\/wp-json\/wp\/v2\/pages"}],"about":[{"href":"https:\/\/pilatesport.is\/is\/wp-json\/wp\/v2\/types\/page"}],"author":[{"embeddable":true,"href":"https:\/\/pilatesport.is\/is\/wp-json\/wp\/v2\/users\/1"}],"replies":[{"embeddable":true,"href":"https:\/\/pilatesport.is\/is\/wp-json\/wp\/v2\/comments?post=31"}],"version-history":[{"count":602,"href":"https:\/\/pilatesport.is\/is\/wp-json\/wp\/v2\/pages\/31\/revisions"}],"predecessor-version":[{"id":4019,"href":"https:\/\/pilatesport.is\/is\/wp-json\/wp\/v2\/pages\/31\/revisions\/4019"}],"wp:attachment":[{"href":"https:\/\/pilatesport.is\/is\/wp-json\/wp\/v2\/media?parent=31"}],"curies":[{"name":"wp","href":"https:\/\/api.w.org\/{rel}","templated":true}]}}