{"id":40,"date":"2023-05-16T22:17:50","date_gmt":"2023-05-16T22:17:50","guid":{"rendered":"https:\/\/pilatesport.is\/?page_id=40"},"modified":"2025-10-06T08:28:55","modified_gmt":"2025-10-06T08:28:55","slug":"timatafla","status":"publish","type":"page","link":"https:\/\/pilatesport.is\/is\/timatafla\/","title":{"rendered":"T\u00edmatafla"},"content":{"rendered":"<p>[et_pb_section fb_built=&#8220;1&#8243; admin_label=&#8220;Classes&#8220; _builder_version=&#8220;4.22.2&#8243; _module_preset=&#8220;default&#8220; background_color=&#8220;#FFFFFF&#8220; da_disable_devices=&#8220;off|off|off&#8220; saved_tabs=&#8220;all&#8220; locked=&#8220;off&#8220; collapsed=&#8220;on&#8220; global_colors_info=&#8220;{}&#8220; da_is_popup=&#8220;off&#8220; da_exit_intent=&#8220;off&#8220; da_has_close=&#8220;on&#8220; da_alt_close=&#8220;off&#8220; da_dark_close=&#8220;off&#8220; da_not_modal=&#8220;on&#8220; da_is_singular=&#8220;off&#8220; da_with_loader=&#8220;off&#8220; da_has_shadow=&#8220;on&#8220;][et_pb_row _builder_version=&#8220;4.22.2&#8243; _module_preset=&#8220;default&#8220; global_colors_info=&#8220;{}&#8220;][et_pb_column type=&#8220;4_4&#8243; _builder_version=&#8220;4.22.2&#8243; _module_preset=&#8220;default&#8220; global_colors_info=&#8220;{}&#8220;][et_pb_heading title=&#8220;Viltu koma \u00ed Pilates \u00feegar \u00fe\u00e9r hentar?&#8220; _builder_version=&#8220;4.22.2&#8243; _module_preset=&#8220;default&#8220; title_text_align=&#8220;center&#8220; custom_margin=&#8220;||-9px|||&#8220; global_colors_info=&#8220;{}&#8220;][\/et_pb_heading][\/et_pb_column][\/et_pb_row][et_pb_row column_structure=&#8220;1_2,1_2&#8243; _builder_version=&#8220;4.22.2&#8243; _module_preset=&#8220;default&#8220; custom_padding=&#8220;38px|||||&#8220; global_colors_info=&#8220;{}&#8220;][et_pb_column type=&#8220;1_2&#8243; _builder_version=&#8220;4.22.2&#8243; _module_preset=&#8220;default&#8220; global_colors_info=&#8220;{}&#8220;][et_pb_heading title=&#8220;10 t\u00edma klippikort&#8220; _builder_version=&#8220;4.22.2&#8243; _module_preset=&#8220;default&#8220; title_font_size=&#8220;19px&#8220; custom_margin=&#8220;||6px|||&#8220; global_colors_info=&#8220;{}&#8220;][\/et_pb_heading][et_pb_heading _builder_version=&#8220;4.22.2&#8243; _module_preset=&#8220;default&#8220; custom_margin=&#8220;||9px|||&#8220; global_colors_info=&#8220;{}&#8220;][\/et_pb_heading][et_pb_text _builder_version=&#8220;4.22.2&#8243; _module_preset=&#8220;default&#8220; custom_margin=&#8220;-8px|||||&#8220; global_colors_info=&#8220;{}&#8220;]<\/p>\n<p>Haust klippikort Pilates Port gildir \u00ed alla opna t\u00edma \u00ed stundat\u00f6flu til 31. desember 2025. \u00dear sem Pilates er \u00e1vanabindandi \u00fe\u00e1 vitum vi\u00f0 a\u00f0 korti\u00f0 \u00feitt muni kl\u00e1rast fyrr svo \u00fe\u00e1 er bara a\u00f0 versla \u00fea\u00f0 aftur \u00e1 \u00feessum sama link \ud83d\ude42\u00a0<\/p>\n<p>&nbsp;<\/p>\n<div><\/div>\n<p>&nbsp;<\/p>\n<p>[\/et_pb_text][et_pb_button button_url=&#8220;https:\/\/www.abler.io\/shop\/pilatesport\/1\/product\/Q2x1YlNlcnZpY2U6NDM1MTQ=?&#8220; button_text=&#8220;KAUPA KLIPPIKORT&#8220; button_alignment=&#8220;center&#8220; _builder_version=&#8220;4.22.2&#8243; _module_preset=&#8220;default&#8220; global_colors_info=&#8220;{}&#8220;][\/et_pb_button][\/et_pb_column][et_pb_column type=&#8220;1_2&#8243; _builder_version=&#8220;4.22.2&#8243; _module_preset=&#8220;default&#8220; global_colors_info=&#8220;{}&#8220;][et_pb_heading title=&#8220;Opnir t\u00edmar \u00ed \u00e1skrift&#8220; _builder_version=&#8220;4.22.2&#8243; _module_preset=&#8220;default&#8220; title_font_size=&#8220;19px&#8220; custom_margin=&#8220;||6px|||&#8220; global_colors_info=&#8220;{}&#8220;][\/et_pb_heading][et_pb_text _builder_version=&#8220;4.22.2&#8243; _module_preset=&#8220;default&#8220; min_height=&#8220;98.2px&#8220; custom_margin=&#8220;||20px|||&#8220; custom_padding=&#8220;0px||0px|||&#8220; global_colors_info=&#8220;{}&#8220;]<\/p>\n<div id=\"abler-shop\">\n<div class=\"css-w1amky\">\n<div class=\"css-vooagt\">\n<div class=\"css-0\">\n<div class=\"chakra-container css-18pns8x\">\n<div class=\"css-1sq45r8\">\n<div class=\"sun-editor-editable\">\n<p>Haust\u00e1skrift \u00ed opna t\u00edma \u00ed stundat\u00f6flu \u00fear sem i\u00f0kenndur skr\u00e1 sig \u00ed gegnum Abler \u00ed opna t\u00edma a\u00f0 eigin vali. H\u00e6gt er a\u00f0 sko\u00f0a stundat\u00f6fluna h\u00e9r fyrir ne\u00f0an og einnig sj\u00e1 hva\u00f0a t\u00edmar eru \u00ed bo\u00f0i inn \u00e1 Abler. Innifali\u00f0 \u00ed \u00e1skriftinni eru\u00a0 samtals 32 t\u00edmar (8 t\u00edmar \u00e1 m\u00e1nu\u00f0i) yfir t\u00edmabili\u00f0 fr\u00e1 1. september til og me\u00f0 18. desember 2025. Hentar vel \u00feeim sem eru \u00e1 fer\u00f0inni \u00fear sem h\u00e6gt er a\u00f0 n\u00fdta t\u00edmana hven\u00e6r sem er yfir t\u00edmabili\u00f0\/\u00f6nnina 2025. H\u00e6gt a\u00f0 skipta grei\u00f0slum \u00ed fernt.<\/p>\n<\/div>\n<\/div>\n<\/div>\n<\/div>\n<\/div>\n<\/div>\n<\/div>\n<p>[\/et_pb_text][et_pb_button button_url=&#8220;https:\/\/www.abler.io\/shop\/pilatesport\/1\/product\/Q2x1YlNlcnZpY2U6NDQ0NTU=&#8220; button_text=&#8220;\u00c1SKRIFT \u00cd OPNA T\u00cdMA&#8220; button_alignment=&#8220;center&#8220; _builder_version=&#8220;4.22.2&#8243; _module_preset=&#8220;default&#8220; global_colors_info=&#8220;{}&#8220;][\/et_pb_button][\/et_pb_column][\/et_pb_row][et_pb_row _builder_version=&#8220;4.22.2&#8243; _module_preset=&#8220;default&#8220; global_colors_info=&#8220;{}&#8220;][et_pb_column type=&#8220;4_4&#8243; _builder_version=&#8220;4.20.4&#8243; _module_preset=&#8220;default&#8220; global_colors_info=&#8220;{}&#8220;][et_pb_image src=&#8220;https:\/\/pilatesport.is\/wp-content\/uploads\/2025\/10\/Stundatafla_v25.jpg&#8220; title_text=&#8220;Stundatafla_v25&#8243; _builder_version=&#8220;4.22.2&#8243; _module_preset=&#8220;default&#8220; custom_margin=&#8220;-14px|||||&#8220; hover_enabled=&#8220;0&#8243; global_colors_info=&#8220;{}&#8220; sticky_enabled=&#8220;0&#8243;][\/et_pb_image][et_pb_button button_url=&#8220;https:\/\/www.sportabler.com\/classes\/pilatesport?date&#8220; button_text=&#8220;SKR\u00c1\u00d0U \u00deIG H\u00c9R \u00cd T\u00cdMA&#8220; button_alignment=&#8220;center&#8220; button_alignment_last_edited=&#8220;off|desktop&#8220; _builder_version=&#8220;4.22.2&#8243; _module_preset=&#8220;31b4f027-aaa0-4f2f-ae02-959764e19e4f&#8220; custom_padding=&#8220;5px|20px|5px|20px|true|true&#8220; locked=&#8220;off&#8220; global_colors_info=&#8220;{}&#8220;][\/et_pb_button][\/et_pb_column][\/et_pb_row][et_pb_row _builder_version=&#8220;4.22.2&#8243; _module_preset=&#8220;default&#8220; custom_padding=&#8220;||0px|||&#8220; global_colors_info=&#8220;{}&#8220;][et_pb_column type=&#8220;4_4&#8243; _builder_version=&#8220;4.22.2&#8243; _module_preset=&#8220;default&#8220; global_colors_info=&#8220;{}&#8220;][et_pb_text _builder_version=&#8220;4.22.2&#8243; _module_preset=&#8220;default&#8220; custom_margin=&#8220;-26px|||||&#8220; global_colors_info=&#8220;{}&#8220;]<\/p>\n<p style=\"text-align: center;\">Muna a\u00f0 skr\u00e1 sig og afskr\u00e1 sig \u00ed t\u00edma \u00e1 Abler appinu. H\u00e1mark sex manns \u00ed hverjum t\u00edma.<\/p>\n<p>[\/et_pb_text][\/et_pb_column][\/et_pb_row][et_pb_row _builder_version=&#8220;4.22.2&#8243; _module_preset=&#8220;default&#8220; global_colors_info=&#8220;{}&#8220;][et_pb_column type=&#8220;4_4&#8243; _builder_version=&#8220;4.22.2&#8243; _module_preset=&#8220;default&#8220; global_colors_info=&#8220;{}&#8220;][et_pb_text _builder_version=&#8220;4.22.2&#8243; _module_preset=&#8220;default&#8220; global_colors_info=&#8220;{}&#8220;]<\/p>\n<p><span style=\"color: #afafaf;\"><a href=\"https:\/\/pilatesport.is\/is\/skilmalar\/'\" style=\"color: #afafaf;\">*Skilm\u00e1lar hj\u00e1 PP<\/a><\/span><\/p>\n<p>[\/et_pb_text][\/et_pb_column][\/et_pb_row][\/et_pb_section][et_pb_section fb_built=&#8220;1&#8243; _builder_version=&#8220;4.20.4&#8243; _module_preset=&#8220;default&#8220; background_color=&#8220;#efefef&#8220; da_disable_devices=&#8220;off|off|off&#8220; global_colors_info=&#8220;{}&#8220; da_is_popup=&#8220;off&#8220; da_exit_intent=&#8220;off&#8220; da_has_close=&#8220;on&#8220; da_alt_close=&#8220;off&#8220; da_dark_close=&#8220;off&#8220; da_not_modal=&#8220;on&#8220; da_is_singular=&#8220;off&#8220; da_with_loader=&#8220;off&#8220; da_has_shadow=&#8220;on&#8220;][et_pb_row _builder_version=&#8220;4.20.4&#8243; _module_preset=&#8220;default&#8220; global_colors_info=&#8220;{}&#8220;][et_pb_column type=&#8220;4_4&#8243; _builder_version=&#8220;4.20.4&#8243; _module_preset=&#8220;default&#8220; global_colors_info=&#8220;{}&#8220;][et_pb_text _builder_version=&#8220;4.20.4&#8243; _module_preset=&#8220;default&#8220; min_height=&#8220;349.7px&#8220; global_colors_info=&#8220;{}&#8220;]<\/p>\n<p>&nbsp;<\/p>\n<p style=\"text-align: center;\"><span><span style=\"font-size: x-large;\"><strong>Pilates Port notar skr\u00e1ningarkerfi Abler (fyrrum Sportabler)<\/strong><\/span><br \/>H\u00e6gt er a\u00f0 n\u00e1 \u00ed appi\u00f0 \u00ed Apple store e\u00f0a Google Play.<\/span><\/p>\n<p style=\"text-align: center;\"><span>Til a\u00f0 n\u00fdta n\u00fdja kerfi\u00f0 \u00feurfa notendur a\u00f0 skr\u00e1 sig inn me\u00f0 rafr\u00e6num skilr\u00edkum \u00ed appinu e\u00f0a \u00e1 vi\u00f0eigandi link <a href=\"https:\/\/www.sportabler.com\/shop\/pilatesport\" target=\"_blank\" rel=\"noopener noreferrer\">https:\/\/www.sportabler.com\/shop\/pilatesport<\/a> . <br \/>Um lei\u00f0 og \u00fe\u00fa lendir \u00fear velur \u00fe\u00fa innskr\u00e1 \u00ed Sportabler \u00ed h\u00e6gra horninu og getur skr\u00e1\u00f0 \u00feig inn me\u00f0 rafr\u00e6num skilr\u00edkjum.<\/span><\/p>\n<p style=\"text-align: center;\"><strong>Til a\u00f0 b\u00f3ka t\u00edma \u00ed appinu:<\/strong><br \/><span>Sportabler appi\u00f0 opna\u00f0 &#8211; fari\u00f0 \u00e1 heimaskj\u00e1inn e\u00f0a smellt \u00e1 h\u00fasi\u00f0 sem er ne\u00f0st vinstra megin \u00e1 skj\u00e1num.<\/span><br \/><span>Smellt \u00e1 \u201cB\u00f3ka t\u00edma\u201d uppi \u00ed h\u00e6gra horninu &#8211; \u00fe\u00e1 opnast t\u00edmataflan.<\/span><br \/><span>Smellt \u00e1 ,,B\u00f3ka\u2018\u2018 hnappinn hj\u00e1 \u00e6fingunni sem \u00fe\u00fa vilt skr\u00e1 \u00feig \u00ed &#8211; t\u00edminn birtist \u00fe\u00e1 \u00ed appinu \u00fe\u00ednu.<\/span><\/p>\n<p style=\"text-align: center;\">\n<p style=\"text-align: center;\">\n<p>[\/et_pb_text][\/et_pb_column][\/et_pb_row][\/et_pb_section]<\/p>\n","protected":false},"excerpt":{"rendered":"<p>Haust klippikort Pilates Port gildir \u00ed alla opna t\u00edma \u00ed stundat\u00f6flu til 31. desember 2025. \u00dear sem Pilates er \u00e1vanabindandi \u00fe\u00e1 vitum vi\u00f0 a\u00f0 korti\u00f0 \u00feitt muni kl\u00e1rast fyrr svo \u00fe\u00e1 er bara a\u00f0 versla \u00fea\u00f0 aftur \u00e1 \u00feessum sama link \ud83d\ude42\u00a0 &nbsp; &nbsp; Haust\u00e1skrift \u00ed opna t\u00edma \u00ed stundat\u00f6flu \u00fear sem i\u00f0kenndur skr\u00e1 sig [&hellip;]<\/p>\n","protected":false},"author":1,"featured_media":0,"parent":0,"menu_order":0,"comment_status":"closed","ping_status":"closed","template":"","meta":{"_et_pb_use_builder":"on","_et_pb_old_content":"","_et_gb_content_width":"","footnotes":""},"class_list":["post-40","page","type-page","status-publish","hentry"],"_links":{"self":[{"href":"https:\/\/pilatesport.is\/is\/wp-json\/wp\/v2\/pages\/40","targetHints":{"allow":["GET"]}}],"collection":[{"href":"https:\/\/pilatesport.is\/is\/wp-json\/wp\/v2\/pages"}],"about":[{"href":"https:\/\/pilatesport.is\/is\/wp-json\/wp\/v2\/types\/page"}],"author":[{"embeddable":true,"href":"https:\/\/pilatesport.is\/is\/wp-json\/wp\/v2\/users\/1"}],"replies":[{"embeddable":true,"href":"https:\/\/pilatesport.is\/is\/wp-json\/wp\/v2\/comments?post=40"}],"version-history":[{"count":74,"href":"https:\/\/pilatesport.is\/is\/wp-json\/wp\/v2\/pages\/40\/revisions"}],"predecessor-version":[{"id":3605,"href":"https:\/\/pilatesport.is\/is\/wp-json\/wp\/v2\/pages\/40\/revisions\/3605"}],"wp:attachment":[{"href":"https:\/\/pilatesport.is\/is\/wp-json\/wp\/v2\/media?parent=40"}],"curies":[{"name":"wp","href":"https:\/\/api.w.org\/{rel}","templated":true}]}}